{"id":3525,"date":"2024-08-13T08:20:32","date_gmt":"2024-08-13T07:20:32","guid":{"rendered":"https:\/\/www.instop.biz\/blog\/carrito\/"},"modified":"2024-09-27T08:14:05","modified_gmt":"2024-09-27T07:14:05","slug":"carrito","status":"publish","type":"page","link":"https:\/\/www.instop.biz\/blog\/carrito\/","title":{"rendered":"Carrito"},"content":{"rendered":"\n<div data-block-name=\"woocommerce\/cart\" class=\"wp-block-woocommerce-cart alignwide is-loading\">\n<div data-block-name=\"woocommerce\/filled-cart-block\" class=\"wp-block-woocommerce-filled-cart-block\">\n<div data-block-name=\"woocommerce\/cart-items-block\" class=\"wp-block-woocommerce-cart-items-block\">\n<div data-block-name=\"woocommerce\/cart-line-items-block\" class=\"wp-block-woocommerce-cart-line-items-block\"><\/div>\n\n\n\n<div data-block-name=\"woocommerce\/cart-cross-sells-block\" class=\"wp-block-woocommerce-cart-cross-sells-block\">\n<h2 class=\"wp-block-heading has-large-font-size\">Puede que te interese\u2026<\/h2>\n\n\n\n<div data-block-name=\"woocommerce\/cart-cross-sells-products-block\" class=\"wp-block-woocommerce-cart-cross-sells-products-block\"><\/div>\n<\/div>\n<\/div>\n\n\n\n<div data-block-name=\"woocommerce\/cart-totals-block\" class=\"wp-block-woocommerce-cart-totals-block\">\n<div data-block-name=\"woocommerce\/cart-order-summary-block\" class=\"wp-block-woocommerce-cart-order-summary-block\">\n<div data-block-name=\"woocommerce\/cart-order-summary-heading-block\" class=\"wp-block-woocommerce-cart-order-summary-heading-block\"><\/div><div data-block-name=\"woocommerce\/cart-order-summary-coupon-form-block\" class=\"wp-block-woocommerce-cart-order-summary-coupon-form-block\"><\/div><div data-block-name=\"woocommerce\/cart-order-summary-totals-block\" class=\"wp-block-woocommerce-cart-order-summary-totals-block\">\n<div data-block-name=\"woocommerce\/cart-order-summary-subtotal-block\" class=\"wp-block-woocommerce-cart-order-summary-subtotal-block\"><\/div>\n<div data-block-name=\"woocommerce\/cart-order-summary-discount-block\" class=\"wp-block-woocommerce-cart-order-summary-discount-block\"><\/div>\n<div data-block-name=\"woocommerce\/cart-order-summary-fee-block\" class=\"wp-block-woocommerce-cart-order-summary-fee-block\"><\/div>\n<div data-block-name=\"woocommerce\/cart-order-summary-shipping-block\" class=\"wp-block-woocommerce-cart-order-summary-shipping-block\"><\/div>\n<div data-block-name=\"woocommerce\/cart-order-summary-taxes-block\" class=\"wp-block-woocommerce-cart-order-summary-taxes-block\"><\/div><\/div>\n<\/div>\n\n\n\n<div data-block-name=\"woocommerce\/cart-express-payment-block\" class=\"wp-block-woocommerce-cart-express-payment-block\"><\/div>\n\n\n\n<div data-block-name=\"woocommerce\/proceed-to-checkout-block\" class=\"wp-block-woocommerce-proceed-to-checkout-block\"><\/div>\n\n\n\n<div data-block-name=\"woocommerce\/cart-accepted-payment-methods-block\" class=\"wp-block-woocommerce-cart-accepted-payment-methods-block\"><\/div>\n<\/div>\n<\/div>\n\n\n\n<div data-block-name=\"woocommerce\/empty-cart-block\" class=\"wp-block-woocommerce-empty-cart-block\">\n<h2 class=\"wp-block-heading has-text-align-center with-empty-cart-icon wc-block-cart__empty-cart__title\">\u00a1Tu carrito est\u00e1 actualmente vac\u00edo!<\/h2>\n\n\n\n<hr class=\"wp-block-separator has-alpha-channel-opacity is-style-dots\"\/>\n\n\n\n<h2 class=\"wp-block-heading has-text-align-center\">Nuevo en la tienda<\/h2>\n\n\n<div data-block-name=\"woocommerce\/product-new\" data-columns=\"4\" data-rows=\"1\" class=\"wc-block-grid wp-block-product-new wp-block-woocommerce-product-new wc-block-product-new has-4-columns\"><ul class=\"wc-block-grid__products\"><li class=\"wc-block-grid__product\">\n\t\t\t\t<a href=\"https:\/\/www.instop.biz\/blog\/producto\/\" class=\"wc-block-grid__product-link\">\n\t\t\t\t\t\n\t\t\t\t\t<div class=\"wc-block-grid__product-image\"><img loading=\"lazy\" decoding=\"async\" width=\"300\" height=\"300\" src=\"https:\/\/www.instop.biz\/blog\/wp-content\/uploads\/woocommerce-placeholder-300x300.png\" class=\"woocommerce-placeholder wp-post-image\" alt=\"\" srcset=\"https:\/\/www.instop.biz\/blog\/wp-content\/uploads\/woocommerce-placeholder-300x300.png 300w, https:\/\/www.instop.biz\/blog\/wp-content\/uploads\/woocommerce-placeholder-100x100.png 100w, https:\/\/www.instop.biz\/blog\/wp-content\/uploads\/woocommerce-placeholder-600x600.png 600w, https:\/\/www.instop.biz\/blog\/wp-content\/uploads\/woocommerce-placeholder-1024x1024.png 1024w, https:\/\/www.instop.biz\/blog\/wp-content\/uploads\/woocommerce-placeholder-150x150.png 150w, https:\/\/www.instop.biz\/blog\/wp-content\/uploads\/woocommerce-placeholder-768x768.png 768w, https:\/\/www.instop.biz\/blog\/wp-content\/uploads\/woocommerce-placeholder.png 1200w\" sizes=\"auto, (max-width: 300px) 100vw, 300px\" \/><\/div>\n\t\t\t\t\t<div class=\"wc-block-grid__product-title\">Cyclone BASIC Permanent<\/div>\n\t\t\t\t<\/a>\n\t\t\t\t<div class=\"wc-block-grid__product-price price\"><\/div>\n\t\t\t\t\n\t\t\t\t<div class=\"wp-block-button wc-block-grid__product-add-to-cart\"><a href=\"https:\/\/www.instop.biz\/blog\/producto\/\" aria-label=\"Lee m\u00e1s sobre &ldquo;Cyclone BASIC Permanent&rdquo;\" data-quantity=\"1\" data-product_id=\"4434\" data-product_sku=\"798749\" data-price=\"0\" rel=\"nofollow\" class=\"wp-block-button__link  add_to_cart_button\">Leer m\u00e1s<\/a><\/div>\n\t\t\t<\/li><li class=\"wc-block-grid__product\">\n\t\t\t\t<a href=\"https:\/\/www.instop.biz\/blog\/producto\/dji-matrice-350-rtk-con-1yr-care\/\" class=\"wc-block-grid__product-link\">\n\t\t\t\t\t\n\t\t\t\t\t<div class=\"wc-block-grid__product-image\"><img loading=\"lazy\" decoding=\"async\" width=\"300\" height=\"300\" src=\"https:\/\/www.instop.biz\/blog\/wp-content\/uploads\/2024\/10\/M350-02_1024x10241-300x300.webp\" class=\"attachment-woocommerce_thumbnail size-woocommerce_thumbnail\" alt=\"DJI Matrice 350 RTK con 1yr CARE\" srcset=\"https:\/\/www.instop.biz\/blog\/wp-content\/uploads\/2024\/10\/M350-02_1024x10241-300x300.webp 300w, https:\/\/www.instop.biz\/blog\/wp-content\/uploads\/2024\/10\/M350-02_1024x10241-150x150.webp 150w, https:\/\/www.instop.biz\/blog\/wp-content\/uploads\/2024\/10\/M350-02_1024x10241-100x100.webp 100w\" sizes=\"auto, (max-width: 300px) 100vw, 300px\" \/><\/div>\n\t\t\t\t\t<div class=\"wc-block-grid__product-title\">DJI Matrice 350 RTK con 1yr CARE<\/div>\n\t\t\t\t<\/a>\n\t\t\t\t<div class=\"wc-block-grid__product-price price\"><\/div>\n\t\t\t\t\n\t\t\t\t<div class=\"wp-block-button wc-block-grid__product-add-to-cart\"><a href=\"https:\/\/www.instop.biz\/blog\/producto\/dji-matrice-350-rtk-con-1yr-care\/\" aria-label=\"Lee m\u00e1s sobre &ldquo;DJI Matrice 350 RTK con 1yr CARE&rdquo;\" data-quantity=\"1\" data-product_id=\"4417\" data-product_sku=\"54389211\" data-price=\"0\" rel=\"nofollow\" class=\"wp-block-button__link  add_to_cart_button\">Leer m\u00e1s<\/a><\/div>\n\t\t\t<\/li><li class=\"wc-block-grid__product\">\n\t\t\t\t<a href=\"https:\/\/www.instop.biz\/blog\/producto\/tripode-leica-ctc290-elevador-de-aluminio-290cm\/\" class=\"wc-block-grid__product-link\">\n\t\t\t\t\t\n\t\t\t\t\t<div class=\"wc-block-grid__product-image\"><img loading=\"lazy\" decoding=\"async\" width=\"300\" height=\"300\" src=\"https:\/\/www.instop.biz\/blog\/wp-content\/uploads\/2024\/10\/leica-ctc290-tripod1-300x300.jpg\" class=\"attachment-woocommerce_thumbnail size-woocommerce_thumbnail\" alt=\"Tr\u00edpode Leica CTC290 Elevador, de Aluminio 290cm\" srcset=\"https:\/\/www.instop.biz\/blog\/wp-content\/uploads\/2024\/10\/leica-ctc290-tripod1-300x300.jpg 300w, https:\/\/www.instop.biz\/blog\/wp-content\/uploads\/2024\/10\/leica-ctc290-tripod1-150x150.jpg 150w, https:\/\/www.instop.biz\/blog\/wp-content\/uploads\/2024\/10\/leica-ctc290-tripod1-768x768.jpg 768w, https:\/\/www.instop.biz\/blog\/wp-content\/uploads\/2024\/10\/leica-ctc290-tripod1-600x600.jpg 600w, https:\/\/www.instop.biz\/blog\/wp-content\/uploads\/2024\/10\/leica-ctc290-tripod1-100x100.jpg 100w, https:\/\/www.instop.biz\/blog\/wp-content\/uploads\/2024\/10\/leica-ctc290-tripod1.jpg 800w\" sizes=\"auto, (max-width: 300px) 100vw, 300px\" \/><\/div>\n\t\t\t\t\t<div class=\"wc-block-grid__product-title\">Tr\u00edpode Leica CTC290 Elevador, de Aluminio 290cm<\/div>\n\t\t\t\t<\/a>\n\t\t\t\t<div class=\"wc-block-grid__product-price price\"><\/div>\n\t\t\t\t\n\t\t\t\t<div class=\"wp-block-button wc-block-grid__product-add-to-cart\"><a href=\"https:\/\/www.instop.biz\/blog\/producto\/tripode-leica-ctc290-elevador-de-aluminio-290cm\/\" aria-label=\"Lee m\u00e1s sobre &ldquo;Tr\u00edpode Leica CTC290 Elevador, de Aluminio 290cm&rdquo;\" data-quantity=\"1\" data-product_id=\"4413\" data-product_sku=\"866196\" data-price=\"0\" rel=\"nofollow\" class=\"wp-block-button__link  add_to_cart_button\">Leer m\u00e1s<\/a><\/div>\n\t\t\t<\/li><li class=\"wc-block-grid__product\">\n\t\t\t\t<a href=\"https:\/\/www.instop.biz\/blog\/producto\/tripode-leica-cet103-de-aluminio-multifuncion\/\" class=\"wc-block-grid__product-link\">\n\t\t\t\t\t\n\t\t\t\t\t<div class=\"wc-block-grid__product-image\"><img loading=\"lazy\" decoding=\"async\" width=\"300\" height=\"300\" src=\"https:\/\/www.instop.biz\/blog\/wp-content\/uploads\/2024\/10\/7680331-300x300.jpg\" class=\"attachment-woocommerce_thumbnail size-woocommerce_thumbnail\" alt=\"Tr\u00edpode Leica CET103 de aluminio multifunci\u00f3n\" srcset=\"https:\/\/www.instop.biz\/blog\/wp-content\/uploads\/2024\/10\/7680331-300x300.jpg 300w, https:\/\/www.instop.biz\/blog\/wp-content\/uploads\/2024\/10\/7680331-150x150.jpg 150w, https:\/\/www.instop.biz\/blog\/wp-content\/uploads\/2024\/10\/7680331-600x600.jpg 600w, https:\/\/www.instop.biz\/blog\/wp-content\/uploads\/2024\/10\/7680331-100x100.jpg 100w, https:\/\/www.instop.biz\/blog\/wp-content\/uploads\/2024\/10\/7680331.jpg 650w\" sizes=\"auto, (max-width: 300px) 100vw, 300px\" \/><\/div>\n\t\t\t\t\t<div class=\"wc-block-grid__product-title\">Tr\u00edpode Leica CET103 de aluminio multifunci\u00f3n<\/div>\n\t\t\t\t<\/a>\n\t\t\t\t<div class=\"wc-block-grid__product-price price\"><\/div>\n\t\t\t\t\n\t\t\t\t<div class=\"wp-block-button wc-block-grid__product-add-to-cart\"><a href=\"https:\/\/www.instop.biz\/blog\/producto\/tripode-leica-cet103-de-aluminio-multifuncion\/\" aria-label=\"Lee m\u00e1s sobre &ldquo;Tr\u00edpode Leica CET103 de aluminio multifunci\u00f3n&rdquo;\" data-quantity=\"1\" data-product_id=\"4411\" data-product_sku=\"768033\" data-price=\"0\" rel=\"nofollow\" class=\"wp-block-button__link  add_to_cart_button\">Leer m\u00e1s<\/a><\/div>\n\t\t\t<\/li><\/ul><\/div><\/div>\n<\/div>\n","protected":false},"excerpt":{"rendered":"","protected":false},"author":1,"featured_media":0,"parent":0,"menu_order":0,"comment_status":"closed","ping_status":"closed","template":"","meta":{"site-container-style":"default","site-container-layout":"default","site-sidebar-layout":"default","disable-article-header":"default","disable-site-header":"default","disable-site-footer":"default","disable-content-area-spacing":"default","footnotes":""},"class_list":["post-3525","page","type-page","status-publish","hentry"],"aioseo_notices":[],"_links":{"self":[{"href":"https:\/\/www.instop.biz\/blog\/wp-json\/wp\/v2\/pages\/3525","targetHints":{"allow":["GET"]}}],"collection":[{"href":"https:\/\/www.instop.biz\/blog\/wp-json\/wp\/v2\/pages"}],"about":[{"href":"https:\/\/www.instop.biz\/blog\/wp-json\/wp\/v2\/types\/page"}],"author":[{"embeddable":true,"href":"https:\/\/www.instop.biz\/blog\/wp-json\/wp\/v2\/users\/1"}],"replies":[{"embeddable":true,"href":"https:\/\/www.instop.biz\/blog\/wp-json\/wp\/v2\/comments?post=3525"}],"version-history":[{"count":1,"href":"https:\/\/www.instop.biz\/blog\/wp-json\/wp\/v2\/pages\/3525\/revisions"}],"predecessor-version":[{"id":4232,"href":"https:\/\/www.instop.biz\/blog\/wp-json\/wp\/v2\/pages\/3525\/revisions\/4232"}],"wp:attachment":[{"href":"https:\/\/www.instop.biz\/blog\/wp-json\/wp\/v2\/media?parent=3525"}],"curies":[{"name":"wp","href":"https:\/\/api.w.org\/{rel}","templated":true}]}}