{"id":3631,"date":"2024-08-16T17:06:05","date_gmt":"2024-08-16T16:06:05","guid":{"rendered":"https:\/\/www.instop.biz\/blog\/?page_id=3631"},"modified":"2024-08-22T11:59:56","modified_gmt":"2024-08-22T10:59:56","slug":"leica-blk","status":"publish","type":"page","link":"https:\/\/www.instop.biz\/blog\/guia\/escaneres-3d-leica\/leica-blk\/","title":{"rendered":"Los factores Leica BLK esc\u00e1neres 3D"},"content":{"rendered":"<h1>Leica BLK: captura de la realidad para todos<\/h1>\n<p>La serie galardonada de sensores de captura de la realidad Leica BLK se ha dise\u00f1ado para democratizar la captura de la realidad en todo el mundo. Desde esc\u00e1neres l\u00e1ser de mano y port\u00e1tiles a dispositivos aut\u00f3nomos de captura de la realidad, los sensores BLK contienen tecnolog\u00eda avanzada en dise\u00f1os sencillos y elegantes que combinan portabilidad, alta calidad y facilidad de uso. Leica BLK, con precios asequibles para usuarios de diversos campos y sectores de todo el planeta, es sin\u00f3nimo de captura de la realidad para todos.<\/p>\n<p>&nbsp;<\/p>\n<div class=\"lb-column lb-column--second\">\n<div class=\"c-wysiwyg o-text-area u-border u-border__color--white t-background--transparent-black c-wysiwyg--rounded\">\n<h2><span class=\"u-fw__thin\">La historia del BLK <\/span><\/h2>\n<p>Aunque la historia de innovaci\u00f3n suiza aplicada a la creaci\u00f3n de herramientas de medici\u00f3n de precisi\u00f3n de Leica Geosystems suma ya doscientos a\u00f1os, la serie de esc\u00e1neres l\u00e1ser BLK naci\u00f3 en 2016 con la introducci\u00f3n del BLK360. Con su incre\u00edble sencillez, que lo hace accesible para los usuarios que dan sus primeros pasos en el \u00e1mbito de la captura de la realidad, el BLK360 permiti\u00f3 a Leica Geosystems explorar nuevos campos, sectores y usos del escaneado l\u00e1ser. Ahora, los usuarios nuevos de todo el mundo, tanto de sectores tradicionales como el de la arquitectura, la ingenier\u00eda y la construcci\u00f3n como de \u00e1mbitos novedosos como los medios de comunicaci\u00f3n y la industria del entretenimiento, conf\u00edan en Leica BLK para sus necesidades de captura de la realidad.<\/p>\n<p>&nbsp;<\/p>\n<h2>Instop y el BLK<\/h2>\n<p>Nuestra empresa es extremadamente \u00e1gil y flexible y le ayudar\u00e1 a desarrollar sus proyectos:<\/p>\n<ul>\n<li>Disponemos del mayor parque de alquiler del sur de Europa para entregar el material que necesita en un plazo de 24-48 horas.<\/li>\n<li>Disponemos tambi\u00e9n de un gran servicio t\u00e9cnico oficial de Leica Geosystems<\/li>\n<li>Nuestra plantilla est\u00e1 formada por ingenieros y especialistas que le podr\u00e1n dar soporte t\u00e9cnico al m\u00e1ximo nivel.<\/li>\n<\/ul>\n<\/div>\n<p>&nbsp;<\/p>\n<div class=\"c-wysiwyg o-text-area u-border u-border__color--white t-background--transparent-black c-wysiwyg--rounded\">\n<div class=\"lb-column lb-column--first\">\n<div class=\"c-wysiwyg o-text-area\">\n<h2><span class=\"u-fw__thin\">Galardonado<\/span><\/h2>\n<p>La serie Leica BLK ha contado con el reconocimiento del sector desde el lanzamiento del BLK360. A\u00fana sencillez, facilidad de uso y un dise\u00f1o de alta calidad, lo que le ha valido numerosos premios de la industria. Casi todos los sensores BLK se han hecho con el galard\u00f3n a la Mejor innovaci\u00f3n en los CES Awards desde 2016 y han recibido otros premios como los de Red Dot Design Awards, PIE Prism Awards e iF Design Awards, adem\u00e1s del reconocimiento del BLK2FLY como finalista en la edici\u00f3n de 2022 de SXSW Innovation Awards.<\/p>\n<\/div>\n<div class=\"layout--one-column layout--full-width-media lb-columns--single lb-align__vertical--middle lb-align__horizontal--right lb-spacing__top--default lb-spacing__bottom--default lb-columns__width--50 lb-container__size--default lb-row__height--21-9 u-hide--xs u-hide--sm u-hide--md\">\n<div class=\"layout-content\">\n<div class=\"lb-column lb-column--first\">\n<div class=\"c-wysiwyg o-text-area u-border u-border__color--white t-background--transparent-black c-wysiwyg--rounded\">\n<h2><span class=\"u-fw__thin\">Hexagon<\/span><\/h2>\n<h4><span class=\"u-fw__thin\">Tecnolog\u00eda para impulsar un futuro aut\u00f3nomo<\/span><\/h4>\n<p>La serie Leica BLK impulsa la iniciativa clave de Hexagon: construir un futuro en el que la empresa, la industria y la humanidad puedan prosperar de forma sostenible. La tecnolog\u00eda de captura de la realidad aut\u00f3noma, como el BLK2FLY y el BLK ARC, permite a las empresas y las comunidades acceder a an\u00e1lisis y captura de datos en tiempo real y a flujos de trabajo totalmente automatizados que reducen sustancialmente los costes, eliminan los residuos y dan m\u00e1s libertad a los usuarios para hacer realidad su visi\u00f3n del futuro.<\/p>\n<\/div>\n<div class=\"layout--one-column layout--full-width-media lb-columns--single lb-align__vertical--middle lb-align__horizontal--center lb-spacing__top--default lb-spacing__bottom--default lb-columns__width--67 lb-container__size--default lb-row__height--100 lb-bg__image--fixed u-hide--xs u-hide--sm u-hide--md\">\n<div class=\"layout-content\">\n<div class=\"lb-column lb-column--first\">\n<div class=\"c-wysiwyg o-text-area u-border u-border__color--white t-background--transparent-black c-wysiwyg--rounded\">\n<h2 class=\"text-align-center\"><span class=\"u-fw__thin\">Tecnolog\u00eda<\/span><\/h2>\n<p>La tecnolog\u00eda de captura de la realidad de BLK incluye esc\u00e1neres l\u00e1ser port\u00e1tiles de alta velocidad, vigilancia 3D inteligente en tiempo real, esc\u00e1neres UAV aut\u00f3nomos y m\u00f3dulos rob\u00f3ticos de escaneado. Nuestra tecnolog\u00eda siempre combina la facilidad de uso con la eficacia y la precisi\u00f3n para responder a las necesidades de los profesionales del escaneado l\u00e1ser. Aunque los esc\u00e1neres BLK pueden parecer sencillos, contienen tecnolog\u00eda avanzada de captura de la realidad, como SLAM (Simultaneous Localization and Mapping), fusi\u00f3n de sensores y escaneado aut\u00f3nomo, y hacen que el uso de esas tecnolog\u00edas resulte f\u00e1cil para todos.<\/p>\n<\/div>\n<\/div>\n<\/div>\n<\/div>\n<\/div>\n<\/div>\n<\/div>\n<\/div>\n<\/div>\n<\/div>\n<h2><span class=\"u-fw__thin\">BLK y Reality Cloud Studio, con tecnolog\u00eda HxDR<\/span><\/h2>\n<p>Los datos de los sensores BLK se pueden cargar en <a class=\"o-link o-link--not-active \" href=\"https:\/\/hxdr.com\/\">Reality Cloud Studio, con tecnolog\u00eda HxDR<\/a>, nuestra plataforma en la nube para el almacenamiento de datos de captura de la realidad, la visualizaci\u00f3n y la colaboraci\u00f3n. Reality Cloud Studio permite a los usuarios de BLK trabajar con sus propios modelos 3D en Reality Cloud Studio, almacenarlos en la plataforma y compartir sus datos y proyectos con otras personas en cualquier lugar del mundo para mantener actualizada la informaci\u00f3n relativa al trabajo. Cuando se usan conjuntamente, los sensores BLK y Reality Cloud Studio permiten a los usuarios crear sus propias realidades digitales inteligentes y generar gemelos digitales que representan nuestro mundo y nos ayudan a dise\u00f1ar soluciones inteligentes para impulsar la innovaci\u00f3n y la sostenibilidad.<\/p>\n<p>&nbsp;<\/p>\n<div class=\"c-wysiwyg o-text-area\">\n<h2 class=\"text-align-center\"><span class=\"u-fw__thin\">AUTONOM\u00cdA DE BLK<\/span><\/h2>\n<\/div>\n<div class=\"c-wysiwyg o-text-area\">\n<p class=\"text-align-center\">En el oto\u00f1o de 2021, Leica BLK introdujo en su cartera de soluciones los sensores y flujos de trabajo de captura de la realidad aut\u00f3noma: el Leica BLK2FLY y el Leica BLK ARC. Desde los esc\u00e1neres l\u00e1ser voladores a la captura de la realidad en soportes rob\u00f3ticos, la autonom\u00eda de BLK da a nuestros clientes una mayor libertad para capturar el mundo y escanear lo que necesitan, vayan a donde vayan. Con la captura de la realidad totalmente aut\u00f3noma basada en el escaneado l\u00e1ser y el procesamiento de datos, pueden crear productos finales de alta calidad, informaci\u00f3n precisa y experiencias inmersivas.<\/p>\n<\/div>\n<h2><span class=\"u-fw__thin\">Sectores<\/span><\/h2>\n<p>Entre los usuarios de BLK se cuentan profesionales de sectores como la construcci\u00f3n, la topograf\u00eda y la ingenier\u00eda y nuevos usuarios de los campos de los medios de comunicaci\u00f3n y la industria del entretenimiento, la realidad virtual y aumentada, la arquitectura, la seguridad p\u00fablica y la conservaci\u00f3n del patrimonio cultural. Estos profesionales recurren a la tecnolog\u00eda de BLK para acceder a la captura de la realidad, mejorar la precisi\u00f3n y la eficiencia, dejar atr\u00e1s a la competencia y ampliar los l\u00edmites de lo posible en su trabajo. Lea algunos de los casos pr\u00e1cticos para verlo por s\u00ed mismo.<\/p>\n<p><img decoding=\"async\" src=\"https:\/\/www.instop.es\/scanner-3d\/i\/3275-011-4-9.jpg\" \/><\/p>\n","protected":false},"excerpt":{"rendered":"<p>Leica BLK: captura de la realidad para todos La serie galardonada de sensores de captura de la realidad Leica BLK [&hellip;]<\/p>\n","protected":false},"author":1,"featured_media":0,"parent":3547,"menu_order":0,"comment_status":"closed","ping_status":"closed","template":"","meta":{"site-container-style":"default","site-container-layout":"default","site-sidebar-layout":"default","disable-article-header":"default","disable-site-header":"default","disable-site-footer":"default","disable-content-area-spacing":"default","footnotes":""},"class_list":["post-3631","page","type-page","status-publish","hentry"],"aioseo_notices":[],"_links":{"self":[{"href":"https:\/\/www.instop.biz\/blog\/wp-json\/wp\/v2\/pages\/3631","targetHints":{"allow":["GET"]}}],"collection":[{"href":"https:\/\/www.instop.biz\/blog\/wp-json\/wp\/v2\/pages"}],"about":[{"href":"https:\/\/www.instop.biz\/blog\/wp-json\/wp\/v2\/types\/page"}],"author":[{"embeddable":true,"href":"https:\/\/www.instop.biz\/blog\/wp-json\/wp\/v2\/users\/1"}],"replies":[{"embeddable":true,"href":"https:\/\/www.instop.biz\/blog\/wp-json\/wp\/v2\/comments?post=3631"}],"version-history":[{"count":9,"href":"https:\/\/www.instop.biz\/blog\/wp-json\/wp\/v2\/pages\/3631\/revisions"}],"predecessor-version":[{"id":3707,"href":"https:\/\/www.instop.biz\/blog\/wp-json\/wp\/v2\/pages\/3631\/revisions\/3707"}],"up":[{"embeddable":true,"href":"https:\/\/www.instop.biz\/blog\/wp-json\/wp\/v2\/pages\/3547"}],"wp:attachment":[{"href":"https:\/\/www.instop.biz\/blog\/wp-json\/wp\/v2\/media?parent=3631"}],"curies":[{"name":"wp","href":"https:\/\/api.w.org\/{rel}","templated":true}]}}