{"id":3686,"date":"2024-08-20T13:10:25","date_gmt":"2024-08-20T12:10:25","guid":{"rendered":"https:\/\/www.instop.biz\/blog\/?page_id=3686"},"modified":"2024-09-03T13:54:36","modified_gmt":"2024-09-03T12:54:36","slug":"guia","status":"publish","type":"page","link":"https:\/\/www.instop.biz\/blog\/guia\/","title":{"rendered":"Productos"},"content":{"rendered":"<p>&nbsp;<\/p>\n<ul>\n<li>\n<h1><a href=\"https:\/\/www.instop.biz\/blog\/como-elegir-una-estacion-total\/\">Estaciones totales Leica<\/a><\/h1>\n<ul>\n<li><a href=\"https:\/\/www.instop.biz\/blog\/que-es-una-estacion-total-y-para-que-sirve\/\">\u00bfQu\u00e9 es una estaci\u00f3n total y para qu\u00e9 sirve?<\/a><\/li>\n<li>\n<h3>Estaciones totales manuales<\/h3>\n<ul>\n<li>\n<h3><a href=\"https:\/\/www.instop.es\/estacion-total\/leica-flexline-plus.php\"><strong>Serie Flexline<\/strong><\/a><\/h3>\n<ul>\n<li><a href=\"https:\/\/www.instop.biz\/blog\/leica-flexline-ts06-plus\/\">TS03<\/a><\/li>\n<li><a href=\"https:\/\/movil.instop.es\/product.php?REF=TS07\">TS07<\/a><\/li>\n<li><a href=\"https:\/\/www.instop.biz\/blog\/producto\/estacion-total-leica-flexline-ts10\/\">TS10<\/a><\/li>\n<\/ul>\n<\/li>\n<li>\n<h3><a href=\"https:\/\/www.instop.biz\/blog\/estaciones-totales-robotizadas\/\"><strong>Estaciones totales robotizadas<\/strong><\/a><\/h3>\n<ul>\n<li><a href=\"https:\/\/www.instop.biz\/blog\/estacion-total-robotizada-leica-ts13\/\">TS13<\/a><\/li>\n<li><a href=\"https:\/\/www.instop.biz\/blog\/estacion-total-leica-viva-ts16\/\">TS16<\/a><\/li>\n<li><a href=\"https:\/\/www.instop.biz\/blog\/estacion-alta-precision-leica-ts60\/\">TS60<\/a><\/li>\n<\/ul>\n<\/li>\n<\/ul>\n<\/li>\n<\/ul>\n<\/li>\n<li>\n<h1><a href=\"https:\/\/www.instop.biz\/blog\/guia\/escaneres-3d-leica\/\">Esc\u00e1ners 3D Leica<\/a><\/h1>\n<ul>\n<li>\n<h2><a href=\"https:\/\/www.instop.biz\/blog\/guia\/escaneres-3d-leica\/productos-blk\/\"><strong>Leica BLK<\/strong><\/a><\/h2>\n<ul>\n<li><a href=\"https:\/\/www.instop.biz\/blog\/edidor-3d-leica-blk3d\/\">Leica BLK3D<\/a><\/li>\n<li><a href=\"https:\/\/movil.instop.es\/product.php?REF=BLK360-II\">Leica BLK360 G2<\/a>\n<ul>\n<li><a href=\"https:\/\/www.instop.biz\/blog\/comparacion-entre-el-blk360-g1-y-el-blk360-g2\/\">Comparativa G1 vs G2<\/a><\/li>\n<\/ul>\n<\/li>\n<li>Leica BLK2GO<\/li>\n<li><a href=\"https:\/\/www.instop.biz\/blog\/producto\/escaner-3d-blk2go-pulse-de-leica-geosystems\/\">Leica BLK2GO Pulse<\/a><\/li>\n<li><a href=\"https:\/\/movil.instop.es\/product.php?REF=BLK2FLY\">Leica BLK2FLY<\/a><\/li>\n<li><a href=\"https:\/\/movil.instop.es\/product.php?REF=947000\">Leica BLK ARC<\/a><\/li>\n<\/ul>\n<\/li>\n<li>\n<h2>Leica<\/h2>\n<ul>\n<li><a href=\"https:\/\/www.instop.biz\/blog\/producto\/escaner-3d-leica-rtc360\/\">RTC360<\/a><\/li>\n<li><a href=\"https:\/\/movil.instop.es\/product.php?REF=RTC360VIS\">RTC360 VIS<\/a><\/li>\n<\/ul>\n<\/li>\n<li>\n<h2>Leica Mobile Mapping Pegasus<\/h2>\n<ul>\n<li><a href=\"https:\/\/www.instop.biz\/blog\/producto\/pegasus-trk100-mobile-mapping-system\/\">TRK100<\/a><\/li>\n<\/ul>\n<\/li>\n<\/ul>\n<\/li>\n<li>\n<h1>Detectores<\/h1>\n<ul>\n<li><a href=\"https:\/\/movil.instop.es\/product.php?REF=868510\">C-THRUE XS<\/a><\/li>\n<li><a href=\"https:\/\/movil.instop.es\/product.php?REF=868510\">C-THRUE<\/a><\/li>\n<li><a href=\"https:\/\/movil.instop.es\/product.php?REF=CHASER-XR\">C-THRUE XS GPR<\/a><\/li>\n<li><a href=\"https:\/\/movil.instop.es\/product.php?REF=STREAM-DP\">STREAM DP<\/a><\/li>\n<\/ul>\n<\/li>\n<\/ul>\n","protected":false},"excerpt":{"rendered":"<p>&nbsp; Estaciones totales Leica \u00bfQu\u00e9 es una estaci\u00f3n total y para qu\u00e9 sirve? Estaciones totales manuales Serie Flexline TS03 TS07 [&hellip;]<\/p>\n","protected":false},"author":1,"featured_media":0,"parent":0,"menu_order":0,"comment_status":"closed","ping_status":"closed","template":"","meta":{"site-container-style":"default","site-container-layout":"default","site-sidebar-layout":"default","disable-article-header":"default","disable-site-header":"default","disable-site-footer":"default","disable-content-area-spacing":"default","footnotes":""},"class_list":["post-3686","page","type-page","status-publish","hentry"],"aioseo_notices":[],"_links":{"self":[{"href":"https:\/\/www.instop.biz\/blog\/wp-json\/wp\/v2\/pages\/3686","targetHints":{"allow":["GET"]}}],"collection":[{"href":"https:\/\/www.instop.biz\/blog\/wp-json\/wp\/v2\/pages"}],"about":[{"href":"https:\/\/www.instop.biz\/blog\/wp-json\/wp\/v2\/types\/page"}],"author":[{"embeddable":true,"href":"https:\/\/www.instop.biz\/blog\/wp-json\/wp\/v2\/users\/1"}],"replies":[{"embeddable":true,"href":"https:\/\/www.instop.biz\/blog\/wp-json\/wp\/v2\/comments?post=3686"}],"version-history":[{"count":26,"href":"https:\/\/www.instop.biz\/blog\/wp-json\/wp\/v2\/pages\/3686\/revisions"}],"predecessor-version":[{"id":4004,"href":"https:\/\/www.instop.biz\/blog\/wp-json\/wp\/v2\/pages\/3686\/revisions\/4004"}],"wp:attachment":[{"href":"https:\/\/www.instop.biz\/blog\/wp-json\/wp\/v2\/media?parent=3686"}],"curies":[{"name":"wp","href":"https:\/\/api.w.org\/{rel}","templated":true}]}}