{"id":3697,"date":"2024-08-20T13:21:59","date_gmt":"2024-08-20T12:21:59","guid":{"rendered":"https:\/\/www.instop.biz\/blog\/?page_id=3697"},"modified":"2024-08-26T08:08:58","modified_gmt":"2024-08-26T07:08:58","slug":"estaciones-totales-leica","status":"publish","type":"page","link":"https:\/\/www.instop.biz\/blog\/guia\/estaciones-totales-leica\/","title":{"rendered":"Estaciones totales Leica"},"content":{"rendered":"<ul>\n<li>\n<h1><a href=\"https:\/\/www.instop.biz\/blog\/como-elegir-una-estacion-total\/\">Estaciones totales Leica<\/a><\/h1>\n<ul>\n<li><a href=\"https:\/\/www.instop.biz\/blog\/que-es-una-estacion-total-y-para-que-sirve\/\">\u00bfQu\u00e9 es una estaci\u00f3n total y para qu\u00e9 sirve?<\/a><\/li>\n<li>\n<h3>Estaciones totales manuales<\/h3>\n<ul>\n<li>\n<h4>Serie Flexline<\/h4>\n<ul>\n<li><a href=\"https:\/\/www.instop.biz\/blog\/leica-flexline-ts06-plus\/\">TS03<\/a><\/li>\n<li>TS07<\/li>\n<li>TS10<\/li>\n<\/ul>\n<\/li>\n<\/ul>\n<\/li>\n<li>\n<h3><a href=\"https:\/\/www.instop.biz\/blog\/estaciones-totales-robotizadas\/\">Estaciones totales robotizadas<\/a><\/h3>\n<ul>\n<li>Modelos disponibles\n<ul>\n<li>TS13<\/li>\n<li><a href=\"https:\/\/www.instop.biz\/blog\/estacion-total-leica-viva-ts16\/\">TS16<\/a><\/li>\n<li>TS60<\/li>\n<\/ul>\n<\/li>\n<\/ul>\n<\/li>\n<\/ul>\n<\/li>\n<\/ul>\n","protected":false},"excerpt":{"rendered":"<p>Estaciones totales Leica \u00bfQu\u00e9 es una estaci\u00f3n total y para qu\u00e9 sirve? Estaciones totales manuales Serie Flexline TS03 TS07 TS10 [&hellip;]<\/p>\n","protected":false},"author":1,"featured_media":0,"parent":3686,"menu_order":0,"comment_status":"closed","ping_status":"closed","template":"","meta":{"site-container-style":"default","site-container-layout":"default","site-sidebar-layout":"default","disable-article-header":"default","disable-site-header":"default","disable-site-footer":"default","disable-content-area-spacing":"default","footnotes":""},"class_list":["post-3697","page","type-page","status-publish","hentry"],"aioseo_notices":[],"_links":{"self":[{"href":"https:\/\/www.instop.biz\/blog\/wp-json\/wp\/v2\/pages\/3697","targetHints":{"allow":["GET"]}}],"collection":[{"href":"https:\/\/www.instop.biz\/blog\/wp-json\/wp\/v2\/pages"}],"about":[{"href":"https:\/\/www.instop.biz\/blog\/wp-json\/wp\/v2\/types\/page"}],"author":[{"embeddable":true,"href":"https:\/\/www.instop.biz\/blog\/wp-json\/wp\/v2\/users\/1"}],"replies":[{"embeddable":true,"href":"https:\/\/www.instop.biz\/blog\/wp-json\/wp\/v2\/comments?post=3697"}],"version-history":[{"count":4,"href":"https:\/\/www.instop.biz\/blog\/wp-json\/wp\/v2\/pages\/3697\/revisions"}],"predecessor-version":[{"id":3785,"href":"https:\/\/www.instop.biz\/blog\/wp-json\/wp\/v2\/pages\/3697\/revisions\/3785"}],"up":[{"embeddable":true,"href":"https:\/\/www.instop.biz\/blog\/wp-json\/wp\/v2\/pages\/3686"}],"wp:attachment":[{"href":"https:\/\/www.instop.biz\/blog\/wp-json\/wp\/v2\/media?parent=3697"}],"curies":[{"name":"wp","href":"https:\/\/api.w.org\/{rel}","templated":true}]}}