{"id":3708,"date":"2024-08-22T12:16:01","date_gmt":"2024-08-22T11:16:01","guid":{"rendered":"https:\/\/www.instop.biz\/blog\/?page_id=3708"},"modified":"2024-08-26T16:35:54","modified_gmt":"2024-08-26T15:35:54","slug":"productos-blk","status":"publish","type":"page","link":"https:\/\/www.instop.biz\/blog\/guia\/escaneres-3d-leica\/productos-blk\/","title":{"rendered":"Esc\u00e1neres L\u00e1ser BLK"},"content":{"rendered":"<h1><\/h1>\n<p>&nbsp;<\/p>\n<p>&nbsp;<\/p>\n<table style=\"width: 90%; border-collapse: collapse;\" border=\"0\" cellpadding=\"0\">\n<tbody>\n<tr>\n<td style=\"width: 50%;\"><a href=\"https:\/\/www.instop.biz\/blog\/producto\/blk360-g2\/\"><img loading=\"lazy\" decoding=\"async\" class=\"\" src=\"https:\/\/www.instop.es\/blk\/i\/BLK360-overviewpage.png\" width=\"233\" height=\"311\" \/><\/a><\/td>\n<td style=\"width: 50%;\">\n<h2><span class=\"u-fw__thin\"><span class=\"u-uline-green\">BLK360 G2<br \/>\n<\/span><\/span><\/h2>\n<p>El esc\u00e1ner l\u00e1ser compacto de captura de im\u00e1genes Leica BLK360 garantiza la precisi\u00f3n en cualquier proyecto. El BLK360, que funciona con un solo bot\u00f3n, usa un tel\u00e9metro l\u00e1ser de 360\u00b0 e im\u00e1genes panor\u00e1micas de alta definici\u00f3n para crear nubes de puntos 3D detalladas del espacio circundante.<\/td>\n<\/tr>\n<tr>\n<td style=\"width: 50%;\">\n<h2><span class=\"u-fw__thin\"><span class=\"u-uline-green\">BLK2GO<\/span><\/span><\/h2>\n<p>El esc\u00e1ner l\u00e1ser de mano de captura de im\u00e1genes Leica BLK2GO le permite caminar mientras escanea. La tecnolog\u00eda GrandSLAM del BLK2GO se gu\u00eda sola por los entornos 3D y captura r\u00e1pidamente nubes de puntos tridimensionales. Es la forma m\u00e1s r\u00e1pida y sencilla de escanear un edificio, una estructura o un entorno de gran tama\u00f1o.<\/td>\n<td style=\"width: 50%;\"><a href=\"https:\/\/www.instop.biz\/blog\/producto\/escaner-3d-blk2go-de-leica-geosystems\/\"><img loading=\"lazy\" decoding=\"async\" class=\"\" src=\"https:\/\/www.instop.es\/blk\/i\/BLK2GO_0.png\" width=\"101\" height=\"354\" \/><\/a><\/td>\n<\/tr>\n<tr>\n<td style=\"width: 50%;\"><img loading=\"lazy\" decoding=\"async\" class=\"\" src=\"https:\/\/www.instop.es\/blk\/i\/PULSE-laser-scanners.png\" width=\"171\" height=\"334\" \/><\/td>\n<td style=\"width: 50%;\">\n<h2><span class=\"u-fw__thin\"><span class=\"u-uline-green\">BLK2GO PULSE<\/span><\/span><\/h2>\n<p>El Leica BLK2GO PULSE es un esc\u00e1ner de mano en primera persona que crea nubes de puntos coloreadas 3D de manera instant\u00e1nea durante el trabajo de campo. El campo de visi\u00f3n de este esc\u00e1ner, una fusi\u00f3n de LiDAR de tiempo de vuelo dual de estado s\u00f3lido y GrandSLAM, imita la visi\u00f3n humana y proporciona, a trav\u00e9s del smartphone, una perspectiva en primera persona para capturar lo que se ve.<\/td>\n<\/tr>\n<tr>\n<td style=\"width: 50%;\">\n<h2><span class=\"u-fw__thin\"><span class=\"u-uline-green\">BLK2FLY<\/span><\/span><\/h2>\n<p>Con el Leica BLK2FLY, puede llevar sus escaneados a un nuevo nivel. El BLK2FLY es el primer esc\u00e1ner l\u00e1ser volador aut\u00f3nomo totalmente integrado que captura nubes de puntos de edificios, fachadas, tejados y otras \u00e1reas inaccesibles, todo con solo pulsar un bot\u00f3n y unos cuantos toques en una tableta.<\/td>\n<td style=\"width: 50%;\"><img loading=\"lazy\" decoding=\"async\" class=\"\" src=\"https:\/\/www.instop.es\/blk\/i\/BLK2FLY.png\" width=\"324\" height=\"245\" \/><\/td>\n<\/tr>\n<tr>\n<td style=\"width: 50%;\"><img loading=\"lazy\" decoding=\"async\" class=\"\" src=\"https:\/\/www.instop.es\/blk\/i\/BLK_ARC.png\" width=\"295\" height=\"341\" \/><\/td>\n<td style=\"width: 50%;\">\n<h2><span class=\"u-fw__thin\"><span class=\"u-uline-green\">BLK ARC<\/span><\/span><\/h2>\n<p>El Leica BLK ARC es un m\u00f3dulo de escaneado l\u00e1ser aut\u00f3nomo para robots y se puede integrar en un soporte rob\u00f3tico para realizar un escaneado l\u00e1ser totalmente aut\u00f3nomo. El BLK ARC puede escanear \u00e1reas peligrosas e inaccesibles para los humanos y repetir tareas de escaneado de forma aut\u00f3noma.<\/td>\n<\/tr>\n<tr>\n<td style=\"width: 50%;\">\n<h2><span class=\"u-fw__thin\"><span class=\"u-uline-green\">BLK247<\/span><\/span><\/h2>\n<p>El sistema de vigilancia 3D inteligente Leica BLK247 monitoriza constantemente las \u00e1reas especificadas con escaneado l\u00e1ser, v\u00eddeo y tecnolog\u00eda de imagen t\u00e9rmica. Gracias a su capacidad de reconocer de inmediato las amenazas de una forma precisa y fiable, puede reducir las falsas alarmas y aumentar la confianza en el sistema de seguridad.<\/td>\n<td style=\"width: 50%;\"><img loading=\"lazy\" decoding=\"async\" class=\"\" src=\"https:\/\/www.instop.es\/blk\/i\/200127_BLK247_Render_03.png\" width=\"290\" height=\"295\" \/><\/td>\n<\/tr>\n<tr>\n<td style=\"width: 50%;\"><img loading=\"lazy\" decoding=\"async\" class=\"\" src=\"https:\/\/www.instop.es\/blk\/i\/BLK3D_rendering_11.png_c758647a1O@2x.png\" width=\"269\" height=\"391\" \/><\/td>\n<td style=\"width: 50%;\">\n<h2><span class=\"u-fw__thin\"><span class=\"u-uline-green\">BLK3D<\/span><\/span><\/h2>\n<p>El tel\u00e9metro de mano Leica BLK3D captura im\u00e1genes 3D para proporcionar mediciones completas basadas en fotos. Solo tiene que hacer una foto y el BLK3D usar\u00e1 la funci\u00f3n de fotogrametr\u00eda para medir un objeto o una estructura en 3D. Puede medir cualquier elemento de la foto para garantizar la precisi\u00f3n de sus proyectos.<\/td>\n<\/tr>\n<\/tbody>\n<\/table>\n","protected":false},"excerpt":{"rendered":"<p>&nbsp; &nbsp; BLK360 G2 El esc\u00e1ner l\u00e1ser compacto de captura de im\u00e1genes Leica BLK360 garantiza la precisi\u00f3n en cualquier proyecto. [&hellip;]<\/p>\n","protected":false},"author":1,"featured_media":0,"parent":3547,"menu_order":0,"comment_status":"closed","ping_status":"closed","template":"","meta":{"site-container-style":"default","site-container-layout":"default","site-sidebar-layout":"default","disable-article-header":"default","disable-site-header":"default","disable-site-footer":"default","disable-content-area-spacing":"default","footnotes":""},"class_list":["post-3708","page","type-page","status-publish","hentry"],"aioseo_notices":[],"_links":{"self":[{"href":"https:\/\/www.instop.biz\/blog\/wp-json\/wp\/v2\/pages\/3708","targetHints":{"allow":["GET"]}}],"collection":[{"href":"https:\/\/www.instop.biz\/blog\/wp-json\/wp\/v2\/pages"}],"about":[{"href":"https:\/\/www.instop.biz\/blog\/wp-json\/wp\/v2\/types\/page"}],"author":[{"embeddable":true,"href":"https:\/\/www.instop.biz\/blog\/wp-json\/wp\/v2\/users\/1"}],"replies":[{"embeddable":true,"href":"https:\/\/www.instop.biz\/blog\/wp-json\/wp\/v2\/comments?post=3708"}],"version-history":[{"count":12,"href":"https:\/\/www.instop.biz\/blog\/wp-json\/wp\/v2\/pages\/3708\/revisions"}],"predecessor-version":[{"id":3798,"href":"https:\/\/www.instop.biz\/blog\/wp-json\/wp\/v2\/pages\/3708\/revisions\/3798"}],"up":[{"embeddable":true,"href":"https:\/\/www.instop.biz\/blog\/wp-json\/wp\/v2\/pages\/3547"}],"wp:attachment":[{"href":"https:\/\/www.instop.biz\/blog\/wp-json\/wp\/v2\/media?parent=3708"}],"curies":[{"name":"wp","href":"https:\/\/api.w.org\/{rel}","templated":true}]}}