{"id":3532,"date":"2024-08-13T10:59:14","date_gmt":"2024-08-13T09:59:14","guid":{"rendered":"https:\/\/www.instop.biz\/blog\/?post_type=product&#038;p=3532"},"modified":"2024-09-08T12:27:30","modified_gmt":"2024-09-08T11:27:30","slug":"blk360-g2__trashed","status":"publish","type":"product","link":"https:\/\/www.instop.biz\/blog\/producto\/blk360-g2__trashed\/","title":{"rendered":"BLK360 G2"},"content":{"rendered":"<p>&nbsp;<\/p>\n<p>&nbsp;<\/p>\n<table border=\"0\" cellpadding=\"1\" cellspacing=\"15\" style=\"width:90%\">\n<tbody>\n<tr>\n<td colspan=\"2\"><img decoding=\"async\" alt=\"escaner leica blk360 en la industria\" src=\"https:\/\/www.instop.es\/scanner-3d\/BLK360-II\/BLK360-Factory_Worker.jpg\" \/><\/td>\n<\/tr>\n<tr>\n<td>El nuevo <strong>Leica BLK360 G2<\/strong> pone todas las posibilidades de la captura de la realidad al alcance de su mano. Con una velocidad de escaneado sin precedentes y sin competencia en su categor&iacute;a, el <strong>Leica BLK360 G2<\/strong> le ayudar&aacute; a trabajar m&aacute;s r&aacute;pido.<\/td>\n<td>&nbsp;<\/td>\n<\/tr>\n<tr>\n<td colspan=\"2\">&nbsp;<\/td>\n<\/tr>\n<tr>\n<td>\n<h3><strong>ESCANEADO A LA VELOCIDAD DEL RAYO<\/strong><\/h3>\n<p>El <strong>Leica BLK360<\/strong>, un esc&aacute;ner l&aacute;ser de &uacute;ltima generaci&oacute;n ultrarr&aacute;pido, captura un escaneado completo con im&aacute;genes esf&eacute;ricas en tan solo veinte segundos, m&aacute;s de cinco veces m&aacute;s deprisa que el BLK360 G1.<\/p>\n<p><strong><a href=\"https:\/\/www.instop.es\/leica\/tecnologia-leica.php?ID=2962\" target=\"_blank\">Vea la comparativa entre los dos modelos<\/a><\/strong><\/p>\n<p>\n\t\t\t&nbsp;<\/p>\n<p>\n\t\t\t&nbsp;<\/p>\n<\/td>\n<td><img decoding=\"async\" alt=\"blk360 fabrica\" src=\"https:\/\/www.instop.es\/blk\/i\/BLK360-Factory-500.jpg\" \/><\/td>\n<\/tr>\n<tr>\n<td><img decoding=\"async\" alt=\"blk360 arquitectura\" src=\"https:\/\/www.instop.es\/blk\/i\/Leica-cyclone-BLK360-500.jpg\" \/><\/td>\n<td>\n<h3><strong>CAPTURA DE DATOS COMPLETA<\/strong><\/h3>\n<p>Gracias a unos flujos de trabajo de campo r&aacute;pidos y &aacute;giles y a la informaci&oacute;n que se muestra en directo en su dispositivo m&oacute;vil, tendr&aacute; la seguridad de que ha capturado todo lo que necesita. Adem&aacute;s, la tecnolog&iacute;a VIS combina autom&aacute;ticamente los escaneados para acelerar su flujo de trabajo y ayudarle a confirmar que los conjuntos de datos est&aacute;n completos.<\/p>\n<\/td>\n<\/tr>\n<tr>\n<td>\n<h3><strong>PRODUCTOS FINALES INMERSIVOS<\/strong><\/h3>\n<p>Los datos del esc&aacute;ner <strong>Leica BLK360<\/strong> tienen un gran valor para innumerables usos: desde las aplicaciones de arquitectura, ingenier&iacute;a y construcci&oacute;n a la realidad virtual. Adem&aacute;s, podr&aacute; transferir f&aacute;cilmente los datos y trabajar con ellos en su ecosistema de software para crear productos inmersivos con un alto grado de precisi&oacute;n. Tambi&eacute;n podr&aacute; cargar los datos del <strong>Leica BLK360<\/strong> en HxDR, nuestra plataforma de almacenamiento, visualizaci&oacute;n y colaboraci&oacute;n en la nube.<\/p>\n<\/td>\n<td><img decoding=\"async\" alt=\"blk360\" src=\"https:\/\/www.instop.es\/blk\/i\/BLK360-&amp;-FIELD-360---360-view-coloured---Left-facing---RGB.jpg\" \/><\/td>\n<\/tr>\n<tr>\n<td colspan=\"2\">\n<p><a href=\"https:\/\/www.instop.es\/leica\/tecnologia-leica.php?ID=2962\"><img decoding=\"async\" alt=\"Comparaci\u00c3\u00b3n entre el BLK360 G1 y el BLK360 G2\" src=\"https:\/\/www.instop.es\/scanner-3d\/i\/BLK360-comparison_table-infographic.jpg\" \/><\/a><\/p>\n<p>&nbsp;<\/p>\n<p><img decoding=\"async\" alt=\"\" src=\"https:\/\/www.instop.es\/scanner-3d\/i\/blk360-g2.png\" \/><\/p>\n<\/td>\n<\/tr>\n<tr>\n<td>AUTONOM&Iacute;A DE LEICA BLK: Con la autonom&iacute;a de BLK, la captura de la realidad es totalmente aut&oacute;noma, desde el escaneado l&aacute;ser y el procesamiento de datos hasta la creaci&oacute;n de productos finales de alta calidad y experiencias inmersivas.<\/td>\n<td>&nbsp;<\/td>\n<\/tr>\n<\/tbody>\n<\/table>\n<p>&nbsp;<\/p>\n<p>&nbsp;<\/p>\n<p>&nbsp;<\/p>\n","protected":false},"excerpt":{"rendered":"<p>El Leica <strong>BLK360 G2<\/strong> pone todas las posibilidades de la captura de la realidad al alcance de su mano. Con una velocidad de escaneado sin precedentes y sin competencia en su categor\u00eda, el <strong>BLK360 G2<\/strong> le ayudar\u00e1 a trabajar m\u00e1s r\u00e1pido.<\/p>\n","protected":false},"featured_media":3534,"comment_status":"closed","ping_status":"closed","template":"","meta":{"site-container-style":"default","site-container-layout":"default","site-sidebar-layout":"default","disable-article-header":"default","disable-site-header":"default","disable-site-footer":"default","disable-content-area-spacing":"default"},"product_brand":[],"product_cat":[9556],"product_tag":[],"class_list":{"0":"post-3532","1":"product","2":"type-product","3":"status-publish","4":"has-post-thumbnail","6":"product_cat-escaner-3d","8":"first","9":"instock","10":"taxable","11":"shipping-taxable","12":"product-type-simple"},"aioseo_notices":[],"_links":{"self":[{"href":"https:\/\/www.instop.biz\/blog\/wp-json\/wp\/v2\/product\/3532","targetHints":{"allow":["GET"]}}],"collection":[{"href":"https:\/\/www.instop.biz\/blog\/wp-json\/wp\/v2\/product"}],"about":[{"href":"https:\/\/www.instop.biz\/blog\/wp-json\/wp\/v2\/types\/product"}],"replies":[{"embeddable":true,"href":"https:\/\/www.instop.biz\/blog\/wp-json\/wp\/v2\/comments?post=3532"}],"wp:featuredmedia":[{"embeddable":true,"href":"https:\/\/www.instop.biz\/blog\/wp-json\/wp\/v2\/media\/3534"}],"wp:attachment":[{"href":"https:\/\/www.instop.biz\/blog\/wp-json\/wp\/v2\/media?parent=3532"}],"wp:term":[{"taxonomy":"product_brand","embeddable":true,"href":"https:\/\/www.instop.biz\/blog\/wp-json\/wp\/v2\/product_brand?post=3532"},{"taxonomy":"product_cat","embeddable":true,"href":"https:\/\/www.instop.biz\/blog\/wp-json\/wp\/v2\/product_cat?post=3532"},{"taxonomy":"product_tag","embeddable":true,"href":"https:\/\/www.instop.biz\/blog\/wp-json\/wp\/v2\/product_tag?post=3532"}],"curies":[{"name":"wp","href":"https:\/\/api.w.org\/{rel}","templated":true}]}}