{"id":4015,"date":"2024-09-03T19:04:21","date_gmt":"2024-09-03T19:04:21","guid":{"rendered":""},"modified":"2025-06-06T17:47:26","modified_gmt":"2025-06-06T16:47:26","slug":"localizador-leica-dd300-connect-incluye","status":"publish","type":"product","link":"https:\/\/www.instop.biz\/blog\/producto\/localizador-leica-dd300-connect-incluye\/","title":{"rendered":"Localizador Leica DD300 Connect"},"content":{"rendered":"<table style=\"width: 90%;\" border=\"0\" cellspacing=\"15\" cellpadding=\"1\">\n<tbody>\n<tr>\n<td>La soluci\u00f3n de localizaci\u00f3n de servicios <strong>Leica<br \/>\nDD300 CONNECT<\/strong> permite a todo tipo de usuarios,<br \/>\ndesde principiantes hasta expertos, detectar<br \/>\nconductos subterr\u00e1neos de un modo sencillo,<br \/>\nr\u00e1pido y preciso para mejorar la seguridad<br \/>\nreduciendo los riesgos a los que est\u00e1 expuesta<br \/>\ncualquier persona que trabaje en obras de<br \/>\nconstrucci\u00f3n.<br \/>\nGracias a la integraci\u00f3n con el software DX Shield,<br \/>\nlos usuarios pueden lograr un conocimiento<br \/>\nintegrado y exhaustivo de las actividades de la<br \/>\nobra para analizar datos, generar informes sobre<br \/>\nel uso de los productos y configurar y efectuar el<br \/>\nmantenimiento del dispositivo.<\/td>\n<td>\n<h2>Caracter\u00edsticas <strong>DD300<\/strong><\/h2>\n<ul>\n<li>Pantalla LCD brillante a color con videotutoriales<\/li>\n<li>Fuente de alimentaci\u00f3n doble &#8211; pilas alcalinas\/ion de litio<\/li>\n<li>Bot\u00f3n de encendido\/ apagado para confort de adquisici\u00f3n<\/li>\n<li>M\u00faltiples secuencias de adquisici\u00f3n compatibles con frecuencia de 83 kHz<\/li>\n<\/ul>\n<\/td>\n<\/tr>\n<tr>\n<td>\n<h2>Uno para todos<\/h2>\n<p>DD300 CONNECT engloba en un solo dispositivo todo lo que necesitan usuarios de principiantes a expertos. La pantalla LCD a color con videotutoriales permite efectuar una medici\u00f3n paso a paso.<\/td>\n<td><img decoding=\"async\" style=\"height: 400px; width: 400px;\" src=\"https:\/\/www.instop.es\/detectores\/i\/Leica_DD300Connect_800x428_14.jpg\" alt=\"\" \/><\/td>\n<\/tr>\n<tr>\n<td><img decoding=\"async\" style=\"height: 400px; width: 400px;\" src=\"https:\/\/www.instop.es\/detectores\/i\/Leica_DD300Connect_800x428_04.jpg\" alt=\"\" \/><\/td>\n<td>\n<h2>Fiable<\/h2>\n<p>DD300 CONNECT ofrece una amplia gama de frecuencias est\u00e1ndar. Ostenta una frecuencia de 83 kHz, cubriendo as\u00ed el vac\u00edo entre 33 kHz y 131 kHz.<\/td>\n<\/tr>\n<tr>\n<td>\n<h2>F\u00e1cil y preciso<\/h2>\n<p>DD300 CONNECT est\u00e1 equipado con una innovadora compensaci\u00f3n digital que proporciona una detecci\u00f3n precisa incluso en entornos multiobjetivo.<\/td>\n<td><img decoding=\"async\" style=\"height: 400px; width: 400px;\" src=\"https:\/\/www.instop.es\/detectores\/i\/Leica_DD300Connect_800x428_01.jpg\" alt=\"\" \/><\/td>\n<\/tr>\n<tr>\n<td><img decoding=\"async\" style=\"height: 400px; width: 400px;\" src=\"https:\/\/www.instop.es\/detectores\/i\/Leica_DD300Connect_800x428_11.jpg\" alt=\"\" \/><\/td>\n<td>En entornos caracterizados por numerosos servicios subterr\u00e1neos, localizar un conducto bajo tensi\u00f3n puede resultar dif\u00edcil debido a la saturaci\u00f3n de la se\u00f1al. La compensaci\u00f3n digital asiste al operador a<br \/>\nla hora de identificar el objetivo deseado, lo que permite gestionar manualmente la barra de ganancia.<img decoding=\"async\" style=\"height: 241px; width: 400px;\" src=\"https:\/\/www.instop.es\/detectores\/i\/ddddd.jpg\" alt=\"\" \/><\/td>\n<\/tr>\n<tr>\n<td><\/td>\n<td><\/td>\n<\/tr>\n<tr>\n<td>\n<h1>Leica DA300<\/h1>\n<h3>Generador de se\u00f1al de 1 W<\/h3>\n<p>El transmisor de se\u00f1al sencillo e intuitivo Leica DA300 ampl\u00eda las aplicaciones y las funciones del localizador de cables DD300 CONNECT, lo que ayuda a detectar y rastrear servicios enterrados, incluso aquellos con una se\u00f1al d\u00e9bil o indetectable.<br \/>\nEl transmisor Leica DA300 puede operarse tanto en modo pasivo como activo con los accesorios suministrados, por ejemplo, el borne de se\u00f1al del transmisor, el conector de propiedad y pinzas de cocodrilo<\/td>\n<td><img decoding=\"async\" style=\"height: 400px; width: 400px;\" src=\"https:\/\/www.instop.es\/detectores\/i\/Leica_DA300_Rendering_02.jpg\" alt=\"\" \/><\/td>\n<\/tr>\n<tr>\n<td><\/td>\n<td><\/td>\n<\/tr>\n<tr>\n<td colspan=\"2\"><img decoding=\"async\" style=\"height: 400px; width: 800px;\" src=\"https:\/\/www.instop.es\/detectores\/i\/Leica_DD300Connect_2480x750_04.jpg\" alt=\"\" \/><\/td>\n<\/tr>\n<tr>\n<td><\/td>\n<td>Software<br \/>\nLa soluci\u00f3n de localizaci\u00f3n de servicios Leica DD<br \/>\n300 CONNECT constituye una soluci\u00f3n integral para<br \/>\nprofesionales que quieran optimizar las operaciones de<br \/>\nlocalizaci\u00f3n de servicios.<br \/>\nEl software DX Shield proporciona un espacio para el<br \/>\nan\u00e1lisis de servicios y una c\u00f3moda conexi\u00f3n entre loca-<br \/>\nlizadores para incrementar la productividad y ahorrar<br \/>\ntiempo. El software DX Shield le permite obtener una<br \/>\ncomprensi\u00f3n m\u00e1s amplia del rendimiento de la tarea y<br \/>\nde las complejidades de la obra con informes f\u00e1ciles de<br \/>\nusar que proporcionan una vista general r\u00e1pida y c\u00f3mo-<br \/>\nda del uso del producto, reduciendo las perforaciones<br \/>\nen los servicios, ahorrando costes directos de repara-<br \/>\nci\u00f3n y reduciendo el tiempo de parada del proyecto.<\/td>\n<\/tr>\n<\/tbody>\n<\/table>\n<p>&nbsp;<\/p>\n","protected":false},"excerpt":{"rendered":"<p>La soluci\u00f3n de localizaci\u00f3n de servicios Leica DD300 CONNECT permite a todo tipo de usuarios, desde principiantes hasta expertos, detectar [&hellip;]<\/p>\n","protected":false},"featured_media":4016,"comment_status":"open","ping_status":"closed","template":"","meta":{"site-container-style":"default","site-container-layout":"default","site-sidebar-layout":"default","disable-article-header":"default","disable-site-header":"default","disable-site-footer":"default","disable-content-area-spacing":"default"},"product_brand":[],"product_cat":[9576],"product_tag":[],"class_list":{"0":"post-4015","1":"product","2":"type-product","3":"status-publish","4":"has-post-thumbnail","6":"product_cat-detectores","8":"first","9":"outofstock","10":"taxable","11":"shipping-taxable","12":"product-type-simple"},"aioseo_notices":[],"_links":{"self":[{"href":"https:\/\/www.instop.biz\/blog\/wp-json\/wp\/v2\/product\/4015","targetHints":{"allow":["GET"]}}],"collection":[{"href":"https:\/\/www.instop.biz\/blog\/wp-json\/wp\/v2\/product"}],"about":[{"href":"https:\/\/www.instop.biz\/blog\/wp-json\/wp\/v2\/types\/product"}],"replies":[{"embeddable":true,"href":"https:\/\/www.instop.biz\/blog\/wp-json\/wp\/v2\/comments?post=4015"}],"wp:featuredmedia":[{"embeddable":true,"href":"https:\/\/www.instop.biz\/blog\/wp-json\/wp\/v2\/media\/4016"}],"wp:attachment":[{"href":"https:\/\/www.instop.biz\/blog\/wp-json\/wp\/v2\/media?parent=4015"}],"wp:term":[{"taxonomy":"product_brand","embeddable":true,"href":"https:\/\/www.instop.biz\/blog\/wp-json\/wp\/v2\/product_brand?post=4015"},{"taxonomy":"product_cat","embeddable":true,"href":"https:\/\/www.instop.biz\/blog\/wp-json\/wp\/v2\/product_cat?post=4015"},{"taxonomy":"product_tag","embeddable":true,"href":"https:\/\/www.instop.biz\/blog\/wp-json\/wp\/v2\/product_tag?post=4015"}],"curies":[{"name":"wp","href":"https:\/\/api.w.org\/{rel}","templated":true}]}}