{"id":4088,"date":"2024-09-10T16:19:01","date_gmt":"2024-09-10T16:19:01","guid":{"rendered":"https:\/\/www.instop.biz\/blog\/producto\/ts13-1-r500-estacion-total-robotizable-con-atr\/"},"modified":"2025-06-06T17:47:22","modified_gmt":"2025-06-06T16:47:22","slug":"ts13-1-r500-estacion-total-robotizable-con-atr","status":"publish","type":"product","link":"https:\/\/www.instop.biz\/blog\/producto\/ts13-1-r500-estacion-total-robotizable-con-atr\/","title":{"rendered":"TS13 1\u00bb R500, Estaci\u00f3n total robotizable con ATR"},"content":{"rendered":"<p><img decoding=\"async\" src=\"https:\/\/www.instop.es\/estacion-total\/ts13\/Leica-TS13---KU---Standard-Handle-(1).jpg\" alt=\"\" \/><\/p>\n<table style=\"width: 90%;\" border=\"0\" cellspacing=\"15\" cellpadding=\"1\">\n<tbody>\n<tr>\n<td>\n<h2>Leica con AutoHeight<\/h2>\n<p>Medir la altura de un instrumento de estaci\u00f3n total desde el suelo siempre ha sido una tarea que consume tiempo y es engorrosa. Considerando la digitalizaci\u00f3n continua de la recolecci\u00f3n, el intercambio y el procesamiento de informaci\u00f3n geoespacial en todas las dimensiones, el m\u00e9todo convencional de usar una cinta m\u00e9trica anal\u00f3gica se ha convertido en una debilidad a\u00fan mayor en t\u00e9rminos de adquisici\u00f3n de datos trazable y libre de errores.<\/td>\n<td><a href=\"https:\/\/www.instop.biz\/blog\/estaciones-totales-leica-con-autoheight\/\" target=\"_blank\" rel=\"noopener\"><img decoding=\"async\" style=\"height: 165px; width: 165px;\" src=\"https:\/\/www.instop.es\/estacion-total\/i\/Leica-FlexLine-AutoHeight-Icon-500.png\" alt=\"\" \/><\/a><\/td>\n<\/tr>\n<tr>\n<td><a href=\"https:\/\/www.instop.es\/software\/leica-captivate.php?REF=839678\"><img decoding=\"async\" style=\"height: 186px; width: 186px;\" src=\"https:\/\/www.instop.es\/gps\/gs18\/1.png\" alt=\"\" \/><\/a><\/td>\n<td>\n<h2><strong>Software Leica Captivate<\/strong><\/h2>\n<p><strong>La estaci\u00f3n Leica TS13<\/strong> viene acompa\u00f1ada del revolucionario software <strong><a href=\"https:\/\/www.instop.es\/software\/leica-captivate.php?REF=839678\">Captivate<\/a><\/strong>, que convierte datos complejos en modelos 3D realistas y manejables. Con aplicaciones f\u00e1ciles de usar y tecnolog\u00eda t\u00e1ctil, todos los formatos de datos medidos y dise\u00f1ados se pueden ver en todas sus dimensiones.<\/td>\n<\/tr>\n<tr>\n<td>\n<h2><strong>Leica Infinity<\/strong><\/h2>\n<p>Mientras Captivate captura y modela datos en el campo, Leica Infinity procesa la informaci\u00f3n en la oficina. Una transferencia de datos fluida garantiza que el proyecto transcurra por buen camino. Captivate e Infinity trabajan conjuntamente para unir datos de levantamientos topogr\u00e1ficos anteriores y editar proyectos de manera m\u00e1s r\u00e1pida y eficiente.<\/td>\n<td><img decoding=\"async\" style=\"width: 150px;\" src=\"https:\/\/www.instop.es\/gps\/gs18\/2.png\" alt=\"\" \/><\/td>\n<\/tr>\n<tr>\n<td><img decoding=\"async\" style=\"width: 150px;\" src=\"https:\/\/www.instop.es\/gps\/gs18\/3.png\" alt=\"\" \/><\/td>\n<td>\n<h2><strong>Atenci\u00f3n al cliente con un clic<\/strong><\/h2>\n<p>Mediante los Customer Care Package (CCP) tendr\u00e1 a su disposici\u00f3n asistencia experta con cualquier problema por parte de profesionales experimentados.<\/p>\n<p>&nbsp;<\/p>\n<ul>\n<li>Elimine los retrasos con un servicio t\u00e9cnico superior<\/li>\n<li>Termine los trabajos m\u00e1s r\u00e1pido con un excelente apoyo de consultor\u00eda<\/li>\n<li>Evite las visitas al sitio costosas con servicio en l\u00ednea para enviar y recibir datos directamente desde el campo<\/li>\n<\/ul>\n<\/td>\n<\/tr>\n<tr>\n<td colspan=\"2\">\n<h2><strong>Actualizable<\/strong><\/h2>\n<p>La <strong>estaci\u00f3n total Leica TS13<\/strong> proporciona una soluci\u00f3n r\u00e1pida, confiable y eficiente adaptada a las necesidades de los usuarios para medir y dise\u00f1ar m\u00e1s puntos. Equipado con tecnolog\u00eda de reconocimiento autom\u00e1tico de objetivos (ATR) y, opcionalmente, con bloqueo de objetivo y SpeedSearch para encontrar y fijar prismas r\u00e1pidamente, proporciona una medici\u00f3n precisa de los objetivos. Combinado con el software de campo Leica Captivate, la <strong>estaci\u00f3n total Leica TS13<\/strong> ofrece una forma simple y productiva de codificaci\u00f3n y trabajo de l\u00ednea.<\/td>\n<\/tr>\n<\/tbody>\n<\/table>\n<p>&nbsp;<\/p>\n<p>&nbsp;<\/p>\n<p>&nbsp;<\/p>\n<p><img decoding=\"async\" src=\"https:\/\/www.instop.es\/imatgemax\/leica_ts13_context.jpg\" alt=\"\" \/><\/p>\n<p>&nbsp;<\/p>\n<p>&nbsp;<\/p>\n<p>&nbsp;<\/p>\n<p>&nbsp;<\/p>\n<p>&nbsp;<\/p>\n<p>&nbsp;<\/p>\n<p><img decoding=\"async\" style=\"width: 800px;\" src=\"https:\/\/www.instop.es\/estatotales\/i\/TS13-comp.jpg\" alt=\"\" \/><\/p>\n","protected":false},"excerpt":{"rendered":"<p>Leica con AutoHeight Medir la altura de un instrumento de estaci\u00f3n total desde el suelo siempre ha sido una tarea [&hellip;]<\/p>\n","protected":false},"featured_media":4089,"comment_status":"open","ping_status":"closed","template":"","meta":{"site-container-style":"default","site-container-layout":"default","site-sidebar-layout":"default","disable-article-header":"default","disable-site-header":"default","disable-site-footer":"default","disable-content-area-spacing":"default"},"product_brand":[],"product_cat":[9580,9567],"product_tag":[],"class_list":{"0":"post-4088","1":"product","2":"type-product","3":"status-publish","4":"has-post-thumbnail","6":"product_cat-estaciones-robotizadas","7":"product_cat-estaciones-totales-leica","9":"first","10":"outofstock","11":"taxable","12":"shipping-taxable","13":"product-type-simple"},"aioseo_notices":[],"_links":{"self":[{"href":"https:\/\/www.instop.biz\/blog\/wp-json\/wp\/v2\/product\/4088","targetHints":{"allow":["GET"]}}],"collection":[{"href":"https:\/\/www.instop.biz\/blog\/wp-json\/wp\/v2\/product"}],"about":[{"href":"https:\/\/www.instop.biz\/blog\/wp-json\/wp\/v2\/types\/product"}],"replies":[{"embeddable":true,"href":"https:\/\/www.instop.biz\/blog\/wp-json\/wp\/v2\/comments?post=4088"}],"wp:featuredmedia":[{"embeddable":true,"href":"https:\/\/www.instop.biz\/blog\/wp-json\/wp\/v2\/media\/4089"}],"wp:attachment":[{"href":"https:\/\/www.instop.biz\/blog\/wp-json\/wp\/v2\/media?parent=4088"}],"wp:term":[{"taxonomy":"product_brand","embeddable":true,"href":"https:\/\/www.instop.biz\/blog\/wp-json\/wp\/v2\/product_brand?post=4088"},{"taxonomy":"product_cat","embeddable":true,"href":"https:\/\/www.instop.biz\/blog\/wp-json\/wp\/v2\/product_cat?post=4088"},{"taxonomy":"product_tag","embeddable":true,"href":"https:\/\/www.instop.biz\/blog\/wp-json\/wp\/v2\/product_tag?post=4088"}],"curies":[{"name":"wp","href":"https:\/\/api.w.org\/{rel}","templated":true}]}}