{"id":4092,"date":"2024-09-10T16:26:03","date_gmt":"2024-09-10T16:26:03","guid":{"rendered":"https:\/\/www.instop.biz\/blog\/producto\/swarm-vibration\/"},"modified":"2024-09-10T15:26:46","modified_gmt":"2024-09-10T14:26:46","slug":"swarm-vibration","status":"publish","type":"product","link":"https:\/\/www.instop.biz\/blog\/producto\/swarm-vibration\/","title":{"rendered":"SWARM Vibration"},"content":{"rendered":"<table style=\"width: 95%;\" border=\"0\" cellspacing=\"15\" cellpadding=\"1\">\n<tbody>\n<tr>\n<td colspan=\"2\"><img decoding=\"async\" style=\"height: 839px; width: 900px;\" src=\"https:\/\/www.instop.es\/omnidots\/i\/esquema-omindots.jpg\" alt=\"\" \/><\/td>\n<\/tr>\n<tr>\n<td><\/td>\n<td>Desde INSTOP le proporcionamos la \u00fanica soluci\u00f3n en el mercado totalmente integrada y automatizada para medir, monitorizar y realizar informes diarios de vibraciones tanto para construcci\u00f3n como infraestructuras. El sistema est\u00e1 compuesto por sensores inal\u00e1mbricos capaces de medir hasta 1000 vibraciones por segundo. Se instalan con tan solo tornillo y env\u00edan datos al visor web a trav\u00e9s de 4G con la tarjeta SIM que llevan incorporada.<\/p>\n<p>&nbsp;<\/p>\n<p>Mediante un visor web podr\u00e1s consultar las mediciones en tiempo real 24\/7 desde cualquier lugar con cualquier dispositivo (smartphone, tablet y ordenador) y generar informes de manera autom\u00e1tica. Adem\u00e1s, cuando las vibraciones alcanzan los umbrales establecidos en la normativa se enviar\u00e1n avisos v\u00eda email y SMS.<\/td>\n<\/tr>\n<tr>\n<td><\/td>\n<td><\/td>\n<\/tr>\n<\/tbody>\n<\/table>\n<p>&nbsp;<\/p>\n","protected":false},"excerpt":{"rendered":"<p>Desde INSTOP le proporcionamos la \u00fanica soluci\u00f3n en el mercado totalmente integrada y automatizada para medir, monitorizar y realizar informes [&hellip;]<\/p>\n","protected":false},"featured_media":4093,"comment_status":"open","ping_status":"closed","template":"","meta":{"site-container-style":"default","site-container-layout":"default","site-sidebar-layout":"default","disable-article-header":"default","disable-site-header":"default","disable-site-footer":"default","disable-content-area-spacing":"default"},"product_brand":[],"product_cat":[9554],"product_tag":[],"class_list":{"0":"post-4092","1":"product","2":"type-product","3":"status-publish","4":"has-post-thumbnail","6":"product_cat-sin-categorizar","8":"first","9":"outofstock","10":"taxable","11":"shipping-taxable","12":"product-type-simple"},"aioseo_notices":[],"_links":{"self":[{"href":"https:\/\/www.instop.biz\/blog\/wp-json\/wp\/v2\/product\/4092","targetHints":{"allow":["GET"]}}],"collection":[{"href":"https:\/\/www.instop.biz\/blog\/wp-json\/wp\/v2\/product"}],"about":[{"href":"https:\/\/www.instop.biz\/blog\/wp-json\/wp\/v2\/types\/product"}],"replies":[{"embeddable":true,"href":"https:\/\/www.instop.biz\/blog\/wp-json\/wp\/v2\/comments?post=4092"}],"wp:featuredmedia":[{"embeddable":true,"href":"https:\/\/www.instop.biz\/blog\/wp-json\/wp\/v2\/media\/4093"}],"wp:attachment":[{"href":"https:\/\/www.instop.biz\/blog\/wp-json\/wp\/v2\/media?parent=4092"}],"wp:term":[{"taxonomy":"product_brand","embeddable":true,"href":"https:\/\/www.instop.biz\/blog\/wp-json\/wp\/v2\/product_brand?post=4092"},{"taxonomy":"product_cat","embeddable":true,"href":"https:\/\/www.instop.biz\/blog\/wp-json\/wp\/v2\/product_cat?post=4092"},{"taxonomy":"product_tag","embeddable":true,"href":"https:\/\/www.instop.biz\/blog\/wp-json\/wp\/v2\/product_tag?post=4092"}],"curies":[{"name":"wp","href":"https:\/\/api.w.org\/{rel}","templated":true}]}}