{"id":4104,"date":"2024-09-11T16:29:52","date_gmt":"2024-09-11T16:29:52","guid":{"rendered":"https:\/\/www.instop.biz\/blog\/producto\/leica-lino-l6r-1\/"},"modified":"2024-09-11T15:31:13","modified_gmt":"2024-09-11T14:31:13","slug":"leica-lino-l6r-1","status":"publish","type":"product","link":"https:\/\/www.instop.biz\/blog\/producto\/leica-lino-l6r-1\/","title":{"rendered":"Leica Lino L6R-1"},"content":{"rendered":"<ul>\n<li>Horizontal y dos verticales 360\u00b0 l\u00edneas de l\u00e1ser rojo<\/li>\n<li>Alta visibilidad gracias a los diodos l\u00e1ser de ultra potencia rojos<\/li>\n<li>Autonivelaci\u00f3n en un rango amplio<\/li>\n<li>Punto de plomada fijo gracias a la base integrada<\/li>\n<li>Resistencia ajustable de las l\u00edneas l\u00e1ser<\/li>\n<li>Rango de operaci\u00f3n de hasta 25 metros<\/li>\n<li>Bater\u00edas de ion litio con autonomia de hasta 36h*<\/li>\n<li>Adaptadores magn\u00e9ticos inteligentes para un f\u00e1cil posicionamiento<\/li>\n<\/ul>\n<p>&nbsp;<\/p>\n<p>*seg\u00fan modelo<\/p>\n<p>&nbsp;<\/p>\n<p><img decoding=\"async\" src=\"https:\/\/www.disto.es\/leica_lino\/L6G-L6R\/L6R-kit.png\" alt=\"\" width=\"573\" \/><\/p>\n<p>&nbsp;<\/p>\n<p>&nbsp;<\/p>\n<p><img decoding=\"async\" src=\"https:\/\/www.disto.es\/leica_lino\/L6G-L6R\/visibilidad-2.jpg\" alt=\"\" width=\"300\" \/><\/p>\n<p><strong>Excelente visibilidad de l\u00edneas y puntos l\u00e1ser<\/strong><\/p>\n<p>Todos los productos de leica lino incorporan d\u00e9cadas de conocimiento y experiencia en los campos de la \u00f3ptica y la electr\u00f3nica. El resultado es una visibilidad l\u00e1ser excepcional y una alta precisi\u00f3n de las l\u00edneas l\u00e1ser rojas y verdes.<br \/>\nLos nuevos diodos l\u00e1ser verde ultrapotentes son hasta cuatro veces m\u00e1s visibles para el ojo humano, lo que los hace ideales para entornos luminosos y habitaciones grandes. Con el fin de ahorrar energ\u00eda, las l\u00edneas l\u00e1ser son ajustables a niveles de potencia del 100%, 75% y 50%.<\/p>\n<p>&nbsp;<\/p>\n<p><img decoding=\"async\" src=\"https:\/\/www.disto.es\/leica_lino\/L6G-L6R\/base-integrata.jpg\" alt=\"\" width=\"300\" \/><\/p>\n<p><strong>Base integrada para una f\u00e1cil instalaci\u00f3n<\/strong><\/p>\n<p>La l\u00ednea l\u00e1ser vertical proyectada en paredes y techos se ajusta f\u00e1cilmente una vez que se establece el punto de plomada. la base integrada del l\u00e1ser de l\u00ednea le permite colocar la secci\u00f3n transversal (punto de plomada) de las dos l\u00edneas l\u00e1ser verticales donde sea necesario y luego ajustar la l\u00ednea l\u00e1ser en \u00b110 mientras mantiene la posici\u00f3n del punto de plomada.<\/p>\n<p>&nbsp;<\/p>\n<p><img decoding=\"async\" src=\"https:\/\/www.disto.es\/leica_lino\/L6G-L6R\/batterie-power.jpg\" alt=\"\" width=\"300\" \/><\/p>\n<p><strong>Concepto de triple potencia basado en tecnolog\u00eda Li-Ion<\/strong><\/p>\n<p>Los l\u00e1seres de l\u00ednea leica lino L6R y L6G pueden funcionar con bater\u00edas recargables de iones de litio, bater\u00edas alcalinas o con su adaptador de corriente. este concepto de triple potencia asegura un flujo de trabajo ininterrumpido.<\/p>\n<p>&nbsp;<\/p>\n<p><img decoding=\"async\" src=\"https:\/\/www.disto.es\/leica_lino\/L6G-L6R\/adaptadores-magneticos.jpg\" alt=\"\" width=\"300\" \/><\/p>\n<p><strong>Adaptadores magn\u00e9ticos<\/strong><\/p>\n<p>Los adaptadores magn\u00e9ticos le permiten colocar el dispositivo de forma r\u00e1pida y con alta precisi\u00f3n. Instale \/ instale f\u00e1cilmente los adaptadores giratorios sobre bordes y perfiles, f\u00edjelos a las tuber\u00edas de hierro de varias pistas y barras.<\/p>\n<p>&nbsp;<\/p>\n<p>&nbsp;<\/p>\n<p><img decoding=\"async\" src=\"https:\/\/www.disto.es\/leica_lino\/L6G-L6R\/robustezza.jpg\" alt=\"\" width=\"300\" \/><\/p>\n<p><strong>Robustez<\/strong><\/p>\n<p>Los l\u00e1seres leica Lino est\u00e1n hechos de fibra de vidrio de alta calidad \/ material reforzado, lo que los convierte en herramientas robustas, adecuadas para su uso en la obra. las \u00f3pticas est\u00e1n protegidas por un marco de aluminio y componentes de goma que absorben los impactos. Cada producto se prueba exhaustivamente para garantizar el cumplimiento de los est\u00e1ndares de calidad de leica Geosystems.<\/p>\n<p>&nbsp;<\/p>\n<p><img decoding=\"async\" src=\"https:\/\/www.disto.es\/leica_lino\/L6G-L6R\/L6R-laser.jpg\" alt=\"\" width=\"737\" \/><\/p>\n<p>&nbsp;<\/p>\n<p>&nbsp;<\/p>\n<p>&nbsp;<\/p>\n","protected":false},"excerpt":{"rendered":"<p>Horizontal y dos verticales 360\u00b0 l\u00edneas de l\u00e1ser rojo Alta visibilidad gracias a los diodos l\u00e1ser de ultra potencia rojos [&hellip;]<\/p>\n","protected":false},"featured_media":4105,"comment_status":"open","ping_status":"closed","template":"","meta":{"site-container-style":"default","site-container-layout":"default","site-sidebar-layout":"default","disable-article-header":"default","disable-site-header":"default","disable-site-footer":"default","disable-content-area-spacing":"default"},"product_brand":[],"product_cat":[9554],"product_tag":[],"class_list":{"0":"post-4104","1":"product","2":"type-product","3":"status-publish","4":"has-post-thumbnail","6":"product_cat-sin-categorizar","8":"first","9":"instock","10":"taxable","11":"shipping-taxable","12":"product-type-simple"},"aioseo_notices":[],"_links":{"self":[{"href":"https:\/\/www.instop.biz\/blog\/wp-json\/wp\/v2\/product\/4104","targetHints":{"allow":["GET"]}}],"collection":[{"href":"https:\/\/www.instop.biz\/blog\/wp-json\/wp\/v2\/product"}],"about":[{"href":"https:\/\/www.instop.biz\/blog\/wp-json\/wp\/v2\/types\/product"}],"replies":[{"embeddable":true,"href":"https:\/\/www.instop.biz\/blog\/wp-json\/wp\/v2\/comments?post=4104"}],"wp:featuredmedia":[{"embeddable":true,"href":"https:\/\/www.instop.biz\/blog\/wp-json\/wp\/v2\/media\/4105"}],"wp:attachment":[{"href":"https:\/\/www.instop.biz\/blog\/wp-json\/wp\/v2\/media?parent=4104"}],"wp:term":[{"taxonomy":"product_brand","embeddable":true,"href":"https:\/\/www.instop.biz\/blog\/wp-json\/wp\/v2\/product_brand?post=4104"},{"taxonomy":"product_cat","embeddable":true,"href":"https:\/\/www.instop.biz\/blog\/wp-json\/wp\/v2\/product_cat?post=4104"},{"taxonomy":"product_tag","embeddable":true,"href":"https:\/\/www.instop.biz\/blog\/wp-json\/wp\/v2\/product_tag?post=4104"}],"curies":[{"name":"wp","href":"https:\/\/api.w.org\/{rel}","templated":true}]}}