{"id":4114,"date":"2024-09-11T21:19:23","date_gmt":"2024-09-11T21:19:23","guid":{"rendered":"https:\/\/www.instop.biz\/blog\/producto\/lmr360r-with-clamps-case-868mhz\/"},"modified":"2024-09-11T20:43:54","modified_gmt":"2024-09-11T19:43:54","slug":"lmr360r-with-clamps-case-868mhz","status":"publish","type":"product","link":"https:\/\/www.instop.biz\/blog\/producto\/lmr360r-with-clamps-case-868mhz\/","title":{"rendered":"LMR360R with Clamps, Case, 868MHz"},"content":{"rendered":"<p class=\"normal_instop\">El <strong>MR360R ofrece una precisa informaci\u00f3n del nivel para todo tipo de aplicaciones<\/strong>. Amplias ventanas de detecci\u00f3n de 360\u00b0 reciben la se\u00f1al de cualquier l\u00e1ser desde cualquier \u00e1ngulo.<\/p>\n<p class=\"normal_instop\">Los <strong>indicadores nos muestran la verticalidad del soporte<\/strong>, si la se\u00f1al est\u00e1 por arriba, por debajo o fuera de rango. La posici\u00f3n vertical nos asegura que obtengamos medidas precisas y consistentes del nivel, ahorrando dinero por la reducci\u00f3n de la sobre-excavaci\u00f3n.<\/p>\n<p class=\"normal_instop\">Unos potentes imanes permiten montar f\u00e1cilmente y sujetar el receptor , se puede cambiar de m\u00e1quina con facilidad. Est\u00e1n disponibles tambi\u00e9n unos soportes con bridas.<\/p>\n<p class=\"normal_instop\">\n<p class=\"normal_instop\"><strong>Caracter\u00edsticas<\/strong><\/p>\n<p class=\"normal_instop\"><strong><img loading=\"lazy\" decoding=\"async\" src=\"https:\/\/www.instop.es\/0\/ok.png\" alt=\"\" width=\"17\" height=\"17\" \/><\/strong> Las <strong>luces LED<\/strong> nos muestran la posici\u00f3n del borde de la cuchilla en relaci\u00f3n al rayo de referencia.\u00a0<strong>7 canales indicadores en modo grueso y 9 canales en modo fino<\/strong>.<\/p>\n<p class=\"normal_instop\"><strong><img loading=\"lazy\" decoding=\"async\" src=\"https:\/\/www.instop.es\/0\/ok.png\" alt=\"\" width=\"17\" height=\"17\" \/><\/strong> La <strong>memoria<\/strong> almacena la \u00faltima se\u00f1al recibida. Las flechas indican el sentido en<br \/>\nque tiene que mover la cuchara para llegar al nivel del plano de<br \/>\nreferencia.<\/p>\n<p class=\"normal_instop\"><strong><img loading=\"lazy\" decoding=\"async\" src=\"https:\/\/www.instop.es\/0\/ok.png\" alt=\"\" width=\"17\" height=\"17\" \/><\/strong> El receptor tiene un<strong> indicador LED<\/strong> para la verticalidad; el display remoto tiene las flechas de direcci\u00f3n<br \/>\npara aplomar el brazo de la m\u00e1quina. Si usa un bulldozer o una<br \/>\nmoto-niveladora, estos LEDs los puede apagar para simplificar el display<br \/>\ny ahorrar bater\u00eda.<br \/>\n<strong><img loading=\"lazy\" decoding=\"async\" src=\"https:\/\/www.instop.es\/0\/ok.png\" alt=\"\" width=\"17\" height=\"17\" \/><\/strong> <strong>Robusto, a prueba de agua<\/strong>, soportes con silentblock.<\/p>\n<p class=\"normal_instop\">\n<p class=\"normal_instop\">\n<table border=\"1\" width=\"600\" cellspacing=\"0\" cellpadding=\"0\" align=\"center\">\n<tbody>\n<tr>\n<td width=\"115\"><img loading=\"lazy\" decoding=\"async\" src=\"https:\/\/www.instop.es\/niveles_leica\/LMR\/abrazaderas.jpg\" alt=\"\" width=\"100\" height=\"100\" \/><\/td>\n<td width=\"185\">\n<table border=\"0\" width=\"175\" cellspacing=\"0\" cellpadding=\"0\" align=\"center\">\n<tbody>\n<tr>\n<td class=\"normal_instop\" colspan=\"2\" align=\"center\"><strong>CON ABRAZADERAS<\/strong><\/td>\n<\/tr>\n<tr>\n<td class=\"normal_instop\" colspan=\"2\"><strong>REF. 773556<\/strong><\/td>\n<\/tr>\n<tr>\n<td class=\"normal-precios\" width=\"115\">1.160,00\u00a0\u20ac<\/td>\n<td width=\"60\">\n<div><a id=\"6003352\" class=\"afegirCarro\" href=\"https:\/\/www.instop.es\/guiado_maquinaria\/lmr360.php\"><img decoding=\"async\" src=\"https:\/\/www.instop.es\/ic\/cc2.png\" alt=\"\" \/><\/a><\/div>\n<\/td>\n<\/tr>\n<\/tbody>\n<\/table>\n<\/td>\n<td width=\"115\"><img loading=\"lazy\" decoding=\"async\" src=\"https:\/\/www.instop.es\/niveles_leica\/LMR\/soporte_magnetico.jpg\" alt=\"\" width=\"100\" height=\"100\" \/><\/td>\n<td width=\"185\">\n<table border=\"0\" width=\"175\" cellspacing=\"0\" cellpadding=\"0\" align=\"center\">\n<tbody>\n<tr>\n<td class=\"normal_instop\" colspan=\"2\" align=\"center\"><strong>CON SOPORTES MAGN\u00c9TICOS<\/strong><\/td>\n<\/tr>\n<tr>\n<td class=\"normal_instop\" colspan=\"2\"><strong>REF. 773557<\/strong><\/td>\n<\/tr>\n<tr>\n<td class=\"normal-precios\" width=\"115\">1.160,00\u00a0\u20ac<\/td>\n<td width=\"60\">\n<div><a id=\"6003353\" class=\"afegirCarro\" href=\"https:\/\/www.instop.es\/guiado_maquinaria\/lmr360.php\"><img decoding=\"async\" src=\"https:\/\/www.instop.es\/ic\/cc2.png\" alt=\"\" \/><\/a><\/div>\n<\/td>\n<\/tr>\n<\/tbody>\n<\/table>\n<\/td>\n<\/tr>\n<tr>\n<td><img loading=\"lazy\" decoding=\"async\" src=\"https:\/\/www.instop.es\/niveles_leica\/LMR\/abrazaderas.jpg\" alt=\"\" width=\"50\" height=\"50\" \/><img loading=\"lazy\" decoding=\"async\" src=\"https:\/\/www.instop.es\/80\/LMD360R_80.jpg\" alt=\"\" width=\"50\" height=\"50\" \/><\/td>\n<td>\n<table border=\"0\" width=\"175\" cellspacing=\"0\" cellpadding=\"0\" align=\"center\">\n<tbody>\n<tr>\n<td class=\"normal_instop\" colspan=\"2\" align=\"center\"><strong>Receptor LMR360R con abrazaderas + Detector LMD360R<\/strong><\/td>\n<\/tr>\n<tr>\n<td class=\"normal_instop\" colspan=\"2\"><strong>REF. 6003352<\/strong><\/td>\n<\/tr>\n<tr>\n<td class=\"normal-precios\" width=\"115\">Consultar<\/td>\n<td width=\"60\">\n<div><a id=\"775125\" class=\"afegirCarro\" href=\"https:\/\/www.instop.es\/guiado_maquinaria\/lmr360.php\"><img decoding=\"async\" src=\"https:\/\/www.instop.es\/ic\/cc2.png\" alt=\"\" \/><\/a><\/div>\n<\/td>\n<\/tr>\n<\/tbody>\n<\/table>\n<\/td>\n<td><img loading=\"lazy\" decoding=\"async\" src=\"https:\/\/www.instop.es\/niveles_leica\/LMR\/soporte_magnetico.jpg\" alt=\"\" width=\"50\" height=\"50\" \/><img loading=\"lazy\" decoding=\"async\" src=\"https:\/\/www.instop.es\/80\/LMD360R_80.jpg\" alt=\"\" width=\"50\" height=\"50\" \/><\/td>\n<td>\n<table border=\"0\" width=\"175\" cellspacing=\"0\" cellpadding=\"0\" align=\"center\">\n<tbody>\n<tr>\n<td class=\"normal_instop\" colspan=\"2\" align=\"center\"><strong>Receptor LMR360R con soportes magn\u00e9ticos + Detector LMD360R<\/strong><\/td>\n<\/tr>\n<tr>\n<td class=\"normal_instop\" colspan=\"2\"><strong>REF. 6003353<\/strong><\/td>\n<\/tr>\n<tr>\n<td class=\"normal-precios\" width=\"115\">Consultar<\/td>\n<td width=\"60\">\n<div><a id=\"775126\" class=\"afegirCarro\" href=\"https:\/\/www.instop.es\/guiado_maquinaria\/lmr360.php\"><img decoding=\"async\" src=\"https:\/\/www.instop.es\/ic\/cc2.png\" alt=\"\" \/><\/a><\/div>\n<\/td>\n<\/tr>\n<\/tbody>\n<\/table>\n<\/td>\n<\/tr>\n<\/tbody>\n<\/table>\n<p class=\"normal_instop\">\n<p class=\"normal_instop\">\n<table border=\"0\" width=\"525\" cellspacing=\"0\" cellpadding=\"0\" align=\"center\">\n<tbody>\n<tr>\n<td class=\"titol_1-Negatiu\" colspan=\"2\" bgcolor=\"#666666\" height=\"22\">Especificaciones LMR360R<\/td>\n<\/tr>\n<tr bgcolor=\"#e2e2e2\">\n<td class=\"normal_instop\" width=\"248\"><strong>Radio de trabajo<\/strong><\/td>\n<td class=\"normal_instop\" width=\"277\">200 m<\/td>\n<\/tr>\n<tr>\n<td class=\"normal_instop\"><strong>Recepci\u00f3n<\/strong><\/td>\n<td class=\"normal_instop\">360 \u00b0<\/td>\n<\/tr>\n<tr bgcolor=\"#e2e2e2\">\n<td class=\"normal_instop\"><strong>Ventana de captura<\/strong><\/td>\n<td class=\"normal_instop\">25 cm<\/td>\n<\/tr>\n<tr>\n<td class=\"normal_instop\"><strong>Precisi\u00f3n<\/strong><\/td>\n<td class=\"normal_instop\">Fina 6 mm<br \/>\nGruesa 12 mm<\/td>\n<\/tr>\n<tr bgcolor=\"#e2e2e2\">\n<td class=\"normal_instop\"><strong>Indicador vertical<\/strong><\/td>\n<td class=\"normal_instop\">\u00b1 5 \u00b0<\/td>\n<\/tr>\n<tr>\n<td class=\"normal_instop\"><strong>Protecci\u00f3n contra el agua y polvo<\/strong><\/td>\n<td class=\"normal_instop\">IP67<\/td>\n<\/tr>\n<tr bgcolor=\"#e2e2e2\">\n<td class=\"normal_instop\"><strong>Alimentaci\u00f3n<\/strong><\/td>\n<td class=\"normal_instop\">Bater\u00eda recargable de NiMh<\/td>\n<\/tr>\n<tr>\n<td class=\"normal_instop\"><strong>Duraci\u00f3n de la bater\u00eda<\/strong><\/td>\n<td class=\"normal_instop\">30 horas<\/td>\n<\/tr>\n<tr bgcolor=\"#e2e2e2\">\n<td class=\"normal_instop\"><strong>Tiempo de recarga<\/strong><\/td>\n<td class=\"normal_instop\">12 hours<\/td>\n<\/tr>\n<tr>\n<td class=\"normal_instop\"><strong>Alcance fecuencia<\/strong><\/td>\n<td class=\"normal_instop\">30 m entre LMR360R y LMD360R<\/td>\n<\/tr>\n<tr bgcolor=\"#e2e2e2\">\n<td class=\"normal_instop\"><strong>Tama\u00f1o<\/strong><\/td>\n<td class=\"normal_instop\">37.5 x 7.5 x 10.7 cm<\/td>\n<\/tr>\n<tr>\n<td class=\"normal_instop\"><strong>Peso<\/strong><\/td>\n<td class=\"normal_instop\">1.8 kg sin abrazaderas<\/td>\n<\/tr>\n<\/tbody>\n<\/table>\n","protected":false},"excerpt":{"rendered":"<p>El MR360R ofrece una precisa informaci\u00f3n del nivel para todo tipo de aplicaciones. Amplias ventanas de detecci\u00f3n de 360\u00b0 reciben [&hellip;]<\/p>\n","protected":false},"featured_media":4116,"comment_status":"open","ping_status":"closed","template":"","meta":{"site-container-style":"default","site-container-layout":"default","site-sidebar-layout":"default","disable-article-header":"default","disable-site-header":"default","disable-site-footer":"default","disable-content-area-spacing":"default"},"product_brand":[],"product_cat":[9554],"product_tag":[],"class_list":{"0":"post-4114","1":"product","2":"type-product","3":"status-publish","4":"has-post-thumbnail","6":"product_cat-sin-categorizar","8":"first","9":"instock","10":"taxable","11":"shipping-taxable","12":"product-type-simple"},"aioseo_notices":[],"_links":{"self":[{"href":"https:\/\/www.instop.biz\/blog\/wp-json\/wp\/v2\/product\/4114","targetHints":{"allow":["GET"]}}],"collection":[{"href":"https:\/\/www.instop.biz\/blog\/wp-json\/wp\/v2\/product"}],"about":[{"href":"https:\/\/www.instop.biz\/blog\/wp-json\/wp\/v2\/types\/product"}],"replies":[{"embeddable":true,"href":"https:\/\/www.instop.biz\/blog\/wp-json\/wp\/v2\/comments?post=4114"}],"wp:featuredmedia":[{"embeddable":true,"href":"https:\/\/www.instop.biz\/blog\/wp-json\/wp\/v2\/media\/4116"}],"wp:attachment":[{"href":"https:\/\/www.instop.biz\/blog\/wp-json\/wp\/v2\/media?parent=4114"}],"wp:term":[{"taxonomy":"product_brand","embeddable":true,"href":"https:\/\/www.instop.biz\/blog\/wp-json\/wp\/v2\/product_brand?post=4114"},{"taxonomy":"product_cat","embeddable":true,"href":"https:\/\/www.instop.biz\/blog\/wp-json\/wp\/v2\/product_cat?post=4114"},{"taxonomy":"product_tag","embeddable":true,"href":"https:\/\/www.instop.biz\/blog\/wp-json\/wp\/v2\/product_tag?post=4114"}],"curies":[{"name":"wp","href":"https:\/\/api.w.org\/{rel}","templated":true}]}}