{"id":4119,"date":"2024-09-11T21:45:29","date_gmt":"2024-09-11T21:45:29","guid":{"rendered":"https:\/\/www.instop.biz\/blog\/producto\/ls15-0-2mm-af-nivel-digital-w-cert\/"},"modified":"2024-09-11T20:46:15","modified_gmt":"2024-09-11T19:46:15","slug":"ls15-0-2mm-af-nivel-digital-w-cert","status":"publish","type":"product","link":"https:\/\/www.instop.biz\/blog\/producto\/ls15-0-2mm-af-nivel-digital-w-cert\/","title":{"rendered":"LS15 0.2mm AF Nivel digital w\/cert"},"content":{"rendered":"<p>Los niveles digitales Leica LS ofrecen\u00a0<strong>c\u00f3modas funciones automatizadas con una precisi\u00f3n de hasta 0,2 mm<\/strong>\u00a0(LS15) para recopilar datos de proyectos de manera r\u00e1pida y fiable. Desde la medici\u00f3n de estructuras, carreteras, v\u00edas f\u00e9rreas o puentes, hasta cualquier otra tarea de nivelaci\u00f3n por exigente que sea,<strong>\u00a0los niveles digitales Leica LS aportan la m\u00e1xima comodidad para la una amplia gama de aplicaciones de nivelaci\u00f3n complejas<\/strong>.<\/p>\n<p>Los niveles Leica LS le proporcionar\u00e1n:<\/p>\n<p>&nbsp;<\/p>\n<p><strong><img decoding=\"async\" style=\"height: 17px; margin: 0px; width: 17px;\" src=\"https:\/\/www.instop.es\/0\/ok.png\" alt=\"\" \/><\/strong>\u00a0<strong>La mayor precisi\u00f3n<\/strong><\/p>\n<p><strong><img decoding=\"async\" style=\"height: 17px; margin: 0px; width: 17px;\" src=\"https:\/\/www.instop.es\/0\/ok.png\" alt=\"\" \/><\/strong>\u00a0<strong>M\u00e1xima eficiencia<\/strong><\/p>\n<p><strong><img decoding=\"async\" style=\"height: 17px; margin: 0px; width: 17px;\" src=\"https:\/\/www.instop.es\/0\/ok.png\" alt=\"\" \/><\/strong>\u00a0<strong>Experiencia de campo<\/strong><\/p>\n<p><strong><img decoding=\"async\" style=\"height: 17px; margin: 0px; width: 17px;\" src=\"https:\/\/www.instop.es\/0\/ok.png\" alt=\"\" \/><\/strong>\u00a0<strong>El \u00abknow-how\u00bb de Leica Geosystems<\/strong><\/p>\n<p>&nbsp;<\/p>\n<p>&nbsp;<\/p>\n<p>Las nivelaciones pueden ser tediosas, exigentes y consumen mucho tiempo. Los nuevos niveles LS de Leica ofrecen nuevas funciones de enfoque autom\u00e1tico y la mejor precisi\u00f3n del mercado 0,2 mm, lo que permite capturar los datos de forma r\u00e1pida y evitar los errores de nivelaci\u00f3n tan comunes cuando se emplean herramientas menos sofisticadas.<\/p>\n<p>&nbsp;<\/p>\n<p><strong>Del enfoque autom\u00e1tico a la pantalla t\u00e1ctil de dise\u00f1o claro, ahora podr\u00e1 visualizar las l\u00edneas de nivelaci\u00f3n con marcas de tiempo en el campo.<\/strong> La topograf\u00eda y la medici\u00f3n profesionales se benefician a\u00fan m\u00e1s con la transferencia fiable de los datos de medici\u00f3n del campo a la oficina. Con la mejora de la conectividad y el\u00a0 software Leica Infinity, que le permitir\u00e1 completar sus proyectos de carreteras, ferrocarriles, t\u00faneles, etc. de manera eficiente y productiva.<\/p>\n<table style=\"width: 95%;\" border=\"0\" cellspacing=\"15\" cellpadding=\"1\">\n<tbody>\n<tr>\n<td><img decoding=\"async\" style=\"height: 154px; width: 154px;\" src=\"https:\/\/www.instop.es\/niveles-leica\/LS\/Leica_LS15_digital_camera_aiming_pic_154x154.jpg\" alt=\"\" \/><\/td>\n<td><img decoding=\"async\" style=\"height: 154px; width: 154px;\" src=\"https:\/\/www.instop.es\/niveles-leica\/LS\/Leica_LS15_autofocus_efficiency_pic_154x154.jpg\" alt=\"\" \/><\/td>\n<td><img decoding=\"async\" style=\"height: 154px; width: 154px;\" src=\"https:\/\/www.instop.es\/niveles-leica\/LS\/Leica_LS15_quick_setup_pic_154x154.jpg\" alt=\"\" \/><\/td>\n<td><img decoding=\"async\" style=\"height: 154px; width: 154px;\" src=\"https:\/\/www.instop.es\/niveles-leica\/LS\/Leica_LS15_easy_data_transfer_pic_154x154.jpg\" alt=\"\" \/><\/td>\n<\/tr>\n<tr>\n<td><strong>Establecimiento del objetivo con c\u00e1mara digital<\/strong><\/td>\n<td><strong>Eficacia de enfoque autom\u00e1tico<\/strong><\/td>\n<td><strong>Configuraci\u00f3n r\u00e1pida<\/strong><\/td>\n<td><strong>F\u00e1cil trasferencia de datos<\/strong><\/td>\n<\/tr>\n<\/tbody>\n<\/table>\n<p>&nbsp;<\/p>\n<p><strong>La mayor precisi\u00f3n<\/strong><br \/>\n&#8211; Precisi\u00f3n de 0,2 mm incluso con miras Invar est\u00e1ndar<br \/>\n&#8211; Burbuja de nivel electr\u00f3nico para una configuraci\u00f3n perfecta del instrumento<br \/>\n&#8211; Comprobaci\u00f3n de inclinaci\u00f3n antes de cada medici\u00f3n<br \/>\n&#8211; Enfoque autom\u00e1tico para lograr el m\u00e1ximo contraste de la mira<\/p>\n<p>&nbsp;<\/p>\n<p><strong>Experiencia de campo<\/strong><br \/>\n&#8211; Visualizaci\u00f3n de l\u00edneas de referencia in situ y en la oficina<br \/>\n&#8211; Resultados de obra y de campo en documentos con capturas de pantalla<br \/>\n&#8211; Gu\u00eda de visualizaci\u00f3n paso a paso para nivelar flujos de l\u00ednea<\/p>\n<p>&nbsp;<\/p>\n<p><strong>Eficacia del trabajo<\/strong><br \/>\n&#8211; C\u00e1mara digital que permite una visualizaci\u00f3n r\u00e1pida y precisa de la mira<br \/>\n&#8211; Dinamizaci\u00f3n de los procesos de nivelaci\u00f3n con una sola pulsaci\u00f3n de un bot\u00f3n<br \/>\n&#8211; Transferencia de datos r\u00e1pida y sencilla mediante conexi\u00f3n USB y Bluetooth<\/p>\n<p>&nbsp;<\/p>\n<p><strong>Experiencia de Leica Geosystems<\/strong><br \/>\n&#8211; M\u00e1s de 25 a\u00f1os de experiencia en el desarrollo de niveles digitales<br \/>\n&#8211; Asistencia para las tareas de nivelaci\u00f3n m\u00e1s complejas por parte de l\u00edderes del sector<\/p>\n<p>&nbsp;<\/p>\n<p><img decoding=\"async\" style=\"height: 227px; width: 299px;\" src=\"https:\/\/www.instop.es\/niveles-leica\/LS\/software.jpg\" alt=\"\" \/><\/p>\n<p>&nbsp;<\/p>\n<p><strong>La comodidad no termina en el campo<\/strong><br \/>\nEl conjunto de software de oficina Leica Infinity ofrece una gesti\u00f3n f\u00e1cil de usar y transferencias impecables de datos de nivelaci\u00f3n. Acerque y aleje el zoom f\u00e1cilmente para consultar las vistas de datos generales de l\u00edneas de nivelaci\u00f3n, c\u00e1lculos de l\u00ednea y ajustes. Con un par de clics, la extremadamente intuitiva interfaz de usuario de Leica Infinity le permite combinar texto o tablas con gr\u00e1ficos o datos de nivelaci\u00f3n complejos, o incluso realizar comprobaciones cruzadas de proyectos, en una sola<br \/>\nventana. Acceda a sus datos r\u00e1pidamente y con total precisi\u00f3n.<\/p>\n<p>&nbsp;<\/p>\n<p>&nbsp;<\/p>\n","protected":false},"excerpt":{"rendered":"<p>Los niveles digitales Leica LS ofrecen\u00a0c\u00f3modas funciones automatizadas con una precisi\u00f3n de hasta 0,2 mm\u00a0(LS15) para recopilar datos de proyectos [&hellip;]<\/p>\n","protected":false},"featured_media":4120,"comment_status":"open","ping_status":"closed","template":"","meta":{"site-container-style":"default","site-container-layout":"default","site-sidebar-layout":"default","disable-article-header":"default","disable-site-header":"default","disable-site-footer":"default","disable-content-area-spacing":"default"},"product_brand":[],"product_cat":[9554],"product_tag":[],"class_list":{"0":"post-4119","1":"product","2":"type-product","3":"status-publish","4":"has-post-thumbnail","6":"product_cat-sin-categorizar","8":"first","9":"outofstock","10":"taxable","11":"shipping-taxable","12":"product-type-simple"},"aioseo_notices":[],"_links":{"self":[{"href":"https:\/\/www.instop.biz\/blog\/wp-json\/wp\/v2\/product\/4119","targetHints":{"allow":["GET"]}}],"collection":[{"href":"https:\/\/www.instop.biz\/blog\/wp-json\/wp\/v2\/product"}],"about":[{"href":"https:\/\/www.instop.biz\/blog\/wp-json\/wp\/v2\/types\/product"}],"replies":[{"embeddable":true,"href":"https:\/\/www.instop.biz\/blog\/wp-json\/wp\/v2\/comments?post=4119"}],"wp:featuredmedia":[{"embeddable":true,"href":"https:\/\/www.instop.biz\/blog\/wp-json\/wp\/v2\/media\/4120"}],"wp:attachment":[{"href":"https:\/\/www.instop.biz\/blog\/wp-json\/wp\/v2\/media?parent=4119"}],"wp:term":[{"taxonomy":"product_brand","embeddable":true,"href":"https:\/\/www.instop.biz\/blog\/wp-json\/wp\/v2\/product_brand?post=4119"},{"taxonomy":"product_cat","embeddable":true,"href":"https:\/\/www.instop.biz\/blog\/wp-json\/wp\/v2\/product_cat?post=4119"},{"taxonomy":"product_tag","embeddable":true,"href":"https:\/\/www.instop.biz\/blog\/wp-json\/wp\/v2\/product_tag?post=4119"}],"curies":[{"name":"wp","href":"https:\/\/api.w.org\/{rel}","templated":true}]}}