{"id":4125,"date":"2024-09-11T09:21:45","date_gmt":"2024-09-11T08:21:45","guid":{"rendered":""},"modified":"2024-09-12T08:22:30","modified_gmt":"2024-09-12T07:22:30","slug":"nivel-laser-rugby-640-re-140-li-ion","status":"publish","type":"product","link":"https:\/\/www.instop.biz\/blog\/producto\/nivel-laser-rugby-640-re-140-li-ion\/","title":{"rendered":"Nivel l\u00e1ser Rugby 640, RE 140, Li-ion"},"content":{"rendered":"<p><strong>Leica Rugby 640 es un l\u00e1ser horizontal y vertical multifunci\u00f3n y con autonivelaci\u00f3n para aplicaciones en interiores y de construcci\u00f3n general.<\/strong><\/p>\n<p>&nbsp;<\/p>\n<p>Los l\u00e1seres Leica Rugby son los l\u00e1seres giratorios m\u00e1s adecuados para las aplicaciones de construcci\u00f3n. Nivele, alinee y defina escuadras m\u00e1s r\u00e1pido que nunca, eliminando errores costosos.<\/p>\n<p>&nbsp;<\/p>\n<p><img decoding=\"async\" src=\"https:\/\/www.instop.es\/0\/ok.png\" alt=\"\" \/> Se ajusta a cualquier aplicaci\u00f3n de nivelaci\u00f3n interior y exterior, alineaci\u00f3n y determinaci\u00f3n de \u00e1ngulos rectos<\/p>\n<p><img decoding=\"async\" src=\"https:\/\/www.instop.es\/0\/ok.png\" alt=\"\" \/> Escaneo 90\u00b0 &#8211; facilita la configuraci\u00f3n al mover r\u00e1pidamente el rayo a la izquierda o a la derecha<\/p>\n<p><img decoding=\"async\" src=\"https:\/\/www.instop.es\/0\/ok.png\" alt=\"\" \/> Modo rayo abajo &#8211; direcci\u00f3n de plomada abajo autom\u00e1tica y precisa para la alineaci\u00f3n sobre un punto de referencia<\/p>\n<p><img decoding=\"async\" src=\"https:\/\/www.instop.es\/0\/ok.png\" alt=\"\" \/> Modo sleep &#8211; prolonga la duraci\u00f3n de la bater\u00eda y deja al Leica Rugby en modo sleep sin afectar su trabajo<\/p>\n<p><img decoding=\"async\" src=\"https:\/\/www.instop.es\/0\/ok.png\" alt=\"\" \/>\u00a0Simple y fiable, l\u00e1ser con una sola tecla con el cual no hay posibilidad de error<\/p>\n<p><img decoding=\"async\" src=\"https:\/\/www.instop.es\/0\/ok.png\" alt=\"\" \/>\u00a0Excelente funcionamiento con todos los receptores Leica Rod Eye,\u00a0 ampl\u00ede su alcance de trabajo con el Rod Eye 140 Classic y el Rod Eye 160 Digital<\/p>\n<p><img decoding=\"async\" src=\"https:\/\/www.instop.es\/0\/ok.png\" alt=\"\" \/>\u00a0Rango de alcance 600m<\/p>\n<p>&nbsp;<\/p>\n<p><img decoding=\"async\" style=\"height: 694px; width: 800px;\" src=\"https:\/\/www.instop.es\/niveles-leica\/rugby_600\/esquema_2.jpg\" alt=\"\" \/><\/p>\n<p>&nbsp;<\/p>\n<p>&nbsp;<\/p>\n<p><img decoding=\"async\" style=\"height: 698px; width: 700px;\" src=\"https:\/\/www.instop.es\/niveles-leica\/rugby_600\/640_ambient.jpg\" alt=\"\" \/><\/p>\n","protected":false},"excerpt":{"rendered":"<p>Leica Rugby 640 es un l\u00e1ser horizontal y vertical multifunci\u00f3n y con autonivelaci\u00f3n para aplicaciones en interiores y de construcci\u00f3n [&hellip;]<\/p>\n","protected":false},"featured_media":4126,"comment_status":"open","ping_status":"closed","template":"","meta":{"site-container-style":"default","site-container-layout":"default","site-sidebar-layout":"default","disable-article-header":"default","disable-site-header":"default","disable-site-footer":"default","disable-content-area-spacing":"default"},"product_brand":[],"product_cat":[9554],"product_tag":[],"class_list":{"0":"post-4125","1":"product","2":"type-product","3":"status-publish","4":"has-post-thumbnail","6":"product_cat-sin-categorizar","8":"first","9":"outofstock","10":"taxable","11":"shipping-taxable","12":"product-type-simple"},"aioseo_notices":[],"_links":{"self":[{"href":"https:\/\/www.instop.biz\/blog\/wp-json\/wp\/v2\/product\/4125","targetHints":{"allow":["GET"]}}],"collection":[{"href":"https:\/\/www.instop.biz\/blog\/wp-json\/wp\/v2\/product"}],"about":[{"href":"https:\/\/www.instop.biz\/blog\/wp-json\/wp\/v2\/types\/product"}],"replies":[{"embeddable":true,"href":"https:\/\/www.instop.biz\/blog\/wp-json\/wp\/v2\/comments?post=4125"}],"wp:featuredmedia":[{"embeddable":true,"href":"https:\/\/www.instop.biz\/blog\/wp-json\/wp\/v2\/media\/4126"}],"wp:attachment":[{"href":"https:\/\/www.instop.biz\/blog\/wp-json\/wp\/v2\/media?parent=4125"}],"wp:term":[{"taxonomy":"product_brand","embeddable":true,"href":"https:\/\/www.instop.biz\/blog\/wp-json\/wp\/v2\/product_brand?post=4125"},{"taxonomy":"product_cat","embeddable":true,"href":"https:\/\/www.instop.biz\/blog\/wp-json\/wp\/v2\/product_cat?post=4125"},{"taxonomy":"product_tag","embeddable":true,"href":"https:\/\/www.instop.biz\/blog\/wp-json\/wp\/v2\/product_tag?post=4125"}],"curies":[{"name":"wp","href":"https:\/\/api.w.org\/{rel}","templated":true}]}}