{"id":4133,"date":"2024-09-11T09:49:20","date_gmt":"2024-09-11T08:49:20","guid":{"rendered":""},"modified":"2024-09-12T08:53:15","modified_gmt":"2024-09-12T07:53:15","slug":"leica-icon-gps-120-qgmultil-1","status":"publish","type":"product","link":"https:\/\/www.instop.biz\/blog\/producto\/leica-icon-gps-120-qgmultil-1\/","title":{"rendered":"Leica iCON gps 120 QG,multil.1"},"content":{"rendered":"<table style=\"width: 95%;\" border=\"0\" cellspacing=\"15\" cellpadding=\"0\">\n<tbody>\n<tr>\n<td><img decoding=\"async\" style=\"height: 214px; width: 400px;\" src=\"https:\/\/www.instop.es\/ICON\/i\/LeicaiCONgps3.jpg\" alt=\"\" \/><\/td>\n<td>\n<h2>Capacidad de ampliaci\u00f3n en su m\u00e1xima expresi\u00f3n<\/h2>\n<p>Las cambiantes demandas del proyecto, una futura expansi\u00f3n comercial y una gesti\u00f3n sencilla de la flota son solo algunas de las razones por las que las soluciones ampliables resultan tan ventajosas para las empresas de construcci\u00f3n pesada. Con la antena inteligente Leica iCON gps 120 puede invertir en la soluci\u00f3n de control de maquinaria que necesita hoy y actualizarla f\u00e1cilmente cuando las circunstancias lo requieran. La capacidad de adaptaci\u00f3n de los sistemas hace posible una actualizaci\u00f3n sencilla y rentable de un sistema 2D a 3D, y de una soluci\u00f3n GNSS sencilla a doble. Adem\u00e1s, la mayor\u00eda de componentes del sistema (panel Leica MCP80, software y las antenas inteligentes iCON gps 120) se puede intercambiar f\u00e1cilmente entre las m\u00e1quinas, lo que supone un mayor uso y rentabilidad de la inversi\u00f3n para su tecnolog\u00eda de control de maquinaria Leica.<\/p>\n<p>&nbsp;<\/td>\n<\/tr>\n<tr>\n<td>\n<h2>Flexible y a prueba de futuro<\/h2>\n<p>Adem\u00e1s de las ventajas de la capacidad de ampliaci\u00f3n, se suman las de la flexibilidad. Leica iCON gps 120 es flexible y adaptable en lo que respecta al lugar y modo de montaje en las m\u00e1quinas. Los usuarios tienen numerosas opciones para montar la antena que se ajustan a los distintos requerimientos de las m\u00e1quinas y las aplicaciones, como la placa adaptadora roscada para el montaje en m\u00e1stiles, el soporte de antena o el desconectar r\u00e1pido de antena para colocar y retirarla con facilidad.<\/p>\n<p>Leica iCON gps 120 se ha dise\u00f1ado con la \u00faltima tecnolog\u00eda GNSS que respalda las frecuencias m\u00e1s usadas en la industria. Su dise\u00f1o adaptable y el concepto del producto garantizan un uso duradero al tiempo que mantiene el ritmo de los cambiantes est\u00e1ndares del sector de la construcci\u00f3n pesada.<\/td>\n<td><img decoding=\"async\" style=\"height: 214px; width: 400px;\" src=\"https:\/\/www.instop.es\/ICON\/i\/LeicaiCONgps.jpg\" alt=\"\" \/><\/td>\n<\/tr>\n<tr>\n<td><img decoding=\"async\" style=\"height: 214px; width: 400px;\" src=\"https:\/\/www.instop.es\/ICON\/i\/LeicaiCONgps2.jpg\" alt=\"\" \/><\/td>\n<td>\n<h2>Nuevas posibilidades con la soluci\u00f3n de combinaci\u00f3n<\/h2>\n<p>Con la introducci\u00f3n de la antena inteligente Leica iCON gps 120 para m\u00e1quinas ofrecemos un concepto innovador y modular que le permite disfrutar de las enormes ventajas de una soluci\u00f3n ampliable y personalizable. Comience con una \u00fanica soluci\u00f3n GNSS con SBAS o el servicio PPP HxGN SmartNet. Cuando deba adherirse a especificaciones m\u00e1s estrictas, actual\u00edcelo f\u00e1cilmente y paso a paso hasta una soluci\u00f3n RTK completa que proporciona alta precisi\u00f3n con la adici\u00f3n de la unidad de comunicaci\u00f3n Leica CR50. A\u00f1adir una segunda Leica iCON gps 120 actualizar\u00e1 el sistema a una soluci\u00f3n GNSS doble de alta precisi\u00f3n. No importa cu\u00e1l sea la precisi\u00f3n o los requerimientos que deba cumplir: \u00a1con Leica iCON gps 120 es posible!<\/p>\n<p>&nbsp;<\/td>\n<\/tr>\n<tr>\n<td>\n<h2>Leica iCON gps 120 ofrece<\/h2>\n<ul>\n<li>Frecuencias compatibles: GPS (L1 C\/A, L1C, L2P, L2C, L5), GLONASS (L1, L2, L3), Galileo (E1, E5a, E5b, Alt-BOC, E6), BeiDou (B1, B2, B3)<\/li>\n<li>Soporta 555 canales<\/li>\n<li>Tasa de actualizaci\u00f3n de posici\u00f3n de 20Hz<\/li>\n<li>Servicio HxGN SmartNet\u00b0PPP disponible opcionalmente<\/li>\n<li>Bluetooth\u00ae de corto alcance<\/li>\n<li>Dos puertos de comunicaciones ethernet automotriz M12<\/li>\n<li>Un conector USB M8<\/li>\n<li>Tres indicadores LED de estado<\/li>\n<li>Hay varias opciones de equipo de montaje disponibles<\/li>\n<\/ul>\n<p>&nbsp;<\/td>\n<td><\/td>\n<\/tr>\n<tr>\n<td colspan=\"2\"><img decoding=\"async\" style=\"height: 638px; width: 900px;\" src=\"https:\/\/www.instop.es\/ICON\/i\/Leica-iCON-gps-120-DS2.png\" alt=\"\" \/><\/td>\n<\/tr>\n<\/tbody>\n<\/table>\n<p>&nbsp;<\/p>\n","protected":false},"excerpt":{"rendered":"<p>Capacidad de ampliaci\u00f3n en su m\u00e1xima expresi\u00f3n Las cambiantes demandas del proyecto, una futura expansi\u00f3n comercial y una gesti\u00f3n sencilla [&hellip;]<\/p>\n","protected":false},"featured_media":4134,"comment_status":"open","ping_status":"closed","template":"","meta":{"site-container-style":"default","site-container-layout":"default","site-sidebar-layout":"default","disable-article-header":"default","disable-site-header":"default","disable-site-footer":"default","disable-content-area-spacing":"default"},"product_brand":[],"product_cat":[9554],"product_tag":[],"class_list":{"0":"post-4133","1":"product","2":"type-product","3":"status-publish","4":"has-post-thumbnail","6":"product_cat-sin-categorizar","8":"first","9":"outofstock","10":"taxable","11":"shipping-taxable","12":"product-type-simple"},"aioseo_notices":[],"_links":{"self":[{"href":"https:\/\/www.instop.biz\/blog\/wp-json\/wp\/v2\/product\/4133","targetHints":{"allow":["GET"]}}],"collection":[{"href":"https:\/\/www.instop.biz\/blog\/wp-json\/wp\/v2\/product"}],"about":[{"href":"https:\/\/www.instop.biz\/blog\/wp-json\/wp\/v2\/types\/product"}],"replies":[{"embeddable":true,"href":"https:\/\/www.instop.biz\/blog\/wp-json\/wp\/v2\/comments?post=4133"}],"wp:featuredmedia":[{"embeddable":true,"href":"https:\/\/www.instop.biz\/blog\/wp-json\/wp\/v2\/media\/4134"}],"wp:attachment":[{"href":"https:\/\/www.instop.biz\/blog\/wp-json\/wp\/v2\/media?parent=4133"}],"wp:term":[{"taxonomy":"product_brand","embeddable":true,"href":"https:\/\/www.instop.biz\/blog\/wp-json\/wp\/v2\/product_brand?post=4133"},{"taxonomy":"product_cat","embeddable":true,"href":"https:\/\/www.instop.biz\/blog\/wp-json\/wp\/v2\/product_cat?post=4133"},{"taxonomy":"product_tag","embeddable":true,"href":"https:\/\/www.instop.biz\/blog\/wp-json\/wp\/v2\/product_tag?post=4133"}],"curies":[{"name":"wp","href":"https:\/\/api.w.org\/{rel}","templated":true}]}}