{"id":4135,"date":"2024-09-12T09:56:20","date_gmt":"2024-09-12T09:56:20","guid":{"rendered":"https:\/\/www.instop.biz\/blog\/producto\/leica-icon-gps-160\/"},"modified":"2024-09-12T08:57:03","modified_gmt":"2024-09-12T07:57:03","slug":"leica-icon-gps-160","status":"publish","type":"product","link":"https:\/\/www.instop.biz\/blog\/producto\/leica-icon-gps-160\/","title":{"rendered":"Leica iCON gps 160"},"content":{"rendered":"<p><img decoding=\"async\" style=\"height: 428px; width: 800px;\" src=\"https:\/\/www.instop.es\/ICON\/gps160\/leica_icon_pgs_160_many_solutions_800x428.jpg\" alt=\"\" \/><\/p>\n<p>&nbsp;<\/p>\n<p><strong>Una antena, muchas soluciones<\/strong><\/p>\n<p>Leica iCON gps 160 ofrece una versatilidad sin igual que admite r\u00f3ver, estaci\u00f3n base, veh\u00edculo y diversas aplicaciones integradas en la m\u00e1quina. Las verificaciones del replanteo y del estado de construcci\u00f3n se realizan de forma m\u00e1s c\u00f3moda y mucho m\u00e1s r\u00e1pida con la iCON gps 160 porque la gu\u00eda de nivel b\u00e1sico de la m\u00e1quina puede mejorar el uso y la eficiencia de la m\u00e1quina. Esto la convierte en una soluci\u00f3n \u00fanica a la altura de los requerimientos de los clientes m\u00e1s exigentes.<\/p>\n<p>&nbsp;<\/p>\n<p><img decoding=\"async\" style=\"height: 428px; width: 800px;\" src=\"https:\/\/www.instop.es\/ICON\/gps160\/leica_icon_pgs_160_simplicity_800x428.jpg\" alt=\"\" \/><\/p>\n<p>&nbsp;<\/p>\n<p><strong>Simplicidad y sencillez de uso<\/strong><\/p>\n<p>Cualquier persona puede configurar la antena iCON gps 160 de forma r\u00e1pida y sencilla, sin ning\u00fan equipo adicional, gracias a la pantalla a color integrada y la estructura de software m\u00e1s intuitiva de la industria y las funciones inteligentes. Los flujos de trabajo sencillos e intuitivos se han dise\u00f1ado de forma expresa para satisfacer las necesidades de los empleados de la construcci\u00f3n, lo que permite reducir los costes de inversi\u00f3n y los tiempos de parada.<\/p>\n<p>&nbsp;<\/p>\n<p><img decoding=\"async\" style=\"height: 428px; width: 800px;\" src=\"https:\/\/www.instop.es\/ICON\/gps160\/leica_icon_pgs_160_tilt_compensation_800x428.jpg\" alt=\"\" \/><\/p>\n<p><strong>Compensaci\u00f3n de inclinaci\u00f3n<\/strong><\/p>\n<p>Leica iCON gps 160 est\u00e1 disponible de forma opcional con una unidad de medici\u00f3n inercial (IMU) para aumentar a\u00fan m\u00e1s la eficiencia con la funci\u00f3n de compensaci\u00f3n de inclinaci\u00f3n. Esta funci\u00f3n permite medir y replantear con un bast\u00f3n inclinado para realizar tareas diarias de forma m\u00e1s r\u00e1pida, sin necesidad de nivelar la burbuja del bast\u00f3n.<\/p>\n<p>&nbsp;<\/p>\n<p><strong>Leica iCON gps 160 ofrece:<\/strong><\/p>\n<p>Pantalla a color integrada para una configuraci\u00f3n r\u00e1pida y sencilla<br \/>\nRobusta carcasa de aluminio y protecci\u00f3n IP66\/IP68 para resistir las condiciones m\u00e1s rigurosas<br \/>\nTecnolog\u00eda RTK de \u00faltima generaci\u00f3n para una inicializaci\u00f3n r\u00e1pida y fiabilidad<br \/>\nSmartLink Fill para resolver interrupciones en la se\u00f1al de conexi\u00f3n RTK de hasta 10 minutos<br \/>\nNuevo SATEL TR489 que admite frecuencias de radio tanto de 400 MHz como 900 MHz (solo EE. UU.\/CA)<br \/>\nM\u00f3dem global integrado<br \/>\nSmart Get here, BasePilot, asistente de configuraci\u00f3n y otras funciones inteligentes<br \/>\nDisponible de forma opcional con compensaci\u00f3n de inclinaci\u00f3n que no necesita calibraci\u00f3n<br \/>\nIntegraci\u00f3n perfecta en soluciones de campo iCON<\/p>\n<p>&nbsp;<\/p>\n<p><img decoding=\"async\" style=\"height: 1107px; width: 1050px;\" src=\"https:\/\/www.instop.es\/ICON\/gps160\/GPS160-2.png\" alt=\"\" \/><\/p>\n","protected":false},"excerpt":{"rendered":"<p>&nbsp; Una antena, muchas soluciones Leica iCON gps 160 ofrece una versatilidad sin igual que admite r\u00f3ver, estaci\u00f3n base, veh\u00edculo [&hellip;]<\/p>\n","protected":false},"featured_media":4136,"comment_status":"open","ping_status":"closed","template":"","meta":{"site-container-style":"default","site-container-layout":"default","site-sidebar-layout":"default","disable-article-header":"default","disable-site-header":"default","disable-site-footer":"default","disable-content-area-spacing":"default"},"product_brand":[],"product_cat":[9581],"product_tag":[],"class_list":{"0":"post-4135","1":"product","2":"type-product","3":"status-publish","4":"has-post-thumbnail","6":"product_cat-gps","8":"first","9":"outofstock","10":"taxable","11":"shipping-taxable","12":"product-type-simple"},"aioseo_notices":[],"_links":{"self":[{"href":"https:\/\/www.instop.biz\/blog\/wp-json\/wp\/v2\/product\/4135","targetHints":{"allow":["GET"]}}],"collection":[{"href":"https:\/\/www.instop.biz\/blog\/wp-json\/wp\/v2\/product"}],"about":[{"href":"https:\/\/www.instop.biz\/blog\/wp-json\/wp\/v2\/types\/product"}],"replies":[{"embeddable":true,"href":"https:\/\/www.instop.biz\/blog\/wp-json\/wp\/v2\/comments?post=4135"}],"wp:featuredmedia":[{"embeddable":true,"href":"https:\/\/www.instop.biz\/blog\/wp-json\/wp\/v2\/media\/4136"}],"wp:attachment":[{"href":"https:\/\/www.instop.biz\/blog\/wp-json\/wp\/v2\/media?parent=4135"}],"wp:term":[{"taxonomy":"product_brand","embeddable":true,"href":"https:\/\/www.instop.biz\/blog\/wp-json\/wp\/v2\/product_brand?post=4135"},{"taxonomy":"product_cat","embeddable":true,"href":"https:\/\/www.instop.biz\/blog\/wp-json\/wp\/v2\/product_cat?post=4135"},{"taxonomy":"product_tag","embeddable":true,"href":"https:\/\/www.instop.biz\/blog\/wp-json\/wp\/v2\/product_tag?post=4135"}],"curies":[{"name":"wp","href":"https:\/\/api.w.org\/{rel}","templated":true}]}}