{"id":4139,"date":"2024-09-11T10:09:38","date_gmt":"2024-09-11T09:09:38","guid":{"rendered":""},"modified":"2024-09-12T09:11:08","modified_gmt":"2024-09-12T08:11:08","slug":"hp-siteprint-robot","status":"publish","type":"product","link":"https:\/\/www.instop.biz\/blog\/producto\/hp-siteprint-robot\/","title":{"rendered":"HP SitePrint Robot"},"content":{"rendered":"<p>Esta tecnolog\u00eda avanzada agiliza el proceso, haci\u00e9ndolo m\u00e1s f\u00e1cil que nunca para crear dise\u00f1os precisos y efectivos para tu proyecto. Transforma tu proceso de construcci\u00f3n hoy con el innovador robot de dise\u00f1o de HP.<\/p>\n<p>Al digitalizar lo que durante mucho tiempo ha sido una tarea manual y que consume mucho tiempo, HP SitePrint facilita y acelera el proceso para los profesionales de la construcci\u00f3n, permiti\u00e9ndoles dar vida a una idea en el lugar, al tiempo que proporciona precisi\u00f3n y reduce costos.<\/p>\n<h3><\/h3>\n<h3>Mejorar la productividad en el sitio<\/h3>\n<p>Reducir los costos de dise\u00f1o y mano de obra con tecnolog\u00eda aut\u00f3noma. Ahorrar tiempo con texto impreso para enriquecer la informaci\u00f3n en el lugar y liberar experiencia para agregar valor en otros lugares.<\/p>\n<p>&nbsp;<\/p>\n<h3>Obtener dise\u00f1os precisos<\/h3>\n<p>Completar cada proyecto exactamente como se debe. Contar con una implementaci\u00f3n precisa y exacta de dise\u00f1os complejos.<\/p>\n<p>&nbsp;<\/p>\n<h3>F\u00e1cil de usar<\/h3>\n<p>Manejar proyectos de manera fluida con una soluci\u00f3n integral de gesti\u00f3n de dise\u00f1o de construcci\u00f3n. Empacar el dispositivo port\u00e1til entre sitios y listo.<\/p>\n<p>&nbsp;<\/p>\n<p><img decoding=\"async\" style=\"height: 533px; width: 1050px;\" src=\"https:\/\/www.instop.es\/hp\/i\/banner-2.jpg\" alt=\"\" \/><\/p>\n<p>&nbsp;<\/p>\n<p>Tradicionalmente resistentes al cambio, los l\u00edderes de la construcci\u00f3n en toda la industria han sido incentivados a revolucionar su enfoque. Con una nueva y emocionante oportunidad para adoptar la tecnolog\u00eda y transformar las operaciones de construcci\u00f3n, el robot HP SitePrint est\u00e1 impulsando el cambio.<\/p>\n<p><img decoding=\"async\" style=\"height: 678px; width: 1050px;\" src=\"https:\/\/www.instop.es\/hp\/i\/parts-del-robot.jpg\" alt=\"\" \/><\/p>\n<p>&nbsp;<\/p>\n<h3>1. Mejora de la Eficiencia en el Dise\u00f1o de Edificaciones<\/h3>\n<p>Los proyectos de construcci\u00f3n a menudo enfrentan desaf\u00edos como volatilidades de costos y escasez de talento. HP SitePrint utiliza herramientas digitales y automatizaci\u00f3n para atraer a j\u00f3venes profesionales con conocimientos tecnol\u00f3gicos, impulsando la productividad y generando ahorros de costos.<\/p>\n<p>El flujo de trabajo simplificado y la interfaz intuitiva de HP SitePrint permiten a los equipos de construcci\u00f3n crear de manera r\u00e1pida y precisa dise\u00f1os de edificaciones, optimizando el uso del espacio y los recursos. Esto no solo ahorra tiempo, sino que tambi\u00e9n reduce las posibilidades de errores y retrabajos, logrando una ejecuci\u00f3n m\u00e1s fluida del proyecto.<\/p>\n<p>&nbsp;<\/p>\n<h3>2. Uso Optimizado de Recursos y Escalabilidad<\/h3>\n<p>Ajustar los recursos para satisfacer las demandas del proyecto es una lucha com\u00fan para las empresas de construcci\u00f3n. HP SitePrint capacita a un \u00fanico operador para completar eficientemente los dise\u00f1os de edificaciones.<\/p>\n<p>Al aprovechar las caracter\u00edsticas avanzadas de HP SitePrint, los equipos de construcci\u00f3n pueden asignar recursos de manera m\u00e1s efectiva, asegurando una utilizaci\u00f3n y escalabilidad \u00f3ptimas. La capacidad de HP SitePrint para navegar en entornos complejos e imprimir texto directamente en el sitio proporciona informaci\u00f3n e instrucciones en tiempo real, mejorando la eficiencia del proyecto, la gesti\u00f3n de costos y minimizando retrasos.<\/p>\n<p>&nbsp;<\/p>\n<h3>3. Adopci\u00f3n Digital Acelerada en el Sitio<\/h3>\n<p>En la era de la transformaci\u00f3n digital, los l\u00edderes de la construcci\u00f3n deben asumir el papel de l\u00edderes digitales. El robot HP SitePrint ofrece beneficios inmediatos y medibles a los profesionales del dise\u00f1o, liberando tiempo para tareas que generan valor. Con su interfaz f\u00e1cil de usar y controles intuitivos, HP SitePrint simplifica la adopci\u00f3n de herramientas y procesos digitales. Los equipos de construcci\u00f3n pueden integrar r\u00e1pidamente el robot en su flujo de trabajo, aprovechando sus capacidades para automatizar tareas repetitivas y alcanzar nuevos niveles de eficiencia.<\/p>\n<p>&nbsp;<\/p>\n<h3>4. Predictibilidad y estabilidad de costos<\/h3>\n<p>Gestionar los costos del proyecto en medio de incertidumbres del mercado y volatilidad de precios es un desaf\u00edo significativo para los l\u00edderes de la construcci\u00f3n. HP SitePrint estabiliza los costos al reducir errores y automatizar el proceso de dise\u00f1o.<\/p>\n<p>Al implementar HP SitePrint, las empresas de construcci\u00f3n obtienen un mayor control sobre la presupuestaci\u00f3n y la gesti\u00f3n de costos. La precisi\u00f3n y exactitud del robot al generar dise\u00f1os de edificaciones eliminan errores costosos, mientras que sus capacidades de automatizaci\u00f3n reducen la necesidad de intervenci\u00f3n manual, ahorrando tiempo y recursos.<\/p>\n<p>&nbsp;<\/p>\n<h3>5. Construcci\u00f3n de la Futura Fuerza Laboral<\/h3>\n<p>La industria de la construcci\u00f3n enfrenta una escasez cr\u00edtica de mano de obra, con un porcentaje relevante de la fuerza laboral que se espera se retire en la pr\u00f3xima d\u00e9cada. HP SitePrint no solo mejora la productividad, sino que tambi\u00e9n atrae a la generaci\u00f3n m\u00e1s joven y tecnol\u00f3gicamente avanzada que ingresa al mercado laboral.<\/p>\n<p>La integraci\u00f3n de tecnolog\u00eda de vanguardia en las operaciones de construcci\u00f3n posiciona a las empresas como empleadores atractivos y con visi\u00f3n de futuro para la pr\u00f3xima generaci\u00f3n. Con HP SitePrint, los equipos de construcci\u00f3n pueden demostrar su compromiso de aprovechar la tecnolog\u00eda para la eficiencia e innovaci\u00f3n, convirti\u00e9ndose en una opci\u00f3n atractiva para j\u00f3venes profesionales que buscan carreras significativas y tecnol\u00f3gicamente avanzadas.<\/p>\n<p>&nbsp;<\/p>\n<p><img decoding=\"async\" style=\"height: 529px; width: 1050px;\" src=\"https:\/\/www.instop.es\/hp\/i\/parts-del-robot-2.jpg\" alt=\"\" \/><\/p>\n<p>&nbsp;<\/p>\n<h3>Desbloquea el Potencial de HP SitePrint<\/h3>\n<p>HP SitePrint representa una soluci\u00f3n transformadora para la industria de la construcci\u00f3n. Al mejorar la eficiencia, maximizar los recursos, acelerar la adopci\u00f3n digital, garantizar la previsibilidad de costos y atraer a la fuerza laboral del futuro, esta herramienta innovadora capacita a los l\u00edderes de la construcci\u00f3n para prosperar en un entorno que cambia r\u00e1pidamente.<\/p>\n<p>Con el soporte integral y el servicio proporcionado por HP, la adopci\u00f3n e implementaci\u00f3n de HP SitePrint se vuelve fluida, permitiendo a las empresas de construcci\u00f3n desbloquear todo el potencial de la tecnolog\u00eda en sus operaciones.<\/p>\n<p>Acepta el futuro de la tecnolog\u00eda de construcci\u00f3n con las caracter\u00edsticas revolucionarias de HP SitePrint.<\/p>\n","protected":false},"excerpt":{"rendered":"<p>Esta tecnolog\u00eda avanzada agiliza el proceso, haci\u00e9ndolo m\u00e1s f\u00e1cil que nunca para crear dise\u00f1os precisos y efectivos para tu proyecto. [&hellip;]<\/p>\n","protected":false},"featured_media":4140,"comment_status":"open","ping_status":"closed","template":"","meta":{"site-container-style":"default","site-container-layout":"default","site-sidebar-layout":"default","disable-article-header":"default","disable-site-header":"default","disable-site-footer":"default","disable-content-area-spacing":"default"},"product_brand":[],"product_cat":[9554],"product_tag":[],"class_list":{"0":"post-4139","1":"product","2":"type-product","3":"status-publish","4":"has-post-thumbnail","6":"product_cat-sin-categorizar","8":"first","9":"outofstock","10":"taxable","11":"shipping-taxable","12":"product-type-simple"},"aioseo_notices":[],"_links":{"self":[{"href":"https:\/\/www.instop.biz\/blog\/wp-json\/wp\/v2\/product\/4139","targetHints":{"allow":["GET"]}}],"collection":[{"href":"https:\/\/www.instop.biz\/blog\/wp-json\/wp\/v2\/product"}],"about":[{"href":"https:\/\/www.instop.biz\/blog\/wp-json\/wp\/v2\/types\/product"}],"replies":[{"embeddable":true,"href":"https:\/\/www.instop.biz\/blog\/wp-json\/wp\/v2\/comments?post=4139"}],"wp:featuredmedia":[{"embeddable":true,"href":"https:\/\/www.instop.biz\/blog\/wp-json\/wp\/v2\/media\/4140"}],"wp:attachment":[{"href":"https:\/\/www.instop.biz\/blog\/wp-json\/wp\/v2\/media?parent=4139"}],"wp:term":[{"taxonomy":"product_brand","embeddable":true,"href":"https:\/\/www.instop.biz\/blog\/wp-json\/wp\/v2\/product_brand?post=4139"},{"taxonomy":"product_cat","embeddable":true,"href":"https:\/\/www.instop.biz\/blog\/wp-json\/wp\/v2\/product_cat?post=4139"},{"taxonomy":"product_tag","embeddable":true,"href":"https:\/\/www.instop.biz\/blog\/wp-json\/wp\/v2\/product_tag?post=4139"}],"curies":[{"name":"wp","href":"https:\/\/api.w.org\/{rel}","templated":true}]}}