{"id":4151,"date":"2024-09-11T18:34:51","date_gmt":"2024-09-11T17:34:51","guid":{"rendered":""},"modified":"2024-10-08T09:37:25","modified_gmt":"2024-10-08T08:37:25","slug":"gdf322-base-nivelante-pro-con-plomada","status":"publish","type":"product","link":"https:\/\/www.instop.biz\/blog\/producto\/gdf322-base-nivelante-pro-con-plomada\/","title":{"rendered":"GDF322 Base nivelante PRO, con plomada"},"content":{"rendered":"<p>Elevada precisi\u00f3n, libre de mantenimiento. Comprobada individualmente. Robusta plomada \u00f3ptica, pr\u00e1cticamente no requiere calibraci\u00f3n en toda su vida \u00fatil.<\/p>\n","protected":false},"excerpt":{"rendered":"<p>Elevada precisi\u00f3n, libre de mantenimiento. Comprobada individualmente. Robusta plomada \u00f3ptica, pr\u00e1cticamente no requiere calibraci\u00f3n en toda su vida \u00fatil.<\/p>\n","protected":false},"featured_media":4152,"comment_status":"open","ping_status":"closed","template":"","meta":{"site-container-style":"default","site-container-layout":"default","site-sidebar-layout":"default","disable-article-header":"default","disable-site-header":"default","disable-site-footer":"default","disable-content-area-spacing":"default"},"product_brand":[],"product_cat":[9597],"product_tag":[],"class_list":{"0":"post-4151","1":"product","2":"type-product","3":"status-publish","4":"has-post-thumbnail","6":"product_cat-accesorios-para-escaneres-3d-2","8":"first","9":"instock","10":"taxable","11":"shipping-taxable","12":"product-type-simple"},"aioseo_notices":[],"_links":{"self":[{"href":"https:\/\/www.instop.biz\/blog\/wp-json\/wp\/v2\/product\/4151","targetHints":{"allow":["GET"]}}],"collection":[{"href":"https:\/\/www.instop.biz\/blog\/wp-json\/wp\/v2\/product"}],"about":[{"href":"https:\/\/www.instop.biz\/blog\/wp-json\/wp\/v2\/types\/product"}],"replies":[{"embeddable":true,"href":"https:\/\/www.instop.biz\/blog\/wp-json\/wp\/v2\/comments?post=4151"}],"wp:featuredmedia":[{"embeddable":true,"href":"https:\/\/www.instop.biz\/blog\/wp-json\/wp\/v2\/media\/4152"}],"wp:attachment":[{"href":"https:\/\/www.instop.biz\/blog\/wp-json\/wp\/v2\/media?parent=4151"}],"wp:term":[{"taxonomy":"product_brand","embeddable":true,"href":"https:\/\/www.instop.biz\/blog\/wp-json\/wp\/v2\/product_brand?post=4151"},{"taxonomy":"product_cat","embeddable":true,"href":"https:\/\/www.instop.biz\/blog\/wp-json\/wp\/v2\/product_cat?post=4151"},{"taxonomy":"product_tag","embeddable":true,"href":"https:\/\/www.instop.biz\/blog\/wp-json\/wp\/v2\/product_tag?post=4151"}],"curies":[{"name":"wp","href":"https:\/\/api.w.org\/{rel}","templated":true}]}}