{"id":4166,"date":"2024-09-12T11:29:24","date_gmt":"2024-09-12T10:29:24","guid":{"rendered":"https:\/\/www.instop.biz\/blog\/producto\/leica-dst-360-x\/"},"modified":"2024-09-13T10:40:58","modified_gmt":"2024-09-13T09:40:58","slug":"leica-dst-360-x","status":"publish","type":"product","link":"https:\/\/www.instop.biz\/blog\/producto\/leica-dst-360-x\/","title":{"rendered":"Leica DST 360-X"},"content":{"rendered":"<p>El adaptador <strong>Leica DST 360-X<\/strong> es el complemento ideal para el <strong>Leica DISTO X6<\/strong>. Con esta estaci\u00f3n de medici\u00f3n s\u00f3lida se pueden medir distancias entre dos puntos cualesquiera. Y combinada con la aplicaci\u00f3n <strong>Leica DISTO Plan<\/strong>, se pueden elaborar planos asbuilt para su posterior procesamiento en una herramienta CAD.<\/p>\n<p>&nbsp;<\/p>\n<p>&nbsp;<\/p>\n<p><img decoding=\"async\" style=\"height: 718px; width: 1000px;\" src=\"https:\/\/www.disto.es\/accessories\/i\/Leica-DST-360-X-adapter.jpg\" alt=\"\" \/><\/p>\n<p>&nbsp;<\/p>\n<p><img decoding=\"async\" style=\"height: 563px; width: 1000px;\" src=\"https:\/\/www.disto.es\/accessories\/i\/leica_infographic_p2p_technology_1920_1080_1123_es.jpg\" alt=\"\" \/><\/p>\n","protected":false},"excerpt":{"rendered":"<p>El adaptador Leica DST 360-X es el complemento ideal para el Leica DISTO X6. Con esta estaci\u00f3n de medici\u00f3n s\u00f3lida [&hellip;]<\/p>\n","protected":false},"featured_media":4167,"comment_status":"open","ping_status":"closed","template":"","meta":{"site-container-style":"default","site-container-layout":"default","site-sidebar-layout":"default","disable-article-header":"default","disable-site-header":"default","disable-site-footer":"default","disable-content-area-spacing":"default"},"product_brand":[],"product_cat":[9554],"product_tag":[],"class_list":{"0":"post-4166","1":"product","2":"type-product","3":"status-publish","4":"has-post-thumbnail","6":"product_cat-sin-categorizar","8":"first","9":"outofstock","10":"taxable","11":"shipping-taxable","12":"product-type-simple"},"aioseo_notices":[],"_links":{"self":[{"href":"https:\/\/www.instop.biz\/blog\/wp-json\/wp\/v2\/product\/4166","targetHints":{"allow":["GET"]}}],"collection":[{"href":"https:\/\/www.instop.biz\/blog\/wp-json\/wp\/v2\/product"}],"about":[{"href":"https:\/\/www.instop.biz\/blog\/wp-json\/wp\/v2\/types\/product"}],"replies":[{"embeddable":true,"href":"https:\/\/www.instop.biz\/blog\/wp-json\/wp\/v2\/comments?post=4166"}],"wp:featuredmedia":[{"embeddable":true,"href":"https:\/\/www.instop.biz\/blog\/wp-json\/wp\/v2\/media\/4167"}],"wp:attachment":[{"href":"https:\/\/www.instop.biz\/blog\/wp-json\/wp\/v2\/media?parent=4166"}],"wp:term":[{"taxonomy":"product_brand","embeddable":true,"href":"https:\/\/www.instop.biz\/blog\/wp-json\/wp\/v2\/product_brand?post=4166"},{"taxonomy":"product_cat","embeddable":true,"href":"https:\/\/www.instop.biz\/blog\/wp-json\/wp\/v2\/product_cat?post=4166"},{"taxonomy":"product_tag","embeddable":true,"href":"https:\/\/www.instop.biz\/blog\/wp-json\/wp\/v2\/product_tag?post=4166"}],"curies":[{"name":"wp","href":"https:\/\/api.w.org\/{rel}","templated":true}]}}