{"id":4195,"date":"2024-09-19T18:41:59","date_gmt":"2024-09-19T18:41:59","guid":{"rendered":""},"modified":"2024-09-28T15:52:00","modified_gmt":"2024-09-28T14:52:00","slug":"modulo-de-escaneado-laser-autonomo-leica-blk-arc","status":"publish","type":"product","link":"https:\/\/www.instop.biz\/blog\/producto\/modulo-de-escaneado-laser-autonomo-leica-blk-arc\/","title":{"rendered":"M\u00f3dulo de escaneado l\u00e1ser aut\u00f3nomo Leica BLK ARC"},"content":{"rendered":"<p>&nbsp;<\/p>\n<p>Nuestro primer transportador rob\u00f3tico es el robot Spot de Boston Dynamics. BLK ARC, combinado con Spot, crea un flujo de trabajo r\u00e1pido, sencillo, seguro y aut\u00f3nomo para la captura de la realidad. Juntos, ejecutan misiones de escaneado totalmente aut\u00f3nomas y repetibles para capturar nubes de puntos 3D e im\u00e1genes panor\u00e1micas mientras Spot transporta el BLK ARC.<\/p>\n<h2>M\u00f3dulo de escaneado l\u00e1ser aut\u00f3nomo BLK ARC<\/h2>\n<p>&#8211; Realizan misiones de escaneado de forma aut\u00f3noma con una intervenci\u00f3n m\u00ednima por parte del usuario<\/p>\n<p>&#8211; Se monta con facilidad en Spot de Boston Dynamics y se integra con sus sensores<\/p>\n<p>&#8211; Mejora la navegaci\u00f3n rob\u00f3tica al tiempo que captura nubes de puntos 3D para crear gemelos digitales en 3D<\/p>\n<p>&#8211; Durante la misma misi\u00f3n Captura tanto escaneados est\u00e1ticos como en moviemento<\/p>\n<p>&#8211; Puede repetir misiones de escaneado de forma aut\u00f3noma para mantener proyectos actualizados e incluir cambios en el entorno<\/p>\n<p>&#8211; Utiliza la tecnolog\u00eda GrandSLAM: LiDAR SLAM, Visual SLAM e IMU para capturar la realidad y navegar de forma aut\u00f3noma por entornos complejos<\/p>\n<p>Con BLK ARC UI, una interfaz sencilla basada en navegador, los usuarios pueden planificar rutas de escaneado de forma remota con los planos o modelos BIM existentes del edificio, incluidos espacios de gran tama\u00f1o y complejidad. Esto permite al usuario ahorrar tiempo y mantenerse en una ubicaci\u00f3n segura mientras BLK ARC escanea lugares complejos o peligrosos.<\/p>\n<h2>BLK ARC UI permite al usuario:<\/h2>\n<p>&#8211; Operar distintos sensores y transportadores rob\u00f3ticos<\/p>\n<p>&#8211; Crear perfiles de usuario<\/p>\n<p>&#8211; Administrar las configuraciones de escaneo y del propio robot<\/p>\n<p>&#8211; Controlar la trayectoria del robot y la c\u00e1mara<\/p>\n<p>BLK ARC UI salva la distancia entre la oficina y el campo y permite cargar al robot misiones planificadas offline en Cyclone 3DR. Una vez completada la misi\u00f3n, BLK ARC UI ayuda a dirigir los datos, bien a nuestro software, Leica Cyclone, o cargarlos directamente desde el terreno a HxDR.<\/p>\n<p>&nbsp;<\/p>\n<h2>Funcionamiento remoto<\/h2>\n<p>Planifique y ejecute misiones desde un emplazamiento remoto, ya sea en la oficina o en el terreno, lo que le mantiene a salvo de zonas peligrosas.<\/p>\n<p>&nbsp;<\/p>\n<h2>Planificaci\u00f3n de rutas offline<\/h2>\n<p>Cree nuevas misiones y adapte las existentes a cualquier entorno con Leica Cyclone 3DR.<\/p>\n<p>&nbsp;<\/p>\n<h2>Tecnolog\u00eda GrandSLAM<\/h2>\n<p>GrandSLAM combina LiDAR SLAM, Visual SLAM e IMU para hacer posible un escaneado y navegaci\u00f3n rob\u00f3tica totalmente aut\u00f3nomos.<\/p>\n<p>&nbsp;<\/p>\n<h2>Modos de escaneo est\u00e1tico y m\u00f3vil<\/h2>\n<p>BLK ARC puede escanear en modo est\u00e1tico y m\u00f3vil durante el mismo trabajo, y registrar en el mismo proyecto ambos tipos de escaneados.<\/p>\n<p>&nbsp;<\/p>\n<h2>Protecci\u00f3n del m\u00f3dulo LiDAR<\/h2>\n<p>La barra en U incluida protege el m\u00f3dulo BLK ARC cuando est\u00e1 montado en el transportador rob\u00f3tico.<\/p>\n<p>&nbsp;<\/p>\n<h2>Interfaz de usuario sencilla<\/h2>\n<p>Controle y administre su BLK ARC desde una aplicaci\u00f3n f\u00e1cil de usar basada en el navegador: BLK ARC UI.<\/p>\n<p>&nbsp;<\/p>\n<h2>Cargar a HxDR<\/h2>\n<p>Cargue los datos de BLK ARC directamente desde el m\u00f3dulo a HxDR, nuestra plataforma basada en la nube de almacenamiento, visualizaci\u00f3n y colaboraci\u00f3n.<\/p>\n","protected":false},"excerpt":{"rendered":"<p>&nbsp; Nuestro primer transportador rob\u00f3tico es el robot Spot de Boston Dynamics. BLK ARC, combinado con Spot, crea un flujo [&hellip;]<\/p>\n","protected":false},"featured_media":4235,"comment_status":"open","ping_status":"closed","template":"","meta":{"site-container-style":"default","site-container-layout":"default","site-sidebar-layout":"default","disable-article-header":"default","disable-site-header":"default","disable-site-footer":"default","disable-content-area-spacing":"default"},"product_brand":[],"product_cat":[9554],"product_tag":[],"class_list":{"0":"post-4195","1":"product","2":"type-product","3":"status-publish","4":"has-post-thumbnail","6":"product_cat-sin-categorizar","8":"first","9":"outofstock","10":"taxable","11":"shipping-taxable","12":"product-type-simple"},"aioseo_notices":[],"_links":{"self":[{"href":"https:\/\/www.instop.biz\/blog\/wp-json\/wp\/v2\/product\/4195","targetHints":{"allow":["GET"]}}],"collection":[{"href":"https:\/\/www.instop.biz\/blog\/wp-json\/wp\/v2\/product"}],"about":[{"href":"https:\/\/www.instop.biz\/blog\/wp-json\/wp\/v2\/types\/product"}],"replies":[{"embeddable":true,"href":"https:\/\/www.instop.biz\/blog\/wp-json\/wp\/v2\/comments?post=4195"}],"wp:featuredmedia":[{"embeddable":true,"href":"https:\/\/www.instop.biz\/blog\/wp-json\/wp\/v2\/media\/4235"}],"wp:attachment":[{"href":"https:\/\/www.instop.biz\/blog\/wp-json\/wp\/v2\/media?parent=4195"}],"wp:term":[{"taxonomy":"product_brand","embeddable":true,"href":"https:\/\/www.instop.biz\/blog\/wp-json\/wp\/v2\/product_brand?post=4195"},{"taxonomy":"product_cat","embeddable":true,"href":"https:\/\/www.instop.biz\/blog\/wp-json\/wp\/v2\/product_cat?post=4195"},{"taxonomy":"product_tag","embeddable":true,"href":"https:\/\/www.instop.biz\/blog\/wp-json\/wp\/v2\/product_tag?post=4195"}],"curies":[{"name":"wp","href":"https:\/\/api.w.org\/{rel}","templated":true}]}}