{"id":4241,"date":"2024-09-30T10:08:55","date_gmt":"2024-09-30T10:08:55","guid":{"rendered":"https:\/\/www.instop.biz\/blog\/producto\/pack-dji-mavic-3-enterprise-sp-sin-base-rtk\/"},"modified":"2024-09-30T09:10:47","modified_gmt":"2024-09-30T08:10:47","slug":"pack-dji-mavic-3-enterprise-sp-sin-base-rtk","status":"publish","type":"product","link":"https:\/\/www.instop.biz\/blog\/producto\/pack-dji-mavic-3-enterprise-sp-sin-base-rtk\/","title":{"rendered":"PACK DJI MAVIC 3 ENTERPRISE SP (sin base RTK)"},"content":{"rendered":"<h3><strong>Mediciones con velocidad<\/strong><\/h3>\n<p>La c\u00e1mara gran angular con sensor CMOS 4\/3 de 20\u00a0MP del Mavic\u00a03E dispone de un obturador mec\u00e1nico para prevenir la distorsi\u00f3n por movimiento y permite grabaci\u00f3n r\u00e1pida con intervalos de 0.7\u00a0segundos. Realiza misiones de mapeo con una eficiencia extraordinaria sin necesidad de puntos de control de tierra.<\/p>\n<p>&nbsp;<\/p>\n<p><img decoding=\"async\" src=\"https:\/\/www.instop.es\/dji\/mavic3\/video-2.gif\" alt=\"\" \/><\/p>\n<h3><\/h3>\n<h3><strong>Rendimiento mejorado con poca luz<\/strong><\/h3>\n<p>La c\u00e1mara gran angular del Mavic\u00a03E dispone de grandes p\u00edxeles de 3.3\u00a0\u03bcm para, junto con el modo inteligente con poca luz, ofrecer un rendimiento significativamente mejorado en entornos poco iluminados.<\/p>\n<p>&nbsp;<\/p>\n<p><img decoding=\"async\" src=\"https:\/\/www.instop.es\/dji\/mavic3\/video-3.gif\" alt=\"\" \/><\/p>\n<h3><\/h3>\n<h3><strong>Enfoca y encuentra<\/strong><\/h3>\n<p>Tanto el Mavic\u00a03E como el Mavic\u00a03T est\u00e1n equipados con una c\u00e1mara con zoom de 12\u00a0MP, que admite zoom h\u00edbrido hasta 56\u00d7, para ver detalles esenciales desde lejos.<\/p>\n<p>&nbsp;<\/p>\n<h3><strong>Ver lo nunca visto<\/strong><\/h3>\n<p>La c\u00e1mara t\u00e9rmica del Mavic\u00a03T tiene una resoluci\u00f3n de 640\u00d7512 y permite medici\u00f3n de temperatura en punto y en \u00e1rea, alertas por alta temperatura, paletas de color e isotermas, para ayudarte a encontrar a tus objetivos y tomar decisiones r\u00e1pidas.[2]<\/p>\n<p>&nbsp;<\/p>\n<h3><strong>Ver lo nunca visto<\/strong><\/h3>\n<p>La c\u00e1mara t\u00e9rmica del Mavic\u00a03T tiene una resoluci\u00f3n de 640\u00d7512 y permite medici\u00f3n de temperatura en punto y en \u00e1rea, alertas por alta temperatura, paletas de color e isotermas, para ayudarte a encontrar a tus objetivos y tomar decisiones r\u00e1pidas.[2]<\/p>\n<p>&nbsp;<\/p>\n<h3><strong>Zoom simult\u00e1neo en pantalla dividida<\/strong><\/h3>\n<p>Las c\u00e1maras t\u00e9rmica y con zoom del Mavic\u00a03T permiten zoom 28\u00d7 continuo, uno junto a otro, para comparar f\u00e1cilmente.[2]<\/p>\n<p>&nbsp;<\/p>\n<h3><strong>Bater\u00edas optimizadas para durar<\/strong><\/h3>\n<p>45 minutos de duraci\u00f3n del vuelo que te permiten abarcar m\u00e1s terreno en cada misi\u00f3n, para mapear hasta 2 km2 en un solo vuelo.[3][5]<\/p>\n<p>Tiempo m\u00e1x. de vuelo: 45\u00a0minutos[3]<\/p>\n<p>\u00c1rea de medici\u00f3n en un solo vuelo: 2\u00a0kil\u00f3metros cuadrados[5]<\/p>\n<p>&nbsp;<\/p>\n<h3><strong>Transmisi\u00f3n de imagen de \u00faltima generaci\u00f3n<\/strong><\/h3>\n<p>La transmisi\u00f3n O3\u00a0Enterprise con antena c\u00fabica permite conexiones m\u00e1s estables en una gran variedad de entornos complejos.<\/p>\n<p>&nbsp;<\/p>\n<p><img decoding=\"async\" style=\"height: 300px; width: 600px;\" src=\"https:\/\/www.instop.es\/dji\/mavic3\/video-6.gif\" alt=\"\" \/><\/p>\n<p>&nbsp;<\/p>\n<p>Equipado con objetivos gran angular en todos los lados para disponer de un sistema anticolisi\u00f3n omnidireccional sin puntos ciegos. Ajusta las alarmas de proximidad y la distancia de frenado seg\u00fan los requerimientos de la misi\u00f3n.[6]<\/p>\n<p>El RPO avanzado planifica autom\u00e1ticamente la ruta \u00f3ptima de regreso, para ahorrar energ\u00eda, tiempo y preocupaciones.<\/p>\n<p>APAS\u00a05.0 permite el redireccionamiento autom\u00e1tico alrededor de los obst\u00e1culos, para que puedas volar con m\u00e1s tranquilidad.[7]<\/p>\n<p>&nbsp;<\/p>\n<p><img decoding=\"async\" style=\"height: 337px; width: 600px;\" src=\"https:\/\/www.instop.es\/dji\/mavic3\/video-7.gif\" alt=\"\" \/><\/p>\n<h2><\/h2>\n<h2><strong>Ruta de vuelo<\/strong><\/h2>\n<h3><strong>Seguimiento del terreno en tiempo real<\/strong><\/h3>\n<p>Ajusta autom\u00e1ticamente la altitud al cartografiar zonas con distintas elevaciones, sin tener que importar datos externos de elevaci\u00f3n, gracias a la detecci\u00f3n omnidireccional del Mavic\u00a03E.[8]<\/p>\n<h3><\/h3>\n<h3><strong>Captura oblicua inteligente<\/strong><\/h3>\n<p>Aumenta la eficiencia de tu misi\u00f3n de fotograf\u00eda oblicua con Captura oblicua inteligente. Durante el vuelo, el estabilizador gira autom\u00e1ticamente en tres direcciones: delantera, media y trasera. Dos rutas pueden recopilar todas las fotos en los \u00e1ngulos necesarios para el modelado\u00a03D de alta precisi\u00f3n.<\/p>\n<p>&nbsp;<\/p>\n<h3><strong>Grabaci\u00f3n de misiones en directo<\/strong><\/h3>\n<p>Graba acciones de la misi\u00f3n, como el movimiento de la aeronave, orientaci\u00f3n del estabilizador, grabaci\u00f3n de fotos y nivel de zoom, para crear archivos de muestra de la misi\u00f3n para futuros vuelos automatizados.<\/p>\n<p>&nbsp;<\/p>\n<h3><strong>Planificaci\u00f3n de misiones Corredor<\/strong><\/h3>\n<p>Crea misiones de vuelo automatizadas de autopistas, r\u00edos, oleoductos, etc., con planificaci\u00f3n de misiones Corredor. Simplemente dibuja una l\u00ednea en el mapa y esta funci\u00f3n divide el \u00e1rea en segmentos mapeables para topografiarlos directamente.<\/p>\n<p>1. Solo disponible para Mavic\u00a03E.<\/p>\n<p>2. NO expongas las lentes de la c\u00e1mara t\u00e9rmica a fuentes intensas de energ\u00eda, como la luz solar, lava o rayos l\u00e1ser. De lo contrario, el sensor de la c\u00e1mara podr\u00eda quemarse y sufrir da\u00f1os permanentes.<\/p>\n<p>3. Medido a una velocidad uniforme de 32-4\u00a0km\/h en un entorno sin viento. Se ofrece solo como referencia. Al volar, presta atenci\u00f3n a los avisos de vuelo de regreso en la aplicaci\u00f3n DJI\u00a0Pilot\u00a02.<\/p>\n<p>4. Los accesorios se venden por separado.<\/p>\n<p>5. A una GSD de 5\u00a0cm, con una tasa de superposici\u00f3n delantera del 80\u00a0%, una tasa de superposici\u00f3n lateral del 60\u00a0% y una velocidad de vuelo de 15\u00a0m\/s.<\/p>\n<p>&nbsp;<\/p>\n<p>6. No vueles en condiciones clim\u00e1ticas adversas, como vientos fuertes (velocidades de 12\u00a0m\/s y superiores), nieve, lluvia, rayos, niebla, etc. No vueles a altitudes superiores a 6000\u00a0metros. No vueles en entornos a menos de \u221210\u00a0\u00b0C ni a m\u00e1s de 40\u00a0\u00b0C. No despegues desde superficies en movimiento (p. ej., coches o barcos en movimiento). Para asegurar el correcto funcionamiento del sistema de posicionamiento visual, no vueles en zonas reflectantes especulares; y vuela en un entorno bien iluminado cuando las se\u00f1ales GNSS sean d\u00e9biles. La luz ambiental d\u00e9bil podr\u00eda causar que sistema de visi\u00f3n no funcione correctamente. Presta atenci\u00f3n a la seguridad de vuelo cuando vueles cerca de fuentes de interferencias electromagn\u00e9ticas. Entre las fuentes habituales de interferencias magn\u00e9ticas se incluyen l\u00edneas de tensi\u00f3n de alto voltaje, estaciones de transmisi\u00f3n de alto voltaje, estaciones de radar, repetidores de telefon\u00eda, torres de emisi\u00f3n, puntos de acceso a Wi-Fi, routers, dispositivos Bluetooth, etc.<\/p>\n<p>7. Solo admitido en modo de vuelo manual. Se recomienda tener precauci\u00f3n al volar en entornos peligrosos.<\/p>\n<p>8. Actualmente solo disponible con la compra de la Serie DJI\u00a0Mavic\u00a03 Enterprise<\/p>\n","protected":false},"excerpt":{"rendered":"<p>Mediciones con velocidad La c\u00e1mara gran angular con sensor CMOS 4\/3 de 20\u00a0MP del Mavic\u00a03E dispone de un obturador mec\u00e1nico [&hellip;]<\/p>\n","protected":false},"featured_media":4242,"comment_status":"open","ping_status":"closed","template":"","meta":{"site-container-style":"default","site-container-layout":"default","site-sidebar-layout":"default","disable-article-header":"default","disable-site-header":"default","disable-site-footer":"default","disable-content-area-spacing":"default"},"product_brand":[],"product_cat":[9554],"product_tag":[],"class_list":{"0":"post-4241","1":"product","2":"type-product","3":"status-publish","4":"has-post-thumbnail","6":"product_cat-sin-categorizar","8":"first","9":"instock","10":"taxable","11":"shipping-taxable","12":"product-type-simple"},"aioseo_notices":[],"_links":{"self":[{"href":"https:\/\/www.instop.biz\/blog\/wp-json\/wp\/v2\/product\/4241","targetHints":{"allow":["GET"]}}],"collection":[{"href":"https:\/\/www.instop.biz\/blog\/wp-json\/wp\/v2\/product"}],"about":[{"href":"https:\/\/www.instop.biz\/blog\/wp-json\/wp\/v2\/types\/product"}],"replies":[{"embeddable":true,"href":"https:\/\/www.instop.biz\/blog\/wp-json\/wp\/v2\/comments?post=4241"}],"wp:featuredmedia":[{"embeddable":true,"href":"https:\/\/www.instop.biz\/blog\/wp-json\/wp\/v2\/media\/4242"}],"wp:attachment":[{"href":"https:\/\/www.instop.biz\/blog\/wp-json\/wp\/v2\/media?parent=4241"}],"wp:term":[{"taxonomy":"product_brand","embeddable":true,"href":"https:\/\/www.instop.biz\/blog\/wp-json\/wp\/v2\/product_brand?post=4241"},{"taxonomy":"product_cat","embeddable":true,"href":"https:\/\/www.instop.biz\/blog\/wp-json\/wp\/v2\/product_cat?post=4241"},{"taxonomy":"product_tag","embeddable":true,"href":"https:\/\/www.instop.biz\/blog\/wp-json\/wp\/v2\/product_tag?post=4241"}],"curies":[{"name":"wp","href":"https:\/\/api.w.org\/{rel}","templated":true}]}}