{"id":4264,"date":"2024-10-01T19:15:44","date_gmt":"2024-10-01T19:15:44","guid":{"rendered":"https:\/\/www.instop.biz\/blog\/producto\/alquiler-diario-leica-zeno-flx100-smart-antenna\/"},"modified":"2024-10-01T18:24:52","modified_gmt":"2024-10-01T17:24:52","slug":"alquiler-diario-leica-zeno-flx100-smart-antenna","status":"publish","type":"product","link":"https:\/\/www.instop.biz\/blog\/producto\/alquiler-diario-leica-zeno-flx100-smart-antenna\/","title":{"rendered":"Alquiler diario Leica Zeno FLX100 Smart Antenna"},"content":{"rendered":"<p><img loading=\"lazy\" decoding=\"async\" src=\"https:\/\/www.instop.es\/guiado_maquinaria\/productos-2020-21\/Leica_Zeno_FLX100.png\" alt=\"\" width=\"600\" height=\"316\" \/><\/p>\n<p>&nbsp;<\/p>\n<p>Los datos de ubicaci\u00f3n son un bien que sustenta la toma de decisiones sin importar la industria.<\/p>\n<p>La antena inteligente Leica Zeno FLX100 captura datos espaciales de una manera simple y flexible que le permite la libertad de trabajar como desee.<br \/>\nUna bandeja de mano universal le permite emparejar el FLX100 con su propio tel\u00e9fono inteligente o tableta. Para una captura de datos de mayor precisi\u00f3n, simplemente use un poste de levantamiento que aproveche la tecnolog\u00eda HxGN SmartNet RTK.<\/p>\n<p>Utilice Leica Zeno Mobile para obtener la m\u00e1xima experiencia en la captura de datos profesional o empareje con Leica Zeno Connect para permitir un posicionamiento de alta precisi\u00f3n en otras aplicaciones de recopilaci\u00f3n de datos en varios sistemas operativos.<\/p>\n<p>&nbsp;<\/p>\n<p><img loading=\"lazy\" decoding=\"async\" src=\"https:\/\/www.instop.es\/imatgemax\/Leica_Zeno_FLX100.png\" alt=\"\" width=\"478\" height=\"428\" \/><\/p>\n<p><strong>Leica Zeno FLX100. Se adapta a tus necesidades. <\/strong><br \/>\nAntena inteligente compacta, precisa y ligera.<\/p>\n<p>&nbsp;<\/p>\n<p><img loading=\"lazy\" decoding=\"async\" src=\"https:\/\/www.instop.es\/guiado_maquinaria\/productos-2020-21\/Accurate.png\" alt=\"\" width=\"240\" height=\"185\" \/><br \/>\n<span class=\"VIiyi\" lang=\"es\"><span class=\"JLqJ4b\"><strong>Precisa<br \/>\n<\/strong>Centim\u00e9trica, multifrecuencia, RTK y Postproceso. Trabaja con las constelaciones GPS, Glonass, Galileo y Beidou.<br \/>\n<\/span><span class=\"JLqJ4b ChMk0b\">Precisi\u00f3n de nivel centim\u00e9trico en una carcasa ultraport\u00e1til.<br \/>\n<\/span><\/span><\/p>\n<p><img loading=\"lazy\" decoding=\"async\" src=\"https:\/\/www.instop.es\/guiado_maquinaria\/productos-2020-21\/flexible.png\" alt=\"\" width=\"240\" height=\"185\" \/><br \/>\n<span class=\"VIiyi\" lang=\"es\"><span class=\"JLqJ4b\"><strong>FLX de Flexible<\/strong><br \/>\n<\/span><span class=\"JLqJ4b ChMk0b\"><strong>Montaje: p<\/strong><\/span><span class=\"JLqJ4b\">uedes montarla en jal\u00f3n o bien soporte de mano o brazo<br \/>\n<\/span><span class=\"JLqJ4b ChMk0b\"><strong>Dispositivo:<\/strong>\u00a0c<\/span><span class=\"JLqJ4b\">ompatible con Zeno Tab2 (Tablet) o smarphone o Tablet (Android o Windows)<br \/>\n<\/span><span class=\"JLqJ4b ChMk0b\"><strong>Software:<\/strong>\u00a0<\/span><\/span>Usa Leica Zeno Mobile o software de terceros con Zeno<br \/>\nConnect<\/p>\n<p><img loading=\"lazy\" decoding=\"async\" src=\"https:\/\/www.instop.es\/guiado_maquinaria\/productos-2020-21\/trust.png\" alt=\"\" width=\"240\" height=\"185\" \/><br \/>\n<span class=\"VIiyi\" lang=\"es\"><span class=\"JLqJ4b ChMk0b\"><strong>Confiar<\/strong><\/span><span class=\"JLqJ4b\"><br \/>\n<\/span><span class=\"JLqJ4b ChMk0b\">El FLX100 est\u00e1 repleto de tecnolog\u00eda en la que puede confiar.<\/span> <span class=\"JLqJ4b ChMk0b\">Ha sido probado en los entornos m\u00e1s duros, es resistente al polvo y al agua y tiene m\u00e1s de 20 horas de duraci\u00f3n de la bater\u00eda.<\/span> <span class=\"JLqJ4b ChMk0b\">Todos se combinan para hacerlo m\u00e1s eficiente en el campo.<\/span><\/span><\/p>\n<p>&nbsp;<\/p>\n<p><strong><br \/>\n<\/strong><span class=\"VIiyi\" lang=\"es\"><strong>Aplicaciones de campo f\u00e1ciles de usar <\/strong><br \/>\nCapture datos GIS ricos en funciones en el campo con la antena inteligente Leica Zeno FLX100 utilizando la aplicaci\u00f3n Leica Zeno Mobile. La facilidad de uso facilita la captura y gesti\u00f3n de datos.<\/span><\/p>\n<p>Zeno Mobile facilita la captura y atribuci\u00f3n de datos GIS en el campo. Utilice la resistente Leica Zeno Tab 2 o su propio tel\u00e9fono inteligente o tableta Android y empareje con otros sensores como tel\u00e9metros l\u00e1ser y localizadores de cable para capturar m\u00e1s datos en menos tiempo. Comparta sus datos con la oficina a trav\u00e9s de la nube. Si desea utilizar su propia aplicaci\u00f3n de recopilaci\u00f3n de datos, la aplicaci\u00f3n Leica Zeno Connect facilita la transmisi\u00f3n de posiciones GNSS de alta precisi\u00f3n desde el FLX100 a la aplicaci\u00f3n que elija.<\/p>\n<p><strong>Atenci\u00f3n al cliente a un clic <\/strong><br \/>\nA trav\u00e9s de Active Customer Care, una red global de profesionales experimentados est\u00e1 a solo un clic de distancia para guiarlo de manera experta a trav\u00e9s de cualquier problema.<\/p>\n<p>Elimine retrasos con un servicio t\u00e9cnico superior<br \/>\nTermine los trabajos m\u00e1s r\u00e1pido con una excelente atenci\u00f3n al cliente<br \/>\nEvite las costosas visitas al sitio con el servicio en l\u00ednea para enviar y recibir datos directamente desde el campo.<\/p>\n<p>Controle sus costos con un paquete de atenci\u00f3n al cliente personalizado, que le brinda la tranquilidad de estar cubierto en cualquier lugar y en cualquier momento.<\/p>\n","protected":false},"excerpt":{"rendered":"<p>&nbsp; Los datos de ubicaci\u00f3n son un bien que sustenta la toma de decisiones sin importar la industria. La antena [&hellip;]<\/p>\n","protected":false},"featured_media":4265,"comment_status":"open","ping_status":"closed","template":"","meta":{"site-container-style":"default","site-container-layout":"default","site-sidebar-layout":"default","disable-article-header":"default","disable-site-header":"default","disable-site-footer":"default","disable-content-area-spacing":"default"},"product_brand":[],"product_cat":[9591],"product_tag":[],"class_list":{"0":"post-4264","1":"product","2":"type-product","3":"status-publish","4":"has-post-thumbnail","6":"product_cat-gis","8":"first","9":"outofstock","10":"taxable","11":"shipping-taxable","12":"product-type-simple"},"aioseo_notices":[],"_links":{"self":[{"href":"https:\/\/www.instop.biz\/blog\/wp-json\/wp\/v2\/product\/4264","targetHints":{"allow":["GET"]}}],"collection":[{"href":"https:\/\/www.instop.biz\/blog\/wp-json\/wp\/v2\/product"}],"about":[{"href":"https:\/\/www.instop.biz\/blog\/wp-json\/wp\/v2\/types\/product"}],"replies":[{"embeddable":true,"href":"https:\/\/www.instop.biz\/blog\/wp-json\/wp\/v2\/comments?post=4264"}],"wp:featuredmedia":[{"embeddable":true,"href":"https:\/\/www.instop.biz\/blog\/wp-json\/wp\/v2\/media\/4265"}],"wp:attachment":[{"href":"https:\/\/www.instop.biz\/blog\/wp-json\/wp\/v2\/media?parent=4264"}],"wp:term":[{"taxonomy":"product_brand","embeddable":true,"href":"https:\/\/www.instop.biz\/blog\/wp-json\/wp\/v2\/product_brand?post=4264"},{"taxonomy":"product_cat","embeddable":true,"href":"https:\/\/www.instop.biz\/blog\/wp-json\/wp\/v2\/product_cat?post=4264"},{"taxonomy":"product_tag","embeddable":true,"href":"https:\/\/www.instop.biz\/blog\/wp-json\/wp\/v2\/product_tag?post=4264"}],"curies":[{"name":"wp","href":"https:\/\/api.w.org\/{rel}","templated":true}]}}