{"id":4301,"date":"2024-10-04T11:22:06","date_gmt":"2024-10-04T11:22:06","guid":{"rendered":""},"modified":"2024-10-04T10:22:46","modified_gmt":"2024-10-04T09:22:46","slug":"na520-level-360","status":"publish","type":"product","link":"https:\/\/www.instop.biz\/blog\/producto\/na520-level-360\/","title":{"rendered":"NA520 Level 360\u00b0"},"content":{"rendered":"<p><strong>Exclusividad. Enfoque. Protecci\u00f3n.<\/strong><\/p>\n<p>Los profesionales se enfrentan a numerosos obst\u00e1culos en la obra. Sea cual sea la exigencia del trabajo, los niveles Leica NA500 la supera.<\/p>\n<ul>\n<li>Leica Geosystems conoce el sector de la construcci\u00f3n y proporciona niveles para todas las necesidades<\/li>\n<li>Para cualquier necesidad, b\u00e1sica o compleja, los niveles Leica le dan la respuesta<\/li>\n<li>Dise\u00f1o exclusivo y resultados de la m\u00e1s alta calidad para todas las necesidades de nivelado<\/li>\n<li>Estructura protegida para un agarre m\u00e1s ergon\u00f3mico, pero manteniendo los resultados de la m\u00e1s alta calidad<\/li>\n<li>Manejo sencillo para obtener mediciones r\u00e1pidas y precisas<\/li>\n<li>Fabricado para las obras m\u00e1s complejas y las condiciones m\u00e1s adversas IP56<\/li>\n<li>Expertos de Leica Geosystems en m\u00e1s de 270 centros de servicio en todo el mundo<\/li>\n<\/ul>\n<p>&nbsp;<\/p>\n<p><img decoding=\"async\" src=\"https:\/\/www.instop.es\/niveles-leica\/300\/NA300-600.jpg\" alt=\"\" \/><\/p>\n<p>&nbsp;<\/p>\n<p><strong>Niveles \u00f3pticos profesionales<\/strong><\/p>\n<p>&nbsp;<\/p>\n<p>Est\u00e1n dise\u00f1ados para el emplazamiento de la obra. Se instalan r\u00e1pidamente, son muy precisos y su rendimiento efectivo supera cualquier precio de la competencia.<\/p>\n<p>&nbsp;<\/p>\n<p><strong>DISE\u00d1O EXCLUSIVO<\/strong><\/p>\n<p>El dise\u00f1o \u00fanico del nivel autom\u00e1tico Leica NA300 puede satisfacer cualquier aplicaci\u00f3n del\u00a0campo de la construcci\u00f3n. Con una mejor protecci\u00f3n, este robusto nivel ofrece un mayor manejo ergon\u00f3mico garantizando al mismo tiempo los resultados de la m\u00e1s alta calidad y al mejor precio.<\/p>\n<p>&nbsp;<\/p>\n<p><strong>PRECISI\u00d3N<\/strong><\/p>\n<p>La gama de niveles Leica NA300 est\u00e1n especialmente dise\u00f1ados para las tareas diarias de nivelaci\u00f3n. Cualquiera que sea su necesidad,\u00a0estos niveles le proporcionan la mayor precisi\u00f3n y fiabilidad. Estos niveles autom\u00e1ticos ofrecen ergonom\u00eda y resistencia\u00a0para su uso diario en las condiciones m\u00e1s duras.<\/p>\n<p>&nbsp;<\/p>\n<p><strong>SENCILLEZ<\/strong><\/p>\n<p>Gracias a un espejo perfectamente dise\u00f1ado, es extremadamente f\u00e1cil ajustar el nivel horizontal con la mayor precisi\u00f3n y\u00a0fiabilidad posible. Los niveles de la gama Leica NA300 &#8211; junto con todos nuestros niveles \u00f3pticos autom\u00e1ticos &#8211; est\u00e1n concebidos\u00a0para su uso diario en cualquier obra.<\/p>\n<p>&nbsp;<\/p>\n<p><strong>PROTECCI\u00d3N<\/strong><\/p>\n<p>M\u00e1s de 270 Centros de Servicio de Leica Geosystems en todo el mundo le aseguran que Ud pueda trabajar\u00a0con la total tranquilidad, all\u00e1 donde quiera que se encuentre su obra, Leica Geosystems le ofrecer\u00e1 su servicio.\u00a0Adem\u00e1s la norma IP54 garantiza las mediciones de la m\u00e1s alta calidad, incluso en los entornos m\u00e1s dif\u00edciles.<\/p>\n<p>&nbsp;<\/p>\n<p><img decoding=\"async\" style=\"height: 535px; width: 700px;\" src=\"https:\/\/www.instop.es\/niveles-leica\/300\/ficha-tecnica.jpg\" alt=\"\" \/><\/p>\n<p>&nbsp;<\/p>\n<p>&nbsp;<\/p>\n","protected":false},"excerpt":{"rendered":"<p>Exclusividad. Enfoque. Protecci\u00f3n. Los profesionales se enfrentan a numerosos obst\u00e1culos en la obra. Sea cual sea la exigencia del trabajo, [&hellip;]<\/p>\n","protected":false},"featured_media":4302,"comment_status":"open","ping_status":"closed","template":"","meta":{"site-container-style":"default","site-container-layout":"default","site-sidebar-layout":"default","disable-article-header":"default","disable-site-header":"default","disable-site-footer":"default","disable-content-area-spacing":"default"},"product_brand":[],"product_cat":[9554],"product_tag":[],"class_list":{"0":"post-4301","1":"product","2":"type-product","3":"status-publish","4":"has-post-thumbnail","6":"product_cat-sin-categorizar","8":"first","9":"instock","10":"taxable","11":"shipping-taxable","12":"product-type-simple"},"aioseo_notices":[],"_links":{"self":[{"href":"https:\/\/www.instop.biz\/blog\/wp-json\/wp\/v2\/product\/4301","targetHints":{"allow":["GET"]}}],"collection":[{"href":"https:\/\/www.instop.biz\/blog\/wp-json\/wp\/v2\/product"}],"about":[{"href":"https:\/\/www.instop.biz\/blog\/wp-json\/wp\/v2\/types\/product"}],"replies":[{"embeddable":true,"href":"https:\/\/www.instop.biz\/blog\/wp-json\/wp\/v2\/comments?post=4301"}],"wp:featuredmedia":[{"embeddable":true,"href":"https:\/\/www.instop.biz\/blog\/wp-json\/wp\/v2\/media\/4302"}],"wp:attachment":[{"href":"https:\/\/www.instop.biz\/blog\/wp-json\/wp\/v2\/media?parent=4301"}],"wp:term":[{"taxonomy":"product_brand","embeddable":true,"href":"https:\/\/www.instop.biz\/blog\/wp-json\/wp\/v2\/product_brand?post=4301"},{"taxonomy":"product_cat","embeddable":true,"href":"https:\/\/www.instop.biz\/blog\/wp-json\/wp\/v2\/product_cat?post=4301"},{"taxonomy":"product_tag","embeddable":true,"href":"https:\/\/www.instop.biz\/blog\/wp-json\/wp\/v2\/product_tag?post=4301"}],"curies":[{"name":"wp","href":"https:\/\/api.w.org\/{rel}","templated":true}]}}