{"id":4307,"date":"2024-10-04T11:30:52","date_gmt":"2024-10-04T11:30:52","guid":{"rendered":"https:\/\/www.instop.biz\/blog\/producto\/mdt-estandar-topografaa-v9-0\/"},"modified":"2024-10-04T10:32:02","modified_gmt":"2024-10-04T09:32:02","slug":"mdt-estandar-topografaa-v9-0","status":"publish","type":"product","link":"https:\/\/www.instop.biz\/blog\/producto\/mdt-estandar-topografaa-v9-0\/","title":{"rendered":"MDT Est\u00c3\u00a1ndar + Topograf\u00c3\u00ada V9.0"},"content":{"rendered":"<p>&nbsp;<\/p>\n<p>Permite modelar un terreno utilizando datos obtenidos de estaciones totales, receptores GNSS, importando archivos o conectando con servicios web. Dispone de opciones para la generaci\u00f3n de curvas de nivel, dibujo de perfiles longitudinales y transversales, c\u00e1lculo de vol\u00famenes, visualizaci\u00f3n 3D, mapas de pendientes, importaci\u00f3n y exportaci\u00f3n GIS, etc. Contiene comandos para el trabajo con parcelas y m\u00faltiples utilidades adicionales.<\/p>\n<p>&nbsp;<\/p>\n<p><img decoding=\"async\" src=\"https:\/\/www.instop.es\/software\/aplitop-tcp-v85\/aplicaciones-profesional.jpg\" alt=\"\" width=\"756\" \/><\/p>\n<p>&nbsp;<\/p>\n<p><strong>SOLUCIONES<br \/>\nExplora c\u00f3mo se utilizan nuestras aplicaciones en tu sector o industria.<\/strong><\/p>\n<p><strong>Drones y fotogrametr\u00eda<\/strong><br \/>\nNuestra gama de productos comprende desde la generaci\u00f3n de productos geom\u00e1ticos a partir de fotograf\u00edas capturadas por drones hasta la restituci\u00f3n fotogram\u00e9trica<\/p>\n<p><img decoding=\"async\" src=\"https:\/\/www.instop.es\/software\/mdt\/6_0Topografia\/dron.jpg\" alt=\"\" width=\"275\" \/><br \/>\n<strong>BIM<\/strong><br \/>\nLa introducci\u00f3n progresiva del BIM en la construcci\u00f3n est\u00e1 originando profundos cambios en la metodolog\u00eda de trabajo, las aplicaciones empleadas y los intercambios de informaci\u00f3n entre los agentes que intervienen en los proyectos. Si bien en los proyectos de edificaci\u00f3n hay un razonable nivel de interoperabilidad entre aplicaciones mediante el formato IFC, los datos empleados habitualmente en proyectos topogr\u00e1ficos no suelen ser bien gestionados por las aplicaciones BIM m\u00e1s conocidas. APLITOP orienta a sus usuarios de forma que no tengan porqu\u00e9 cambiar sus m\u00e9todos y herramientas, sino tan solo adaptarlas para integrarse f\u00e1cilmente en flujos de trabajo de proyectos BIM.<\/p>\n<p><img decoding=\"async\" src=\"https:\/\/www.instop.es\/software\/mdt\/6_0Topografia\/bim.jpg\" alt=\"\" width=\"275\" \/><\/p>\n<p>&nbsp;<\/p>\n<p>GIS<br \/>\nNuestros productos permiten emplear la informaci\u00f3n geogr\u00e1fica de servicios web y datos abiertos, y generan resultados que pueden ser f\u00e1cilmente integrados en GIS corporativos.<\/p>\n<p><img decoding=\"async\" src=\"https:\/\/www.instop.es\/software\/mdt\/6_0Topografia\/gis.jpg\" alt=\"\" width=\"275\" \/><\/p>\n<p>Topograf\u00eda y geodesia<br \/>\nNuestras aplicaciones hacen muy f\u00e1cil realizar levantamientos con GPS y estaci\u00f3n total, y tambi\u00e9n la compensaci\u00f3n de poligonales y transformaciones de sistemas de coordenadas.<br \/>\n<img decoding=\"async\" src=\"https:\/\/www.instop.es\/software\/aplitop-tcp-v85\/medioambiente.jpg\" alt=\"\" width=\"275\" \/><\/p>\n<p><strong>Edificaci\u00f3n y urbanizaci\u00f3n<\/strong><br \/>\nAdem\u00e1s de las herramientas para el modelado de terrenos, nuestro software facilita la subdivisi\u00f3n de parcelas, el dise\u00f1o de viales de urbanizaciones, la integraci\u00f3n con BIM y mucho m\u00e1s.<\/p>\n<p><img decoding=\"async\" src=\"https:\/\/www.instop.es\/software\/mdt\/6_0Topografia\/edificacion.jpg\" alt=\"\" width=\"275\" \/><\/p>\n<p><strong>Canteras y miner\u00eda<\/strong><br \/>\nDisponemos de soluciones para cubrir las necesidades de todo tipo de explotaciones de canteras y minas, tanto a cielo abierto como subterr\u00e1neas.<\/p>\n<p><img decoding=\"async\" src=\"https:\/\/www.instop.es\/software\/mdt\/6_0Topografia\/canteras.jpg\" alt=\"\" width=\"275\" \/><\/p>\n<p><strong>Medio ambiente<\/strong><br \/>\nLos datos de origen pueden ser levantamientos, cartograf\u00eda, modelos de elevaci\u00f3n aportados por Sistemas de Informaci\u00f3n Geogr\u00e1fica o incluso nubes de puntos.<\/p>\n<p><img decoding=\"async\" src=\"https:\/\/www.instop.es\/software\/mdt\/6_0Topografia\/medioambiente.png\" alt=\"\" width=\"275\" \/><\/p>\n<p>&nbsp;<\/p>\n<p><strong>Catastro<\/strong><br \/>\nCon nuestras aplicaciones de campo se realizan levantamientos de parcelas usando estaci\u00f3n total o receptor GNSS, y con las de escritorio se dise\u00f1an las parcelaciones y se integran con GIS y servicios web de mapas.<br \/>\n<img decoding=\"async\" src=\"https:\/\/www.instop.es\/software\/mdt\/6_0Topografia\/catastro.jpg\" alt=\"\" width=\"275\" \/><\/p>\n<p><strong>Agua y energ\u00eda<\/strong><br \/>\nSoluciones para simplificar el trabajo de las oficinas t\u00e9cnicas de empresas p\u00fablicas o privadas de abastecimiento de aguas, saneamiento, gas, electricidad, telecomunicaciones, etc.<\/p>\n<p><img decoding=\"async\" src=\"https:\/\/www.instop.es\/software\/mdt\/6_0Topografia\/energ\u00c3\u00ada.jpg\" alt=\"\" width=\"275\" \/><\/p>\n<p><strong>Administraci\u00f3n p\u00fablica<\/strong><br \/>\nNuestras aplicaciones son usadas por t\u00e9cnicos de todo tipo de administraciones nacionales, regionales y locales, as\u00ed como los departamentos de planificaci\u00f3n urbana, obras p\u00fablicas, transportes, agua y saneamiento, energ\u00eda, etc.<\/p>\n<p><img decoding=\"async\" src=\"https:\/\/www.instop.es\/software\/mdt\/6_0Topografia\/topograf\u00c3\u00ada.jpg\" alt=\"\" width=\"275\" \/><\/p>\n<p>&nbsp;<\/p>\n","protected":false},"excerpt":{"rendered":"<p>&nbsp; Permite modelar un terreno utilizando datos obtenidos de estaciones totales, receptores GNSS, importando archivos o conectando con servicios web. [&hellip;]<\/p>\n","protected":false},"featured_media":4308,"comment_status":"open","ping_status":"closed","template":"","meta":{"site-container-style":"default","site-container-layout":"default","site-sidebar-layout":"default","disable-article-header":"default","disable-site-header":"default","disable-site-footer":"default","disable-content-area-spacing":"default"},"product_brand":[],"product_cat":[9554],"product_tag":[],"class_list":{"0":"post-4307","1":"product","2":"type-product","3":"status-publish","4":"has-post-thumbnail","6":"product_cat-sin-categorizar","8":"first","9":"outofstock","10":"taxable","11":"shipping-taxable","12":"product-type-simple"},"aioseo_notices":[],"_links":{"self":[{"href":"https:\/\/www.instop.biz\/blog\/wp-json\/wp\/v2\/product\/4307","targetHints":{"allow":["GET"]}}],"collection":[{"href":"https:\/\/www.instop.biz\/blog\/wp-json\/wp\/v2\/product"}],"about":[{"href":"https:\/\/www.instop.biz\/blog\/wp-json\/wp\/v2\/types\/product"}],"replies":[{"embeddable":true,"href":"https:\/\/www.instop.biz\/blog\/wp-json\/wp\/v2\/comments?post=4307"}],"wp:featuredmedia":[{"embeddable":true,"href":"https:\/\/www.instop.biz\/blog\/wp-json\/wp\/v2\/media\/4308"}],"wp:attachment":[{"href":"https:\/\/www.instop.biz\/blog\/wp-json\/wp\/v2\/media?parent=4307"}],"wp:term":[{"taxonomy":"product_brand","embeddable":true,"href":"https:\/\/www.instop.biz\/blog\/wp-json\/wp\/v2\/product_brand?post=4307"},{"taxonomy":"product_cat","embeddable":true,"href":"https:\/\/www.instop.biz\/blog\/wp-json\/wp\/v2\/product_cat?post=4307"},{"taxonomy":"product_tag","embeddable":true,"href":"https:\/\/www.instop.biz\/blog\/wp-json\/wp\/v2\/product_tag?post=4307"}],"curies":[{"name":"wp","href":"https:\/\/api.w.org\/{rel}","templated":true}]}}