{"id":4309,"date":"2024-10-04T12:05:27","date_gmt":"2024-10-04T12:05:27","guid":{"rendered":""},"modified":"2024-10-04T11:06:42","modified_gmt":"2024-10-04T10:06:42","slug":"leica-icon-icr80-estacion-total-robotizada","status":"publish","type":"product","link":"https:\/\/www.instop.biz\/blog\/producto\/leica-icon-icr80-estacion-total-robotizada\/","title":{"rendered":"Leica iCON iCR80 estaci\u00f3n total robotizada"},"content":{"rendered":"<p>Las estaciones totales robotizadas Leica iCON iCR70 y iCR80 son las soluciones para replanteo, manejadas por un solo operador, m\u00e1s productivas que existen en el mercado de la construcci\u00f3n. Esta soluci\u00f3n intuitiva, ofrece una b\u00fasqueda de prisma r\u00e1pida, as\u00ed como un centrado y seguimiento del prisma \u00fanicos y, adem\u00e1s, proporciona una rutina de estacionamiento automatizada extremadamente sencilla y fiable.<\/p>\n<p>&nbsp;<\/p>\n<p><img decoding=\"async\" style=\"height: 599px; width: 900px;\" src=\"https:\/\/www.instop.es\/ICON\/icr80\/-Leica-iCR80-GC-Layout-2-150dpi-RGB.jpg\" alt=\"\" \/><\/p>\n<p>&nbsp;<\/p>\n<p>Gracias a la alt\u00edsima fiabilidad del seguimiento del prisma, nunca perder\u00e1 su contacto. Con la aplicaci\u00f3n de objetos de dise\u00f1o en iCON Build, que se encuentra integrada en la soluci\u00f3n, los usuarios disfrutan de un manejo \u00fanico de modelos de dise\u00f1o 3D completamente renderizados en el campo, que incluyen la creaci\u00f3n flexible de listas de replanteo, para gestionar de forma eficiente el progreso del trabajo.<\/p>\n<p>&nbsp;<\/p>\n<p><img decoding=\"async\" style=\"height: 599px; width: 900px;\" src=\"https:\/\/www.instop.es\/ICON\/icr80\/Leica-iCR8-GC-Coding.jpg\" alt=\"\" \/><\/p>\n<p>&nbsp;<\/p>\n<h3>Logre replantear m\u00e1s puntos durante todo el d\u00eda y todos los d\u00edas<\/h3>\n<p><strong>Trabaje m\u00e1s r\u00e1pido:<\/strong> Replantee m\u00e1s puntos al d\u00eda gracias al centrado y b\u00fasqueda de prisma m\u00e1s robustos del mercado, apoyado por nuestro sencillo y conocido software de campo Leica iCON .<\/p>\n<p><strong>Mantenga la flexibilidad: <\/strong>Cree listas de puntos de replanteo con una flexibilidad extrema gracias a un manejo \u00fanico de modelos<br \/>\nde dise\u00f1o 3D completamente renderizados en formato .IFC.<\/p>\n<p><strong>Estacionamiento automatizado:<\/strong> Mantenga la seguridad gracias a una aplicaci\u00f3n de estacionamiento altamente fiable, sencilla y completamente automatizada. El estacionamiento correcto se notifica de forma visual y se controla de forma constante durante<br \/>\nla jornada de trabajo.<\/p>\n<p><strong>Control de maquinaria: <\/strong>El Leica iCON iCR80 se ha dise\u00f1ado para controlar de forma eficiente una amplia variedad de m\u00e1quinas de construcci\u00f3n, como fresadoras, extendedoras de asfalto u hormig\u00f3n, niveladoras y excavadoras.<\/p>\n<p>&nbsp;<\/p>\n","protected":false},"excerpt":{"rendered":"<p>Las estaciones totales robotizadas Leica iCON iCR70 y iCR80 son las soluciones para replanteo, manejadas por un solo operador, m\u00e1s [&hellip;]<\/p>\n","protected":false},"featured_media":4310,"comment_status":"open","ping_status":"closed","template":"","meta":{"site-container-style":"default","site-container-layout":"default","site-sidebar-layout":"default","disable-article-header":"default","disable-site-header":"default","disable-site-footer":"default","disable-content-area-spacing":"default"},"product_brand":[],"product_cat":[9554],"product_tag":[],"class_list":{"0":"post-4309","1":"product","2":"type-product","3":"status-publish","4":"has-post-thumbnail","6":"product_cat-sin-categorizar","8":"first","9":"outofstock","10":"taxable","11":"shipping-taxable","12":"product-type-simple"},"aioseo_notices":[],"_links":{"self":[{"href":"https:\/\/www.instop.biz\/blog\/wp-json\/wp\/v2\/product\/4309","targetHints":{"allow":["GET"]}}],"collection":[{"href":"https:\/\/www.instop.biz\/blog\/wp-json\/wp\/v2\/product"}],"about":[{"href":"https:\/\/www.instop.biz\/blog\/wp-json\/wp\/v2\/types\/product"}],"replies":[{"embeddable":true,"href":"https:\/\/www.instop.biz\/blog\/wp-json\/wp\/v2\/comments?post=4309"}],"wp:featuredmedia":[{"embeddable":true,"href":"https:\/\/www.instop.biz\/blog\/wp-json\/wp\/v2\/media\/4310"}],"wp:attachment":[{"href":"https:\/\/www.instop.biz\/blog\/wp-json\/wp\/v2\/media?parent=4309"}],"wp:term":[{"taxonomy":"product_brand","embeddable":true,"href":"https:\/\/www.instop.biz\/blog\/wp-json\/wp\/v2\/product_brand?post=4309"},{"taxonomy":"product_cat","embeddable":true,"href":"https:\/\/www.instop.biz\/blog\/wp-json\/wp\/v2\/product_cat?post=4309"},{"taxonomy":"product_tag","embeddable":true,"href":"https:\/\/www.instop.biz\/blog\/wp-json\/wp\/v2\/product_tag?post=4309"}],"curies":[{"name":"wp","href":"https:\/\/api.w.org\/{rel}","templated":true}]}}