{"id":4385,"date":"2024-10-08T10:51:59","date_gmt":"2024-10-08T10:51:59","guid":{"rendered":""},"modified":"2024-10-08T09:52:45","modified_gmt":"2024-10-08T08:52:45","slug":"geb334-bateria-ion-litio-recargable-10-8v-3450mah","status":"publish","type":"product","link":"https:\/\/www.instop.biz\/blog\/producto\/geb334-bateria-ion-litio-recargable-10-8v-3450mah\/","title":{"rendered":"GEB334 Bater\u00eda Ion Litio recargable 10.8V\/3450mAh"},"content":{"rendered":"<p>Leica Geosystems ha introducido un nuevo conjunto de bater\u00edas internas de iones de litio que se utilizan en el controlador de campo Leica Geosystems, antenas GNSS, estaciones totales manuales, niveles digitales y esc\u00e1ner l\u00e1ser. Las nuevas bater\u00edas, GEB334 y GEB364, requieren una versi\u00f3n de firmware especial en el instrumento para funcionar.<\/p>\n<p>A continuaci\u00f3n se muestra la lista de productos Leica Geosystems afectados. Si posee uno de estos productos y ha comprado una bater\u00eda GEB334 o GEB364, aseg\u00farese de haber instalado la \u00faltima versi\u00f3n del software en su instrumento antes de usar la bater\u00eda nueva. A continuaci\u00f3n, puede encontrar los enlaces espec\u00edficos del producto al portal myWorld, donde se pueden descargar e instalar los diferentes firmware.<\/p>\n","protected":false},"excerpt":{"rendered":"<p>Leica Geosystems ha introducido un nuevo conjunto de bater\u00edas internas de iones de litio que se utilizan en el controlador [&hellip;]<\/p>\n","protected":false},"featured_media":4386,"comment_status":"open","ping_status":"closed","template":"","meta":{"site-container-style":"default","site-container-layout":"default","site-sidebar-layout":"default","disable-article-header":"default","disable-site-header":"default","disable-site-footer":"default","disable-content-area-spacing":"default"},"product_brand":[],"product_cat":[9597],"product_tag":[],"class_list":{"0":"post-4385","1":"product","2":"type-product","3":"status-publish","4":"has-post-thumbnail","6":"product_cat-accesorios-para-escaneres-3d-2","8":"first","9":"instock","10":"taxable","11":"shipping-taxable","12":"product-type-simple"},"aioseo_notices":[],"_links":{"self":[{"href":"https:\/\/www.instop.biz\/blog\/wp-json\/wp\/v2\/product\/4385","targetHints":{"allow":["GET"]}}],"collection":[{"href":"https:\/\/www.instop.biz\/blog\/wp-json\/wp\/v2\/product"}],"about":[{"href":"https:\/\/www.instop.biz\/blog\/wp-json\/wp\/v2\/types\/product"}],"replies":[{"embeddable":true,"href":"https:\/\/www.instop.biz\/blog\/wp-json\/wp\/v2\/comments?post=4385"}],"wp:featuredmedia":[{"embeddable":true,"href":"https:\/\/www.instop.biz\/blog\/wp-json\/wp\/v2\/media\/4386"}],"wp:attachment":[{"href":"https:\/\/www.instop.biz\/blog\/wp-json\/wp\/v2\/media?parent=4385"}],"wp:term":[{"taxonomy":"product_brand","embeddable":true,"href":"https:\/\/www.instop.biz\/blog\/wp-json\/wp\/v2\/product_brand?post=4385"},{"taxonomy":"product_cat","embeddable":true,"href":"https:\/\/www.instop.biz\/blog\/wp-json\/wp\/v2\/product_cat?post=4385"},{"taxonomy":"product_tag","embeddable":true,"href":"https:\/\/www.instop.biz\/blog\/wp-json\/wp\/v2\/product_tag?post=4385"}],"curies":[{"name":"wp","href":"https:\/\/api.w.org\/{rel}","templated":true}]}}