{"id":4409,"date":"2024-10-08T11:14:33","date_gmt":"2024-10-08T11:14:33","guid":{"rendered":""},"modified":"2024-10-08T10:24:29","modified_gmt":"2024-10-08T09:24:29","slug":"tripode-de-manivela-para-escaner-laser-para-pozos-sin-adaptador-a-escaner","status":"publish","type":"product","link":"https:\/\/www.instop.biz\/blog\/producto\/tripode-de-manivela-para-escaner-laser-para-pozos-sin-adaptador-a-escaner\/","title":{"rendered":"Tr\u00edpode de manivela para esc\u00e1ner l\u00e1ser (para pozos)\r\n* (SIN ADAPTADOR A ESCANER)"},"content":{"rendered":"<p>Suministro:<\/p>\n<ul>\n<li>Tr\u00edpode de manivela, con columna de cremallera inicial<\/li>\n<li>4 columnas de cremallera de 1metro de largo, incluidas en una bolsa<\/li>\n<li>Llave Allen tama\u00f1o punta n\u00ba 5<\/li>\n<li>Soporte magn\u00e9tico para puntas para un destornillador de bater\u00eda<\/li>\n<li>Manivela con soporte magn\u00e9tico de puntas<\/li>\n<\/ul>\n","protected":false},"excerpt":{"rendered":"<p>Suministro: Tr\u00edpode de manivela, con columna de cremallera inicial 4 columnas de cremallera de 1metro de largo, incluidas en una [&hellip;]<\/p>\n","protected":false},"featured_media":4410,"comment_status":"open","ping_status":"closed","template":"","meta":{"site-container-style":"default","site-container-layout":"default","site-sidebar-layout":"default","disable-article-header":"default","disable-site-header":"default","disable-site-footer":"default","disable-content-area-spacing":"default"},"product_brand":[],"product_cat":[9597],"product_tag":[],"class_list":{"0":"post-4409","1":"product","2":"type-product","3":"status-publish","4":"has-post-thumbnail","6":"product_cat-accesorios-para-escaneres-3d-2","8":"first","9":"instock","10":"taxable","11":"shipping-taxable","12":"product-type-simple"},"aioseo_notices":[],"_links":{"self":[{"href":"https:\/\/www.instop.biz\/blog\/wp-json\/wp\/v2\/product\/4409","targetHints":{"allow":["GET"]}}],"collection":[{"href":"https:\/\/www.instop.biz\/blog\/wp-json\/wp\/v2\/product"}],"about":[{"href":"https:\/\/www.instop.biz\/blog\/wp-json\/wp\/v2\/types\/product"}],"replies":[{"embeddable":true,"href":"https:\/\/www.instop.biz\/blog\/wp-json\/wp\/v2\/comments?post=4409"}],"wp:featuredmedia":[{"embeddable":true,"href":"https:\/\/www.instop.biz\/blog\/wp-json\/wp\/v2\/media\/4410"}],"wp:attachment":[{"href":"https:\/\/www.instop.biz\/blog\/wp-json\/wp\/v2\/media?parent=4409"}],"wp:term":[{"taxonomy":"product_brand","embeddable":true,"href":"https:\/\/www.instop.biz\/blog\/wp-json\/wp\/v2\/product_brand?post=4409"},{"taxonomy":"product_cat","embeddable":true,"href":"https:\/\/www.instop.biz\/blog\/wp-json\/wp\/v2\/product_cat?post=4409"},{"taxonomy":"product_tag","embeddable":true,"href":"https:\/\/www.instop.biz\/blog\/wp-json\/wp\/v2\/product_tag?post=4409"}],"curies":[{"name":"wp","href":"https:\/\/api.w.org\/{rel}","templated":true}]}}