{"id":4411,"date":"2024-10-08T11:15:56","date_gmt":"2024-10-08T11:15:56","guid":{"rendered":"https:\/\/www.instop.biz\/blog\/producto\/tripode-leica-cet103-de-aluminio-multifuncion\/"},"modified":"2025-06-06T17:47:31","modified_gmt":"2025-06-06T16:47:31","slug":"tripode-leica-cet103-de-aluminio-multifuncion","status":"publish","type":"product","link":"https:\/\/www.instop.biz\/blog\/producto\/tripode-leica-cet103-de-aluminio-multifuncion\/","title":{"rendered":"Tr\u00edpode Leica CET103 de aluminio multifunci\u00f3n"},"content":{"rendered":"<p>CET103, tr\u00edpode de aluminio multifuncional con columna elevadora, cinta transporte, anclajes r\u00e1pidos y nivel de burbuja. Altura min de trabajo 84 cm, m\u00e1x. extensi\u00f3n 246 cm (incl. Columna centro extensible), con escala mm y puntas intercambiables de goma.<\/p>\n","protected":false},"excerpt":{"rendered":"<p>CET103, tr\u00edpode de aluminio multifuncional con columna elevadora, cinta transporte, anclajes r\u00e1pidos y nivel de burbuja. Altura min de trabajo [&hellip;]<\/p>\n","protected":false},"featured_media":4412,"comment_status":"open","ping_status":"closed","template":"","meta":{"site-container-style":"default","site-container-layout":"default","site-sidebar-layout":"default","disable-article-header":"default","disable-site-header":"default","disable-site-footer":"default","disable-content-area-spacing":"default"},"product_brand":[],"product_cat":[9597],"product_tag":[],"class_list":{"0":"post-4411","1":"product","2":"type-product","3":"status-publish","4":"has-post-thumbnail","6":"product_cat-accesorios-para-escaneres-3d-2","8":"first","9":"outofstock","10":"taxable","11":"shipping-taxable","12":"product-type-simple"},"aioseo_notices":[],"_links":{"self":[{"href":"https:\/\/www.instop.biz\/blog\/wp-json\/wp\/v2\/product\/4411","targetHints":{"allow":["GET"]}}],"collection":[{"href":"https:\/\/www.instop.biz\/blog\/wp-json\/wp\/v2\/product"}],"about":[{"href":"https:\/\/www.instop.biz\/blog\/wp-json\/wp\/v2\/types\/product"}],"replies":[{"embeddable":true,"href":"https:\/\/www.instop.biz\/blog\/wp-json\/wp\/v2\/comments?post=4411"}],"wp:featuredmedia":[{"embeddable":true,"href":"https:\/\/www.instop.biz\/blog\/wp-json\/wp\/v2\/media\/4412"}],"wp:attachment":[{"href":"https:\/\/www.instop.biz\/blog\/wp-json\/wp\/v2\/media?parent=4411"}],"wp:term":[{"taxonomy":"product_brand","embeddable":true,"href":"https:\/\/www.instop.biz\/blog\/wp-json\/wp\/v2\/product_brand?post=4411"},{"taxonomy":"product_cat","embeddable":true,"href":"https:\/\/www.instop.biz\/blog\/wp-json\/wp\/v2\/product_cat?post=4411"},{"taxonomy":"product_tag","embeddable":true,"href":"https:\/\/www.instop.biz\/blog\/wp-json\/wp\/v2\/product_tag?post=4411"}],"curies":[{"name":"wp","href":"https:\/\/api.w.org\/{rel}","templated":true}]}}